{"id":132358,"date":"2025-07-31T00:23:11","date_gmt":"2025-07-30T22:23:11","guid":{"rendered":"https:\/\/www.budream.com\/shop\/davinci-cargador-de-capsulas-dosificadoras-serie-miqro-accesorio\/"},"modified":"2025-12-23T21:24:48","modified_gmt":"2025-12-23T19:24:48","slug":"davinci-cargador-de-capsulas-dosificadoras-serie-miqro-accesorio","status":"publish","type":"product","link":"https:\/\/www.budream.com\/es\/shop\/davinci-cargador-de-capsulas-dosificadoras-serie-miqro-accesorio\/","title":{"rendered":"DAVINCI &#8211; CARGADOR DE C\u00c1PSULAS DOSIFICADORAS SERIE MIQRO | ACCESORIO"},"content":{"rendered":"<p><strong>La dosificaci\u00f3n perfecta nunca ha sido tan f\u00e1cil. <\/strong><\/p>\n<p>Lleve c\u00f3modamente hasta seis c\u00e1psulas dosificadoras sobre la marcha con el soporte de la serie Miqro. <br \/>Fabricado en aluminio anodizado y equipado con una herramienta adicional para extraer las c\u00e1psulas calientes, estar\u00e1 listo para el d\u00eda con c\u00e1psulas a cuestas.<\/p>\n<p><span data-contrast=\"none\">Combina las c\u00e1psulas con el DaVinci Extract Kit para hacer que tu dispositivo de la serie MIQRO sea de doble uso con concentrados y aceites<\/span><span data-ccp-props=\"{\">. <\/span><\/p>\n<p><span style=\"text-decoration: underline\"><b><strong>Qu\u00e9 hay en la caja:<\/strong><\/b><\/span><\/p>\n<ul style=\"list-style-type: disc\">\n<li>1 Portac\u00e1psulas Dosificador MIQRO Series<\/li>\n<\/ul>\n<p><strong> * Las c\u00e1psulas dosificadoras se venden por separado<\/strong><\/p>\n","protected":false},"excerpt":{"rendered":"<p>La dosificaci\u00f3n perfecta nunca ha sido tan f\u00e1cil. Lleve c\u00f3modamente hasta seis c\u00e1psulas dosificadoras sobre la marcha con el soporte<\/p>\n","protected":false},"featured_media":132344,"comment_status":"open","ping_status":"closed","template":"","meta":[],"product_brand":[],"product_cat":[7908],"product_tag":[],"class_list":{"0":"post-132358","1":"product","2":"type-product","3":"status-publish","4":"has-post-thumbnail","6":"product_cat-vaporizadores","8":"first","9":"instock","10":"sale","11":"taxable","12":"shipping-taxable","13":"purchasable","14":"product-type-simple"},"aioseo_notices":[],"_links":{"self":[{"href":"https:\/\/www.budream.com\/es\/wp-json\/wp\/v2\/product\/132358","targetHints":{"allow":["GET"]}}],"collection":[{"href":"https:\/\/www.budream.com\/es\/wp-json\/wp\/v2\/product"}],"about":[{"href":"https:\/\/www.budream.com\/es\/wp-json\/wp\/v2\/types\/product"}],"replies":[{"embeddable":true,"href":"https:\/\/www.budream.com\/es\/wp-json\/wp\/v2\/comments?post=132358"}],"version-history":[{"count":0,"href":"https:\/\/www.budream.com\/es\/wp-json\/wp\/v2\/product\/132358\/revisions"}],"wp:featuredmedia":[{"embeddable":true,"href":"https:\/\/www.budream.com\/es\/wp-json\/wp\/v2\/media\/132344"}],"wp:attachment":[{"href":"https:\/\/www.budream.com\/es\/wp-json\/wp\/v2\/media?parent=132358"}],"wp:term":[{"taxonomy":"product_brand","embeddable":true,"href":"https:\/\/www.budream.com\/es\/wp-json\/wp\/v2\/product_brand?post=132358"},{"taxonomy":"product_cat","embeddable":true,"href":"https:\/\/www.budream.com\/es\/wp-json\/wp\/v2\/product_cat?post=132358"},{"taxonomy":"product_tag","embeddable":true,"href":"https:\/\/www.budream.com\/es\/wp-json\/wp\/v2\/product_tag?post=132358"}],"curies":[{"name":"wp","href":"https:\/\/api.w.org\/{rel}","templated":true}]}}