{"id":132403,"date":"2025-07-31T00:24:19","date_gmt":"2025-07-30T22:24:19","guid":{"rendered":"https:\/\/www.budream.com\/shop\/groove-bong-tubo-redondo-h-18cm\/"},"modified":"2026-05-13T16:19:37","modified_gmt":"2026-05-13T14:19:37","slug":"groove-bong-tubo-redondo-h-18cm","status":"publish","type":"product","link":"https:\/\/www.budream.com\/es\/shop\/groove-bong-tubo-redondo-h-18cm\/","title":{"rendered":"GROOVE &#8211; BONG TUBO REDONDO | h.18cm"},"content":{"rendered":"<p><span data-contrast=\"none\">Productos de cristal, funcionales y fiables, <strong>la l\u00ednea Groove Glass<\/strong> est\u00e1 fabricada con materiales de alta calidad y un aspecto limpio y cl\u00e1sico. El cristal transparente con detalles en negro hace que estos productos sean atemporales y est\u00e9n de moda <\/span><span data-ccp-props=\"{\">. <\/span><\/p>\n<p><span data-contrast=\"none\">Experimente con la pipa de agua Groove Round Tube. Dise\u00f1ada con conexiones de vidrio esmerilado y dotada de un brasero de 14 mm con una altura total de 18 cm, la Round Tube Bong ofrece una experiencia suave e impresionante <\/span><span data-ccp-props=\"{\">. <\/span><\/p>\n<h2><span style=\"font-size: 14pt\"><strong><span style=\"text-decoration: underline\">Caracter\u00edsticas de Round Tube:<\/span><\/strong><\/span><\/h2>\n<ul style=\"list-style-type: disc\">\n<li data-mce-fragment=\"1\" data-aria-level=\"1\" data-aria-posinset=\"1\" data-list-defn-props=\"{\" data-listid=\"1\" data-font=\"Symbol\" data-leveltext=\"\uf0b7\"><span data-mce-fragment=\"1\" data-contrast=\"none\">Cristal transparente con detalles en <\/span><span data-mce-fragment=\"1\" data-ccp-props=\"{\"> negro <\/span><\/li>\n<li data-mce-fragment=\"1\" data-aria-level=\"1\" data-aria-posinset=\"2\" data-list-defn-props=\"{\" data-listid=\"1\" data-font=\"Symbol\" data-leveltext=\"\uf0b7\"><span data-mce-fragment=\"1\" data-contrast=\"none\">Conexiones de vidrio <\/span><span data-mce-fragment=\"1\" data-ccp-props=\"{\"> esmerilado <\/span><\/li>\n<li data-mce-fragment=\"1\" data-aria-level=\"1\" data-aria-posinset=\"3\" data-list-defn-props=\"{\" data-listid=\"1\" data-font=\"Symbol\" data-leveltext=\"\uf0b7\"><span data-mce-fragment=\"1\" data-contrast=\"none\">Incluye brasero de 14 mm<\/span><\/li>\n<li data-mce-fragment=\"1\" data-aria-level=\"1\" data-aria-posinset=\"4\" data-list-defn-props=\"{\" data-listid=\"1\" data-font=\"Symbol\" data-leveltext=\"\uf0b7\"><span data-mce-fragment=\"1\" data-contrast=\"none\">Altura<\/span><span data-mce-fragment=\"1\" data-ccp-props=\"{\"> total<\/span><span data-mce-fragment=\"1\" data-contrast=\"none\">de 18 cent\u00edmetros<\/span><\/li>\n<\/ul>\n","protected":false},"excerpt":{"rendered":"<p>Productos de cristal, funcionales y fiables, la l\u00ednea Groove Glass est\u00e1 fabricada con materiales de alta calidad y un aspecto<\/p>\n","protected":false},"featured_media":132379,"comment_status":"open","ping_status":"closed","template":"","meta":[],"product_brand":[],"product_cat":[7948],"product_tag":[],"class_list":{"0":"post-132403","1":"product","2":"type-product","3":"status-publish","4":"has-post-thumbnail","6":"product_cat-headshop-es","8":"first","9":"instock","10":"taxable","11":"shipping-taxable","12":"purchasable","13":"product-type-simple"},"aioseo_notices":[],"_links":{"self":[{"href":"https:\/\/www.budream.com\/es\/wp-json\/wp\/v2\/product\/132403","targetHints":{"allow":["GET"]}}],"collection":[{"href":"https:\/\/www.budream.com\/es\/wp-json\/wp\/v2\/product"}],"about":[{"href":"https:\/\/www.budream.com\/es\/wp-json\/wp\/v2\/types\/product"}],"replies":[{"embeddable":true,"href":"https:\/\/www.budream.com\/es\/wp-json\/wp\/v2\/comments?post=132403"}],"version-history":[{"count":1,"href":"https:\/\/www.budream.com\/es\/wp-json\/wp\/v2\/product\/132403\/revisions"}],"predecessor-version":[{"id":270614,"href":"https:\/\/www.budream.com\/es\/wp-json\/wp\/v2\/product\/132403\/revisions\/270614"}],"wp:featuredmedia":[{"embeddable":true,"href":"https:\/\/www.budream.com\/es\/wp-json\/wp\/v2\/media\/132379"}],"wp:attachment":[{"href":"https:\/\/www.budream.com\/es\/wp-json\/wp\/v2\/media?parent=132403"}],"wp:term":[{"taxonomy":"product_brand","embeddable":true,"href":"https:\/\/www.budream.com\/es\/wp-json\/wp\/v2\/product_brand?post=132403"},{"taxonomy":"product_cat","embeddable":true,"href":"https:\/\/www.budream.com\/es\/wp-json\/wp\/v2\/product_cat?post=132403"},{"taxonomy":"product_tag","embeddable":true,"href":"https:\/\/www.budream.com\/es\/wp-json\/wp\/v2\/product_tag?post=132403"}],"curies":[{"name":"wp","href":"https:\/\/api.w.org\/{rel}","templated":true}]}}