{"id":132413,"date":"2025-07-31T00:24:49","date_gmt":"2025-07-30T22:24:49","guid":{"rendered":"https:\/\/www.budream.com\/shop\/davinci-iqc-aroma-chamber-stash-tube\/"},"modified":"2025-12-23T21:18:55","modified_gmt":"2025-12-23T19:18:55","slug":"davinci-iqc-aroma-chamber-stash-tube","status":"publish","type":"product","link":"https:\/\/www.budream.com\/es\/shop\/davinci-iqc-aroma-chamber-stash-tube\/","title":{"rendered":"DAVINCI &#8211; IQC AROMA CHAMBER STASH TUBE"},"content":{"rendered":"<p>Aroma Chamber de cer\u00e1mica (Stash Tube) para crear ex\u00f3ticas combinaciones de sabores mientras vaporizas hierba con tu Davinci IQC.<br \/>Este dispositivo le permite variar y ajustar el sabor de su vapor. Muchos de los usuarios de IQC que disfrutan de esta opci\u00f3n tienen varias c\u00e1maras, de modo que cada c\u00e1mara se puede dedicar a un sabor \u00fanico y puro.<\/p>\n<h2><span style=\"text-decoration: underline\">DAVINCI &#8211; C\u00c1MARA DE AROMAS IQC:<\/span><\/h2>\n<ul style=\"list-style-type: disc\">\n<li>C\u00e1mara de aromas Stash tube para IQC;<\/li>\n<li>100% circonio;<\/li>\n<li>puede contener hierbas;<\/li>\n<li>no funciona con Davinci IQ2;<\/li>\n<\/ul>\n","protected":false},"excerpt":{"rendered":"<p>Aroma Chamber de cer\u00e1mica (Stash Tube) para crear ex\u00f3ticas combinaciones de sabores mientras vaporizas hierba con tu Davinci IQC.Este dispositivo<\/p>\n","protected":false},"featured_media":132409,"comment_status":"open","ping_status":"closed","template":"","meta":[],"product_brand":[],"product_cat":[7908],"product_tag":[],"class_list":{"0":"post-132413","1":"product","2":"type-product","3":"status-publish","4":"has-post-thumbnail","6":"product_cat-vaporizadores","8":"first","9":"instock","10":"sale","11":"taxable","12":"shipping-taxable","13":"purchasable","14":"product-type-simple"},"aioseo_notices":[],"_links":{"self":[{"href":"https:\/\/www.budream.com\/es\/wp-json\/wp\/v2\/product\/132413","targetHints":{"allow":["GET"]}}],"collection":[{"href":"https:\/\/www.budream.com\/es\/wp-json\/wp\/v2\/product"}],"about":[{"href":"https:\/\/www.budream.com\/es\/wp-json\/wp\/v2\/types\/product"}],"replies":[{"embeddable":true,"href":"https:\/\/www.budream.com\/es\/wp-json\/wp\/v2\/comments?post=132413"}],"version-history":[{"count":0,"href":"https:\/\/www.budream.com\/es\/wp-json\/wp\/v2\/product\/132413\/revisions"}],"wp:featuredmedia":[{"embeddable":true,"href":"https:\/\/www.budream.com\/es\/wp-json\/wp\/v2\/media\/132409"}],"wp:attachment":[{"href":"https:\/\/www.budream.com\/es\/wp-json\/wp\/v2\/media?parent=132413"}],"wp:term":[{"taxonomy":"product_brand","embeddable":true,"href":"https:\/\/www.budream.com\/es\/wp-json\/wp\/v2\/product_brand?post=132413"},{"taxonomy":"product_cat","embeddable":true,"href":"https:\/\/www.budream.com\/es\/wp-json\/wp\/v2\/product_cat?post=132413"},{"taxonomy":"product_tag","embeddable":true,"href":"https:\/\/www.budream.com\/es\/wp-json\/wp\/v2\/product_tag?post=132413"}],"curies":[{"name":"wp","href":"https:\/\/api.w.org\/{rel}","templated":true}]}}