{"id":132468,"date":"2025-07-31T00:27:29","date_gmt":"2025-07-30T22:27:29","guid":{"rendered":"https:\/\/www.budream.com\/shop\/kit-di-aspirazione-e-filtraggio-100-o100mm-250mc-h\/"},"modified":"2026-03-03T22:28:48","modified_gmt":"2026-03-03T20:28:48","slug":"kit-di-aspirazione-e-filtraggio-100-o100mm-250mc-h","status":"publish","type":"product","link":"https:\/\/www.budream.com\/es\/shop\/kit-di-aspirazione-e-filtraggio-100-o100mm-250mc-h\/","title":{"rendered":"KIT DE PURIFICACI\u00d3N Y FILTRACI\u00d3N DE AIRE 100 | \u00d8100mm &#8211; 250mc\/h"},"content":{"rendered":"<p><strong>Kit completo de aspiraci\u00f3n<\/strong> extremadamente asequible ideal para todos los cultivadores que desean garantizar una calidad de aire perfecta en sus armarios de cultivo o invernaderos. Es esencial para asegurar que las plantas crezcan de forma r\u00e1pida y saludable. El kit consta de un extractor Vents, un filtro de carb\u00f3n activado PrimaKlima y todos los accesorios necesarios para conectar los distintos componentes, creando as\u00ed un sistema completo de entrada de aire.<\/p>\n<p>El kit se monta dentro de la caja y el aire se expulsa a trav\u00e9s de la manguera incluida en el paquete. Generalmente, la creaci\u00f3n de un ligero vac\u00edo es suficiente para permitir que entre suficiente aire fresco a trav\u00e9s de las aberturas de aire de la caja de cultivo, sin necesidad de un sistema de ventilaci\u00f3n adicional.<\/p>\n<p>El ventilador centr\u00edfugo VK Vents de 100 mm de di\u00e1metro tiene un caudal aumentado de 250 mc\/h. Fabricado en tecnopol\u00edmero autoextinguible, garantiza un flujo de aire m\u00e1s potente que los extractores centr\u00edfugos convencionales. Adecuado para la aspiraci\u00f3n en cuartos de cultivo peque\u00f1os.<\/p>\n<p>El kit de aspiraci\u00f3n 100 se recomienda para un <strong>armario de<\/strong> cultivo con una superficie de <strong>80x80cm.<\/strong><\/p>\n<h2><span style=\"text-decoration: underline\"><b>Caracter\u00edsticas del aspirador:<\/b><\/span><\/h2>\n<ul style=\"list-style-type: disc\">\n<li>Se suministra con soportes para su colocaci\u00f3n<\/li>\n<li>Motor equilibrado para minimizar las vibraciones<\/li>\n<li>Velocidad ajustable con un regulador electr\u00f3nico de velocidad (puede adquirirse por separado)<\/li>\n<li>Motor montado sobre rodamientos de bolas<\/li>\n<li>Protecci\u00f3n t\u00e9rmica<\/li>\n<li>Carcasa de pl\u00e1stico a prueba de golpes<\/li>\n<li>Bajo nivel de ruido = 40dbA a 3m<\/li>\n<\/ul>\n<p><\/p>\n<h2><span style=\"text-decoration: underline\"><b>Caracter\u00edsticas del filtro<\/b><\/span><\/h2>\n<ul style=\"list-style-type: disc\">\n<li><strong>Altura:<\/strong> 250mm<\/li>\n<li><strong>Brida:<\/strong> 100mm<\/li>\n<li><strong>Peso:<\/strong> 2,4 Kg<\/li>\n<li><strong>Caudal MAX:<\/strong> 360 m3\/h<\/li>\n<li><strong>Caudal recomendado:<\/strong> 240 m3\/h<\/li>\n<li><strong>Modelo:<\/strong> K2600<\/li>\n<li><strong>Vida media:<\/strong> 15 meses<\/li>\n<li>No recargable<\/li>\n<\/ul>\n<p><b>Contenido del paquete:<\/b><\/p>\n<ul style=\"list-style-type: disc\">\n<li>VENTAS &#8211; ASPIRADOR CON CABLES VK100 | &Oslash; 100mm &#8211; 250mc\/h<\/li>\n<li>PRIMERA KLIMA &#8211; FILTRO DE CARB\u00d3N ACTIVADO K2600 MAX 360 &#8211; OPT 240MC\/H BRIDA &Oslash; 100mm<\/li>\n<li>ABRAZADERA DE MANGUERA CON SOPORTE DE SUSPENSI\u00d3N Y JUNTA RESPIRADEROS CZ100<\/li>\n<li>MANGUERA DE PVC RESISTENTE DI\u00c1METRO 102MM LONGITUD 3M<\/li>\n<li>abrazaderas met\u00e1licas 90-110mm<\/li>\n<\/ul>\n","protected":false},"excerpt":{"rendered":"<p>Kit completo de aspiraci\u00f3n extremadamente asequible ideal para todos los cultivadores que desean garantizar una calidad de aire perfecta en<\/p>\n","protected":false},"featured_media":132464,"comment_status":"open","ping_status":"closed","template":"","meta":[],"product_brand":[],"product_cat":[7945],"product_tag":[],"class_list":{"0":"post-132468","1":"product","2":"type-product","3":"status-publish","4":"has-post-thumbnail","6":"product_cat-ventiladores-y-extractores","8":"first","9":"instock","10":"taxable","11":"shipping-taxable","12":"purchasable","13":"product-type-simple"},"_links":{"self":[{"href":"https:\/\/www.budream.com\/es\/wp-json\/wp\/v2\/product\/132468","targetHints":{"allow":["GET"]}}],"collection":[{"href":"https:\/\/www.budream.com\/es\/wp-json\/wp\/v2\/product"}],"about":[{"href":"https:\/\/www.budream.com\/es\/wp-json\/wp\/v2\/types\/product"}],"replies":[{"embeddable":true,"href":"https:\/\/www.budream.com\/es\/wp-json\/wp\/v2\/comments?post=132468"}],"version-history":[{"count":0,"href":"https:\/\/www.budream.com\/es\/wp-json\/wp\/v2\/product\/132468\/revisions"}],"wp:featuredmedia":[{"embeddable":true,"href":"https:\/\/www.budream.com\/es\/wp-json\/wp\/v2\/media\/132464"}],"wp:attachment":[{"href":"https:\/\/www.budream.com\/es\/wp-json\/wp\/v2\/media?parent=132468"}],"wp:term":[{"taxonomy":"product_brand","embeddable":true,"href":"https:\/\/www.budream.com\/es\/wp-json\/wp\/v2\/product_brand?post=132468"},{"taxonomy":"product_cat","embeddable":true,"href":"https:\/\/www.budream.com\/es\/wp-json\/wp\/v2\/product_cat?post=132468"},{"taxonomy":"product_tag","embeddable":true,"href":"https:\/\/www.budream.com\/es\/wp-json\/wp\/v2\/product_tag?post=132468"}],"curies":[{"name":"wp","href":"https:\/\/api.w.org\/{rel}","templated":true}]}}