{"id":132518,"date":"2025-07-31T00:29:24","date_gmt":"2025-07-30T22:29:24","guid":{"rendered":"https:\/\/www.budream.com\/shop\/kenex-simplex100-balanza-max-100-gramos-paso-0-01g\/"},"modified":"2026-03-23T16:24:29","modified_gmt":"2026-03-23T14:24:29","slug":"kenex-simplex100-balanza-max-100-gramos-paso-0-01g","status":"publish","type":"product","link":"https:\/\/www.budream.com\/es\/shop\/kenex-simplex100-balanza-max-100-gramos-paso-0-01g\/","title":{"rendered":"KENEX &#8211; SIMPLEX100 BALANZA | MAX 100 GRAMOS PASO 0.01G"},"content":{"rendered":"<p>La serie Simplex es el modelo m\u00e1s econ\u00f3mico de las balanzas Kenex con el paso de pesada de 0,01gr. Muy pr\u00e1ctica para sus preparaciones culinarias o para dosificar <strong>fertilizantes<\/strong> para sus <strong>soluciones nutritivas.<br \/><\/strong><\/p>\n<h2><strong><span style=\"text-decoration: underline\">Caracter\u00edsticas B\u00e1scula digital Kenex Simplex100:<\/span><\/strong><\/h2>\n<ul style=\"list-style-type: disc\">\n<li>Color: Negro<\/li>\n<li>Capacidad:100 g<\/li>\n<li>Precisi\u00f3n (&plusmn;): 0,01 g<\/li>\n<li>B\u00e1scula de pl\u00e1stico de precisi\u00f3n<\/li>\n<li>Tapa extra\u00edble que hace las veces de bandeja<\/li>\n<li>Protecci\u00f3n contra sobrecarga<\/li>\n<li>5 modos de pesaje: g\/oz\/ct\/ozt\/dwt<\/li>\n<li>Funci\u00f3n de desconexi\u00f3n autom\u00e1tica en 180 s<\/li>\n<\/ul>\n","protected":false},"excerpt":{"rendered":"<p>La serie Simplex es el modelo m\u00e1s econ\u00f3mico de las balanzas Kenex con el paso de pesada de 0,01gr. Muy<\/p>\n","protected":false},"featured_media":132504,"comment_status":"open","ping_status":"closed","template":"","meta":[],"product_brand":[],"product_cat":[7948],"product_tag":[],"class_list":{"0":"post-132518","1":"product","2":"type-product","3":"status-publish","4":"has-post-thumbnail","6":"product_cat-headshop-es","8":"first","9":"instock","10":"taxable","11":"shipping-taxable","12":"purchasable","13":"product-type-simple"},"_links":{"self":[{"href":"https:\/\/www.budream.com\/es\/wp-json\/wp\/v2\/product\/132518","targetHints":{"allow":["GET"]}}],"collection":[{"href":"https:\/\/www.budream.com\/es\/wp-json\/wp\/v2\/product"}],"about":[{"href":"https:\/\/www.budream.com\/es\/wp-json\/wp\/v2\/types\/product"}],"replies":[{"embeddable":true,"href":"https:\/\/www.budream.com\/es\/wp-json\/wp\/v2\/comments?post=132518"}],"version-history":[{"count":0,"href":"https:\/\/www.budream.com\/es\/wp-json\/wp\/v2\/product\/132518\/revisions"}],"wp:featuredmedia":[{"embeddable":true,"href":"https:\/\/www.budream.com\/es\/wp-json\/wp\/v2\/media\/132504"}],"wp:attachment":[{"href":"https:\/\/www.budream.com\/es\/wp-json\/wp\/v2\/media?parent=132518"}],"wp:term":[{"taxonomy":"product_brand","embeddable":true,"href":"https:\/\/www.budream.com\/es\/wp-json\/wp\/v2\/product_brand?post=132518"},{"taxonomy":"product_cat","embeddable":true,"href":"https:\/\/www.budream.com\/es\/wp-json\/wp\/v2\/product_cat?post=132518"},{"taxonomy":"product_tag","embeddable":true,"href":"https:\/\/www.budream.com\/es\/wp-json\/wp\/v2\/product_tag?post=132518"}],"curies":[{"name":"wp","href":"https:\/\/api.w.org\/{rel}","templated":true}]}}