{"id":132593,"date":"2025-07-31T00:32:04","date_gmt":"2025-07-30T22:32:04","guid":{"rendered":"https:\/\/www.budream.com\/shop\/ccell-bateria-m3-con-accesorio-510-350-mah\/"},"modified":"2026-03-24T18:44:10","modified_gmt":"2026-03-24T16:44:10","slug":"ccell-bateria-m3-con-accesorio-510-350-mah","status":"publish","type":"product","link":"https:\/\/www.budream.com\/es\/shop\/ccell-bateria-m3-con-accesorio-510-350-mah\/","title":{"rendered":"CCELL &#8211; BATER\u00cdA M3 CON ACCESORIO 510 | 350 mAh"},"content":{"rendered":"<p>El dise\u00f1o en forma de bol\u00edgrafo hace que la <strong>bater\u00eda M3<\/strong> sea c\u00f3moda de transportar. Su carcasa es de acero inoxidable y la carga se realiza a trav\u00e9s del conector 510\/USB suministrado. La <strong>activaci\u00f3n de la resistencia mediante inhalaci\u00f3n<\/strong>, el ajuste <strong>autoadaptativo<\/strong> de la temperatura \u00f3ptima y el dise\u00f1o sin botones hacen que el M3 sea perfecto para cualquier cartucho y f\u00e1cil de usar.<\/p>\n<p>A trav\u00e9s de extensas pruebas, los ingenieros de CCELL han logrado finalmente el equilibrio perfecto entre alto rendimiento y dise\u00f1o compacto. Mientras que la alta tasa de descarga proporciona una generosa cantidad de vapor, el tama\u00f1o de mano garantiza la mejor discreci\u00f3n posible.<\/p>\n<h2><span style=\"text-decoration: underline\"><strong>Especificaciones t\u00e9cnicas Bater\u00eda CCELL M3 de rosca 510:<\/strong><br \/><\/span><\/h2>\n<ul style=\"list-style-type: disc\">\n<li>Carcasa de acero inoxidable<\/li>\n<li>Dise\u00f1o sin botones<\/li>\n<li>Capacidad de la bater\u00eda: 350 mAh<\/li>\n<li>Dimensiones: &Oslash; 10,5 &times; h7,6cm<\/li>\n<li>Conexi\u00f3n est\u00e1ndar 510<\/li>\n<li>Inhalaci\u00f3n activada<\/li>\n<li>Indicador LED integrado<\/li>\n<li>Adaptador de carga USB incluido<\/li>\n<li>Marcado CE<\/li>\n<li>Embalaje e instrucciones en italiano<\/li>\n<\/ul>\n","protected":false},"excerpt":{"rendered":"<p>El dise\u00f1o en forma de bol\u00edgrafo hace que la bater\u00eda M3 sea c\u00f3moda de transportar. Su carcasa es de acero<\/p>\n","protected":false},"featured_media":132559,"comment_status":"open","ping_status":"closed","template":"","meta":[],"product_brand":[],"product_cat":[7908],"product_tag":[],"class_list":{"0":"post-132593","1":"product","2":"type-product","3":"status-publish","4":"has-post-thumbnail","6":"product_cat-vaporizadores","8":"first","9":"instock","10":"sale","11":"taxable","12":"shipping-taxable","13":"purchasable","14":"product-type-simple"},"_links":{"self":[{"href":"https:\/\/www.budream.com\/es\/wp-json\/wp\/v2\/product\/132593","targetHints":{"allow":["GET"]}}],"collection":[{"href":"https:\/\/www.budream.com\/es\/wp-json\/wp\/v2\/product"}],"about":[{"href":"https:\/\/www.budream.com\/es\/wp-json\/wp\/v2\/types\/product"}],"replies":[{"embeddable":true,"href":"https:\/\/www.budream.com\/es\/wp-json\/wp\/v2\/comments?post=132593"}],"version-history":[{"count":0,"href":"https:\/\/www.budream.com\/es\/wp-json\/wp\/v2\/product\/132593\/revisions"}],"wp:featuredmedia":[{"embeddable":true,"href":"https:\/\/www.budream.com\/es\/wp-json\/wp\/v2\/media\/132559"}],"wp:attachment":[{"href":"https:\/\/www.budream.com\/es\/wp-json\/wp\/v2\/media?parent=132593"}],"wp:term":[{"taxonomy":"product_brand","embeddable":true,"href":"https:\/\/www.budream.com\/es\/wp-json\/wp\/v2\/product_brand?post=132593"},{"taxonomy":"product_cat","embeddable":true,"href":"https:\/\/www.budream.com\/es\/wp-json\/wp\/v2\/product_cat?post=132593"},{"taxonomy":"product_tag","embeddable":true,"href":"https:\/\/www.budream.com\/es\/wp-json\/wp\/v2\/product_tag?post=132593"}],"curies":[{"name":"wp","href":"https:\/\/api.w.org\/{rel}","templated":true}]}}