{"id":132658,"date":"2025-07-31T00:33:45","date_gmt":"2025-07-30T22:33:45","guid":{"rendered":"https:\/\/www.budream.com\/shop\/ortoled-spot-20-led-cob-total-agro-20w-para-portalamparas-e27\/"},"modified":"2026-03-20T13:56:12","modified_gmt":"2026-03-20T11:56:12","slug":"ortoled-spot-20-led-cob-total-agro-20w-para-portalamparas-e27","status":"publish","type":"product","link":"https:\/\/www.budream.com\/es\/shop\/ortoled-spot-20-led-cob-total-agro-20w-para-portalamparas-e27\/","title":{"rendered":"ORTOLED &#8211; SPOT 20 LED COB TOTAL AGRO | 20W PARA PORTAL\u00c1MPARAS E27"},"content":{"rendered":"<p><strong>ORTOLED SPOT 20<\/strong> es la nueva l\u00e1mpara de iluminaci\u00f3n interior de 20W con tecnolog\u00eda LED COB <strong>EPI&reg;, un <\/strong>chip dise\u00f1ado y fabricado exclusivamente para el cultivo de flores y plantas.<\/p>\n<p>Gracias a la l\u00e1mpara <strong>SPOT<\/strong> 20 es posible iluminar las plantas incluso en zonas protegidas por ramas y follaje.<br \/>Especialmente indicada para el cultivo de orqu\u00eddeas, guindillas, albahaca, lechuga, hierbas arom\u00e1ticas, tomates, pimientos, etc.<\/p>\n<p>Se recomienda utilizarla en combinaci\u00f3n con los sistemas de iluminaci\u00f3n Ortoled, colocando la l\u00e1mpara en un lateral o en las partes m\u00e1s bajas del cuarto de cultivo para aumentar la iluminancia en zonas donde la luz principal suele quedar apantallada por hojas y ramas.<\/p>\n<p>La l\u00e1mpara SPOT 20 tambi\u00e9n es adecuada para complementar la luz diurna en las horas nocturnas con el fin de aumentar el crecimiento de hortalizas o plantas cultivadas en entornos dom\u00e9sticos.<\/p>\n<p>El espectro <strong>Total Agro<\/strong> es rico en tonos blancos, rojos y naranjas.<\/p>\n<p>Gracias a la tecnolog\u00eda Ortoled y al chip COB <strong>EPI&reg;<\/strong>, es posible aprovechar al m\u00e1ximo la electricidad, garantizando una s\u00edntesis perfecta entre ahorro energ\u00e9tico y rendimiento.<br \/>Se recomienda colocar la l\u00e1mpara entre 50 y 80 cm de las plantas.<\/p>\n<ul style=\"list-style-type: disc\">\n<li>Dise\u00f1ada para iluminaci\u00f3n interior<\/li>\n<li>Colocar la l\u00e1mpara en un ambiente seco y ventilado<\/li>\n<li>Apague la l\u00e1mpara despu\u00e9s de utilizarla<\/li>\n<li>No toque la cara inferior de la l\u00e1mpara con los dedos<\/li>\n<li>No la coloque cerca de fuentes de calor<\/li>\n<li>No coloque la l\u00e1mpara a la luz directa de las personas, proteja sus ojos<\/li>\n<li>No abra nunca la l\u00e1mpara<\/li>\n<\/ul>\n<h2 style=\"text-align: left\"><strong><br \/><span style=\"text-decoration: underline\">Especificaciones t\u00e9cnicas Ortoled Spot 20:<\/span><br \/><\/strong><\/h2>\n<ul style=\"list-style-type: disc\">\n<li style=\"text-align: left\">LED 20W&plusmn;5%<\/li>\n<li style=\"text-align: left\">Tensi\u00f3n 220-240V 50\/60Hz<\/li>\n<li style=\"text-align: left\">Enchufe E27<\/li>\n<li style=\"text-align: left\">PPF 24 &mu;mol\/s<\/li>\n<li style=\"text-align: left\">Crecimiento\/inundaci\u00f3n de espectro completo 3000K integrado<\/li>\n<li style=\"text-align: left\">\u00c1ngulo de la lente 30<\/li>\n<li style=\"text-align: left\">Dimensi\u00f3n 98&#215;128(mm)<\/li>\n<li style=\"text-align: left\">Peso 190g<\/li>\n<li style=\"text-align: left\">Rango de temperatura de trabajo 20~40\u2103<\/li>\n<li style=\"text-align: left\">Humedad 65<\/li>\n<li style=\"text-align: left\">Vida \u00fatil 50 mil horas<\/li>\n<\/ul>\n<p><strong>Cobertura de superficie 30&#215;30 cm o integraci\u00f3n lateral<\/strong><\/p>\n<p>Certificado CE, ROHS<br \/>PORTAL\u00c1MPARAS E27<\/p>\n<div><\/div>\n","protected":false},"excerpt":{"rendered":"<p>ORTOLED SPOT 20 es la nueva l\u00e1mpara de iluminaci\u00f3n interior de 20W con tecnolog\u00eda LED COB EPI&reg;, un chip dise\u00f1ado<\/p>\n","protected":false},"featured_media":132649,"comment_status":"open","ping_status":"closed","template":"","meta":[],"product_brand":[],"product_cat":[7936],"product_tag":[],"class_list":{"0":"post-132658","1":"product","2":"type-product","3":"status-publish","4":"has-post-thumbnail","6":"product_cat-lampara-led","8":"first","9":"instock","10":"sale","11":"taxable","12":"shipping-taxable","13":"purchasable","14":"product-type-simple"},"_links":{"self":[{"href":"https:\/\/www.budream.com\/es\/wp-json\/wp\/v2\/product\/132658","targetHints":{"allow":["GET"]}}],"collection":[{"href":"https:\/\/www.budream.com\/es\/wp-json\/wp\/v2\/product"}],"about":[{"href":"https:\/\/www.budream.com\/es\/wp-json\/wp\/v2\/types\/product"}],"replies":[{"embeddable":true,"href":"https:\/\/www.budream.com\/es\/wp-json\/wp\/v2\/comments?post=132658"}],"version-history":[{"count":0,"href":"https:\/\/www.budream.com\/es\/wp-json\/wp\/v2\/product\/132658\/revisions"}],"wp:featuredmedia":[{"embeddable":true,"href":"https:\/\/www.budream.com\/es\/wp-json\/wp\/v2\/media\/132649"}],"wp:attachment":[{"href":"https:\/\/www.budream.com\/es\/wp-json\/wp\/v2\/media?parent=132658"}],"wp:term":[{"taxonomy":"product_brand","embeddable":true,"href":"https:\/\/www.budream.com\/es\/wp-json\/wp\/v2\/product_brand?post=132658"},{"taxonomy":"product_cat","embeddable":true,"href":"https:\/\/www.budream.com\/es\/wp-json\/wp\/v2\/product_cat?post=132658"},{"taxonomy":"product_tag","embeddable":true,"href":"https:\/\/www.budream.com\/es\/wp-json\/wp\/v2\/product_tag?post=132658"}],"curies":[{"name":"wp","href":"https:\/\/api.w.org\/{rel}","templated":true}]}}