{"id":132738,"date":"2025-07-31T00:36:22","date_gmt":"2025-07-30T22:36:22","guid":{"rendered":"https:\/\/www.budream.com\/shop\/storzbickel-venty-vaporizador-portatil\/"},"modified":"2026-03-10T16:19:56","modified_gmt":"2026-03-10T14:19:56","slug":"storzbickel-venty-vaporizador-portatil","status":"publish","type":"product","link":"https:\/\/www.budream.com\/es\/shop\/storzbickel-venty-vaporizador-portatil\/","title":{"rendered":"STORZ&amp;BICKEL &#8211; VENTY | VAPORIZADOR PORT\u00c1TIL"},"content":{"rendered":"<p>El <strong>VENTY<\/strong> de StorZ&amp;Bickel es su dispositivo m\u00e1s r\u00e1pido y el primer vaporizador de su clase que cuenta con extracci\u00f3n de aire ajustable. Aunque es un dispositivo port\u00e1til, ofrece una alta eficiencia y tarda s\u00f3lo 20 segundos en calentarse, al tiempo que ofrece una impresionante extracci\u00f3n de aire de 20 litros\/minuto cuando est\u00e1 a pleno rendimiento. Si est\u00e1 buscando un S&amp;B polivalente, el VENTY es lo que necesita.<\/p>\n<p> El <strong>VENTY<\/strong> cuenta con extracci\u00f3n de aire ajustable, lo que le permite encontrar el punto adecuado para usted. En el nivel m\u00e1s alto, la extracci\u00f3n de aire alcanza el impresionante valor de \u00a120 litros\/minuto! Este es el flujo de aire m\u00e1s alto ofrecido en un vaporizador port\u00e1til de S&amp;B. Adem\u00e1s de esto, VENTY incluye un caudal\u00edmetro, que mide la presi\u00f3n negativa producida por tu inhalaci\u00f3n y ajusta din\u00e1micamente el calentamiento para adaptarse a tu toma. Esto significa que obtendr\u00e1s resultados excelentes y consistentes independientemente de la intensidad de tu inhalaci\u00f3n. Prep\u00e1rate para dejarte inundar por el flujo libre y desenfrenado de una fresca y sabrosa nube de vapor.<\/p>\n<h3><strong><br \/>Listo cuando t\u00fa lo est\u00e9s<br \/><\/strong><\/h3>\n<p>Lo m\u00e1s impresionante es la velocidad de calentamiento del VENTY. Gracias a sus potentes bater\u00edas, su innovadora tecnolog\u00eda de calentamiento y su inteligente dise\u00f1o de software, VENTY se calienta en s\u00f3lo ~20 segundos. VENTY es actualmente el vaporizador m\u00e1s r\u00e1pido de S&amp;B y est\u00e1 siempre listo para la acci\u00f3n, cuando t\u00fa quieras.<\/p>\n<h3><strong><br \/>Vapor siempre fresco<\/strong><\/h3>\n<p>Los ingenieros de S&amp;B han hecho todo lo posible y han equipado a VENTY con una refrigeraci\u00f3n realmente eficiente. Permitir un flujo de aire tan alto requiere una Unidad de Enfriamiento que enfr\u00eda el vapor antes de que lo inhales. Este proceso tiene lugar en dos niveles dentro de la Unidad de Enfriamiento para extender el camino del vapor. Una carcasa de doble revestimiento hace posible el contacto con la Unidad de Enfriamiento a pesar de las altas temperaturas. En el interior de la Unidad de Enfriamiento se encuentra un filtro adicional que garantiza la m\u00e1xima filtraci\u00f3n y asegura una agradable experiencia de inhalaci\u00f3n.<\/p>\n<h3><strong><br \/>Un caballo de carreras sin igual.<br \/><\/strong><\/h3>\n<p>Prep\u00e1rese para ser testigo de la insuperable potencia de VENTY . Equipado con dos bater\u00edas de iones de litio 18650 y con una potencia m\u00e1xima de 130 W a 16 amperios, VENTY es un aut\u00e9ntico caballo de carreras que ofrece un rendimiento y una resistencia sin igual.<\/p>\n<h3><strong><br \/>Calidad superior, como siempre<br \/><\/strong><\/h3>\n<p>La calidad es el sello distintivo de S&amp;B y VENTY no es una excepci\u00f3n. VENTY se fabrica siguiendo normas estrictas que garantizan una calidad y un rendimiento superiores. Todos los materiales son de calidad alimentaria, resistentes al calor y no conductores del calor, garantizando as\u00ed el alto rendimiento del dispositivo y optimizando la experiencia del usuario. Puede estar tranquilo: VENTY est\u00e1 homologado por UL (8139) e IEC 60335-1 y ha sido sometido a exhaustivas pruebas para garantizar su seguridad.<\/p>\n<h3><strong>Comodidad absoluta<\/strong><\/h3>\n<p>Con la aplicaci\u00f3n personalizada siempre tendr\u00e1 todo bajo control. Al conectarse a trav\u00e9s de Bluetooth&reg;, puede ajustar varias configuraciones de VENTY, como las temperaturas de refuerzo preestablecidas, el brillo del indicador, las configuraciones de vibraci\u00f3n, el modo de carga ECO para maximizar la duraci\u00f3n de la bater\u00eda y mucho m\u00e1s. Simplemente utiliza tu smartphone y adapta VENTY a tu gusto personal.<\/p>\n<h2><strong><span style=\"text-decoration: underline\"><br \/>Caracter\u00edsticas de Venty Storz &amp; Bickel:<\/span><\/strong><\/h2>\n<ul style=\"list-style-type: disc\">\n<li>Flujo de aire ajustable hasta 20 litros\/minuto<\/li>\n<li>Calentamiento r\u00e1pido en s\u00f3lo 20 segundos<\/li>\n<li>Cuenta con nuestro nuevo dise\u00f1o de calentamiento por mini convecci\u00f3n y conducci\u00f3n = sin quemaduras, s\u00f3lo grandes y sabrosas nubes de vapor.<\/li>\n<li>Temperatura ajustable con precisi\u00f3n en el dispositivo, de 40&deg;C a 210&deg;C.<\/li>\n<li>Carga USB-C, incluida la funci\u00f3n de supercarga: 80% de carga en 40 minutos. *<\/li>\n<li>Conectividad Bluetooth y control mediante aplicaci\u00f3n web.<\/li>\n<li>Booster de temperatura y superbooster integrados para la m\u00e1xima comodidad<\/li>\n<li>2 bater\u00edas de iones de litio de alta potencia<\/li>\n<li>Certificaci\u00f3n UL<\/li>\n<li>2 a\u00f1os de garant\u00eda + 1 a\u00f1o en caso de registro<\/li>\n<\/ul>\n<p><em><br \/>*Requiere una fuente de alimentaci\u00f3n de +15 V a 3 A, por ejemplo, <a href=\"https:\/\/www.indoorline.com\/storz-e-bickel\/p154\/storz-amp-bickel-supercharger-for-mighty-usb-c.html\">un supercargador<\/a>.<\/em><\/p>\n<p><strong>Contenido<\/strong><br \/>1 ud. VENTY 1 ud. Cable USB C (de USB tipo C a toma USB tipo C)<br \/>2 uds. Filtro est\u00e1ndar, peque\u00f1o<br \/>3 uds. Filtro grueso, peque\u00f1o<br \/>2 piezas Filtro de la unidad de refrigeraci\u00f3n<br \/>2 piezas Junta t\u00f3rica &Oslash; 9&#215;1,5 mm<br \/>1 ud. Herramientas del contenedor<br \/>1 ud. Cepillo de limpieza<br \/>1 ud. Instrucciones de uso<\/p>\n<h2><strong><span style=\"text-decoration: underline\">Especificaciones t\u00e9cnicas Venty Storz &amp; Bickel:<\/span><\/strong><\/h2>\n<ul style=\"list-style-type: disc\">\n<li><strong>Rango de temperatura:<\/strong> 40 &deg;C &#8211; 210 &deg;C (104 &deg;F &#8211; 410 &deg;F)<\/li>\n<li><strong>Principio de calentamiento:<\/strong> Miniconvecci\u00f3n y conducci\u00f3n de nuevo dise\u00f1o<\/li>\n<li><strong>Anchura:<\/strong> 5,5 cm<\/li>\n<li><strong>Altura:<\/strong> 15,7 cm<\/li>\n<li><strong>Profundidad:<\/strong> 3,7 cm<\/li>\n<li><strong>Peso:<\/strong> 252 g<\/li>\n<\/ul>\n<div class=\"pagebuilder-column-line\" data-content-type=\"column-line\" data-element=\"main\" data-pb-style=\"K5KPQJU\">\n<div class=\"pagebuilder-column\" data-content-type=\"column\" data-appearance=\"full-height\" data-background-images=\"{}\" data-element=\"main\" data-pb-style=\"Q2MI51R\">\n<figure data-content-type=\"image\" data-appearance=\"full-width\" data-element=\"main\" data-pb-style=\"LM3WEAS\"><img decoding=\"async\" class=\"pagebuilder-mobile-hidden\" title=\"S&amp;B VENTY Vaporizer: Patented convection and conduction mini-heater\" src=\"https:\/\/www.storz-bickel.com\/media\/wysiwyg\/shot2_venty_heating-desktop.jpg\" alt=\"Cross-section of STORZ &amp; BICKEL VENTY Vaporizer shows color-coded mini-heater, two lithium-ion batteries, and display\" data-element=\"desktop_image\" data-pb-style=\"FT3VOQU\" \/><\/figure>\n<\/div>\n<div class=\"pagebuilder-column\" data-content-type=\"column\" data-appearance=\"align-center\" data-background-images=\"{}\" data-element=\"main\" data-pb-style=\"H90WWAX\">\n<div data-content-type=\"text\" data-appearance=\"default\" data-element=\"main\" data-pb-style=\"PXSILSY\">\n<h3>Descubra una potencia \u00fanica<\/h3>\n<ul>\n<li>\n<p>Nuevo minicalentador patentado<br \/>\u279e Tecnolog\u00eda combinada de conducci\u00f3n y convecci\u00f3n<\/p>\n<\/li>\n<li>\n<p>2 bater\u00edas de iones de litio 18650<br \/>\u279e M\u00e1x. 130 vatios a 16 amperios<\/p>\n<\/li>\n<li>\n<p>Toma USB-C y funci\u00f3n de carga r\u00e1pida<br \/>\u279e ~80% en 40 minutos<\/p>\n<\/li>\n<\/ul>\n<\/div>\n<\/div>\n<div class=\"pagebuilder-column\" data-content-type=\"column\" data-appearance=\"full-height\" data-background-images=\"{}\" data-element=\"main\" data-pb-style=\"W179GOI\"><\/div>\n<\/div>\n<div class=\"pagebuilder-column-line\" data-content-type=\"column-line\" data-element=\"main\" data-pb-style=\"SEGL1BU\">\n<div class=\"pagebuilder-column\" data-content-type=\"column\" data-appearance=\"full-height\" data-background-images=\"{}\" data-element=\"main\" data-pb-style=\"DJA9UBN\"><\/div>\n<div class=\"pagebuilder-column\" data-content-type=\"column\" data-appearance=\"full-height\" data-background-images=\"{}\" data-element=\"main\" data-pb-style=\"VMQ4OIC\">\n<figure data-content-type=\"image\" data-appearance=\"full-width\" data-element=\"main\" data-pb-style=\"P48EPXA\"><img decoding=\"async\" class=\"pagebuilder-mobile-hidden\" title=\"STORZ &amp; BICKEL VENTY Vaporizer: Freely adjustable airflow of 0-20l\/min\" src=\"https:\/\/www.storz-bickel.com\/media\/wysiwyg\/shot1_venty_airflow_wheel-desktop.jpg\" alt=\"Cross-section of Cooling Unit of STORZ &amp; BICKEL VENTY Vaporizer showing animated freely adjustable airflow setting wheel\" data-element=\"desktop_image\" data-pb-style=\"XR6I0IU\" \/><\/figure>\n<\/div>\n<div class=\"pagebuilder-column\" data-content-type=\"column\" data-appearance=\"align-center\" data-background-images=\"{}\" data-element=\"main\" data-pb-style=\"RL8F56B\">\n<div data-content-type=\"text\" data-appearance=\"default\" data-element=\"main\" data-pb-style=\"SJYG8YD\">\n<h3><span id=\"LJ6AQQS\">Tu turno &#8211; Sigue tu flujo <\/span><\/h3>\n<ul>\n<li>Fluj\u00f3metro de nuevo desarrollo<br \/>\u279e Mide la presi\u00f3n negativa de la inhalaci\u00f3n, ajustando din\u00e1micamente el calentamiento para adaptarse al bocado<\/li>\n<li>El primer vaporizador del mundo con ajuste regulable del flujo de aire<br \/>\u279e 0-20 litros por minuto: gira el bot\u00f3n de ajuste y encuentra tu flujo perfecto<\/li>\n<\/ul>\n<\/div>\n<\/div>\n<div class=\"pagebuilder-column\" data-content-type=\"column\" data-appearance=\"full-height\" data-background-images=\"{}\" data-element=\"main\" data-pb-style=\"HSOMSW7\"><\/div>\n<\/div>\n<div class=\"pagebuilder-column-line\" data-content-type=\"column-line\" data-element=\"main\" data-pb-style=\"ME6RRHY\">\n<div class=\"pagebuilder-column\" data-content-type=\"column\" data-appearance=\"full-height\" data-background-images=\"{}\" data-element=\"main\" data-pb-style=\"P2CWJFT\"><\/div>\n<div class=\"pagebuilder-column\" data-content-type=\"column\" data-appearance=\"full-height\" data-background-images=\"{}\" data-element=\"main\" data-pb-style=\"XJ5YH89\">\n<figure data-content-type=\"image\" data-appearance=\"full-width\" data-element=\"main\" data-pb-style=\"MHQW45T\"><img decoding=\"async\" class=\"pagebuilder-mobile-hidden\" title=\"STORZ &amp; BICKEL VENTY: Smart control via Bluetooth and S&amp;B WebApp\" src=\"https:\/\/www.storz-bickel.com\/media\/wysiwyg\/shot4_venty_app-desktop.jpg\" alt=\"Front view of STORZ &amp; BICKEL VENTY Vaporizer in front of S&amp;B WebApp on Smartphone with temperature and booster settings\" data-element=\"desktop_image\" data-pb-style=\"PEGXKP0\" \/><\/figure>\n<\/div>\n<div class=\"pagebuilder-column\" data-content-type=\"column\" data-appearance=\"align-center\" data-background-images=\"{}\" data-element=\"main\" data-pb-style=\"Q1VAK8A\">\n<div data-content-type=\"text\" data-appearance=\"default\" data-element=\"main\" data-pb-style=\"B71OD2E\">\n<h3>C\u00f3modamente en la app<\/h3>\n<p>Pantalla y botones LC resaltados:<\/p>\n<ul>\n<li>Ajuste preciso de la temperatura entre 40 &deg;C y 210 &deg;C (104 &deg;F y 410 &deg;F)<\/li>\n<li>Active Booster y Superbooster (+15&deg;C \/ 27&deg;F) haciendo doble clic en el interruptor de encendido\/apagado<\/li>\n<\/ul>\n<p>Adapta el VENTY a tu gusto personal con la conectividad Bluetooth&reg;. Utiliza la S&amp;B Web App para:<\/p>\n<ul>\n<li>Ajustar la temperatura<\/li>\n<li>Activar el modo de carga ECO<\/li>\n<li>Tener acceso a actualizaciones de software peri\u00f3dicas e informaci\u00f3n \u00fatil<\/li>\n<\/ul>\n<\/div>\n<\/div>\n<div class=\"pagebuilder-column\" data-content-type=\"column\" data-appearance=\"full-height\" data-background-images=\"{}\" data-element=\"main\" data-pb-style=\"QMSSXD8\"><\/div>\n<\/div>\n<div class=\"pagebuilder-column-line\" data-content-type=\"column-line\" data-element=\"main\" data-pb-style=\"K4D835J\">\n<div class=\"pagebuilder-column\" data-content-type=\"column\" data-appearance=\"full-height\" data-background-images=\"{}\" data-element=\"main\" data-pb-style=\"WPJEUT9\"><\/div>\n<div class=\"pagebuilder-column\" data-content-type=\"column\" data-appearance=\"full-height\" data-background-images=\"{}\" data-element=\"main\" data-pb-style=\"DMJGVQO\">\n<figure data-content-type=\"image\" data-appearance=\"full-width\" data-element=\"main\" data-pb-style=\"EJRT38O\"><img decoding=\"async\" class=\"pagebuilder-mobile-hidden\" title=\"Ceramic-coated Filling Chamber for pure taste and easy cleaning\" src=\"https:\/\/www.storz-bickel.com\/media\/wysiwyg\/shot3_venty_fuellkammer-desktop.jpg\" alt=\"Removed cooling unit of STORZ &amp; BICKEL VENTY with mouthpiece and open filling chamber with ceramic coating and seal ring\" data-element=\"desktop_image\" data-pb-style=\"R4KX2U0\" \/><\/figure>\n<\/div>\n<div class=\"pagebuilder-column\" data-content-type=\"column\" data-appearance=\"align-center\" data-background-images=\"{}\" data-element=\"main\" data-pb-style=\"WVN2DPQ\">\n<div data-content-type=\"text\" data-appearance=\"default\" data-element=\"main\" data-pb-style=\"G8N7OMK\">\n<h3>Potencial de liberaci\u00f3n de alta calidad<\/h3>\n<ul>\n<li>Material Peek de calidad m\u00e9dica<br \/>\u279e Seguro y resistente<\/li>\n<li>Recipiente (1,4 cm&sup3;)<br \/>\u279eRecubrimiento de cer\u00e1mica dura<\/li>\n<li>Vaporizador certificado<br \/>\u279e Conforme a las normas UL 8139 e IEC 60335-1<\/li>\n<\/ul>\n<\/div>\n<\/div>\n<div class=\"pagebuilder-column\" data-content-type=\"column\" data-appearance=\"full-height\" data-background-images=\"{}\" data-element=\"main\" data-pb-style=\"DGSIFIK\"><\/div>\n<\/div>\n<div class=\"pagebuilder-column-line\" data-content-type=\"column-line\" data-element=\"main\" data-pb-style=\"X5YAN6E\">\n<div class=\"pagebuilder-column\" data-content-type=\"column\" data-appearance=\"full-height\" data-background-images=\"{}\" data-element=\"main\" data-pb-style=\"MPVDISS\"><\/div>\n<div class=\"pagebuilder-column\" data-content-type=\"column\" data-appearance=\"full-height\" data-background-images=\"{}\" data-element=\"main\" data-pb-style=\"VCTS0P8\">\n<figure data-content-type=\"image\" data-appearance=\"full-width\" data-element=\"main\" data-pb-style=\"U8E89U6\"><img decoding=\"async\" class=\"pagebuilder-mobile-hidden\" title=\"VENTY Award winning vaporizer\" src=\"https:\/\/www.storz-bickel.com\/media\/wysiwyg\/Venty-Award-Desktop.jpg\" alt=\"Vaping360 and Emjays award logos\" data-element=\"desktop_image\" data-pb-style=\"SHCGA03\" \/><\/figure>\n<\/div>\n<\/div>\n","protected":false},"excerpt":{"rendered":"<p>El VENTY de StorZ&amp;Bickel es su dispositivo m\u00e1s r\u00e1pido y el primer vaporizador de su clase que cuenta con extracci\u00f3n<\/p>\n","protected":false},"featured_media":132664,"comment_status":"open","ping_status":"closed","template":"","meta":[],"product_brand":[],"product_cat":[7908],"product_tag":[],"class_list":{"0":"post-132738","1":"product","2":"type-product","3":"status-publish","4":"has-post-thumbnail","6":"product_cat-vaporizadores","8":"first","9":"instock","10":"sale","11":"taxable","12":"shipping-taxable","13":"purchasable","14":"product-type-simple"},"_links":{"self":[{"href":"https:\/\/www.budream.com\/es\/wp-json\/wp\/v2\/product\/132738","targetHints":{"allow":["GET"]}}],"collection":[{"href":"https:\/\/www.budream.com\/es\/wp-json\/wp\/v2\/product"}],"about":[{"href":"https:\/\/www.budream.com\/es\/wp-json\/wp\/v2\/types\/product"}],"replies":[{"embeddable":true,"href":"https:\/\/www.budream.com\/es\/wp-json\/wp\/v2\/comments?post=132738"}],"version-history":[{"count":0,"href":"https:\/\/www.budream.com\/es\/wp-json\/wp\/v2\/product\/132738\/revisions"}],"wp:featuredmedia":[{"embeddable":true,"href":"https:\/\/www.budream.com\/es\/wp-json\/wp\/v2\/media\/132664"}],"wp:attachment":[{"href":"https:\/\/www.budream.com\/es\/wp-json\/wp\/v2\/media?parent=132738"}],"wp:term":[{"taxonomy":"product_brand","embeddable":true,"href":"https:\/\/www.budream.com\/es\/wp-json\/wp\/v2\/product_brand?post=132738"},{"taxonomy":"product_cat","embeddable":true,"href":"https:\/\/www.budream.com\/es\/wp-json\/wp\/v2\/product_cat?post=132738"},{"taxonomy":"product_tag","embeddable":true,"href":"https:\/\/www.budream.com\/es\/wp-json\/wp\/v2\/product_tag?post=132738"}],"curies":[{"name":"wp","href":"https:\/\/api.w.org\/{rel}","templated":true}]}}