{"id":132773,"date":"2025-07-31T00:37:32","date_gmt":"2025-07-30T22:37:32","guid":{"rendered":"https:\/\/www.budream.com\/shop\/kannodol-crema-exfoliante-con-cbd-50ml\/"},"modified":"2025-12-19T12:17:38","modified_gmt":"2025-12-19T10:17:38","slug":"kannodol-crema-exfoliante-con-cbd-50ml","status":"publish","type":"product","link":"https:\/\/www.budream.com\/es\/shop\/kannodol-crema-exfoliante-con-cbd-50ml\/","title":{"rendered":"KANNODOL &#8211; CREMA EXFOLIANTE CON CBD | 50ml"},"content":{"rendered":"<p>Suave mousse exfoliante enriquecida con CBD. Su textura cremosa ayuda a realizar una limpieza facial muy suave. El cannabidiol calma, acondiciona la piel y le confiere propiedades antioxidantes y protectoras. Ayuda a purificar la piel a la vez que proporciona todos los beneficios antiinflamatorios y antioxidantes del cannabidiol.<\/p>\n<p><em><br \/>Contenido en CBD: 825 mg.<br \/><strong>Sin THC<\/strong><\/em><\/p>\n<h3><span style=\"text-decoration: underline\"><strong>Modo de empleo<\/strong><\/span><\/h3>\n<p>Aplicar por la ma\u00f1ana o por la noche, dos veces por semana, para una limpieza suave y profunda mediante ligeros movimientos circulares con la piel previamente humedecida. Aclarar con agua tibia.<\/p>\n<h3><span style=\"text-decoration: underline\"><strong><br \/>Propiedades<\/strong><\/span><\/h3>\n<p><span class=\"S1PPyQ\">Exfoliante suave enriquecido con CBD. Textura cremosa para una limpieza suave. El cannabidiol calma y acondiciona la piel y le confiere propiedades antioxidantes y protectoras.<br \/><\/span><\/p>\n<h3><span style=\"text-decoration: underline\"><strong><br \/>Ingredientes<\/strong><\/span><\/h3>\n<p>Agua, alcohol cet\u00edlico, piedra p\u00f3mez, caprato de coco\/caprilato, alcohol estear\u00edlico, manteca de butyrospermum Parkii, sulfato de sodio cetear\u00edlico, cannabidiol, glicerina, alcohol benc\u00edlico, caprilato de glicerilo, undecilenato de glicerilo, acetato de tocoferilo.<\/p>\n","protected":false},"excerpt":{"rendered":"<p>Suave mousse exfoliante enriquecida con CBD. Su textura cremosa ayuda a realizar una limpieza facial muy suave. El cannabidiol calma,<\/p>\n","protected":false},"featured_media":132769,"comment_status":"open","ping_status":"closed","template":"","meta":[],"product_brand":[],"product_cat":[7914],"product_tag":[],"class_list":{"0":"post-132773","1":"product","2":"type-product","3":"status-publish","4":"has-post-thumbnail","6":"product_cat-cosmeticos","8":"first","9":"instock","10":"taxable","11":"shipping-taxable","12":"purchasable","13":"product-type-simple"},"aioseo_notices":[],"_links":{"self":[{"href":"https:\/\/www.budream.com\/es\/wp-json\/wp\/v2\/product\/132773","targetHints":{"allow":["GET"]}}],"collection":[{"href":"https:\/\/www.budream.com\/es\/wp-json\/wp\/v2\/product"}],"about":[{"href":"https:\/\/www.budream.com\/es\/wp-json\/wp\/v2\/types\/product"}],"replies":[{"embeddable":true,"href":"https:\/\/www.budream.com\/es\/wp-json\/wp\/v2\/comments?post=132773"}],"version-history":[{"count":0,"href":"https:\/\/www.budream.com\/es\/wp-json\/wp\/v2\/product\/132773\/revisions"}],"wp:featuredmedia":[{"embeddable":true,"href":"https:\/\/www.budream.com\/es\/wp-json\/wp\/v2\/media\/132769"}],"wp:attachment":[{"href":"https:\/\/www.budream.com\/es\/wp-json\/wp\/v2\/media?parent=132773"}],"wp:term":[{"taxonomy":"product_brand","embeddable":true,"href":"https:\/\/www.budream.com\/es\/wp-json\/wp\/v2\/product_brand?post=132773"},{"taxonomy":"product_cat","embeddable":true,"href":"https:\/\/www.budream.com\/es\/wp-json\/wp\/v2\/product_cat?post=132773"},{"taxonomy":"product_tag","embeddable":true,"href":"https:\/\/www.budream.com\/es\/wp-json\/wp\/v2\/product_tag?post=132773"}],"curies":[{"name":"wp","href":"https:\/\/api.w.org\/{rel}","templated":true}]}}