{"id":132783,"date":"2025-07-31T00:38:01","date_gmt":"2025-07-30T22:38:01","guid":{"rendered":"https:\/\/www.budream.com\/shop\/kannodol-mascarilla-de-arcilla-con-cbd-50ml\/"},"modified":"2025-12-19T12:19:29","modified_gmt":"2025-12-19T10:19:29","slug":"kannodol-mascarilla-de-arcilla-con-cbd-50ml","status":"publish","type":"product","link":"https:\/\/www.budream.com\/es\/shop\/kannodol-mascarilla-de-arcilla-con-cbd-50ml\/","title":{"rendered":"KANNODOL &#8211; MASCARILLA DE ARCILLA CON CBD | 50ml"},"content":{"rendered":"<p>Ayuda a limpiar la piel, al tiempo que aporta beneficios antiinflamatorios y antioxidantes gracias al CBD.<\/p>\n<p><em>Contenido en CBD: 825 mg.<br \/><strong>Sin THC<\/strong><\/em><\/p>\n<h3><span style=\"text-decoration: underline\"><strong>Modo de empleo<\/strong><\/span><\/h3>\n<p>Aplicar ma\u00f1ana y\/o noche despu\u00e9s de limpiar generosamente la piel y dejar actuar durante 15 minutos, el aclarado con agua tibia es opcional.<\/p>\n<h3><span style=\"text-decoration: underline\"><strong>Propiedades<\/strong><\/span><\/h3>\n<p><span class=\"S1PPyQ\">Mascarilla de arcilla enriquecida con Cannabidiol. Suave masaje que se absorbe y libera lentamente el CBD a trav\u00e9s de la piel. El CBD cuida, protege la piel y tiene propiedades antioxidantes.<br \/><\/span><\/p>\n<h3><span style=\"text-decoration: underline\"><strong><br \/>Ingredientes<\/strong><\/span><\/h3>\n<p><span class=\"S1PPyQ\">Agua, caol\u00edn, caprilato\/caprato de coco, alcohol cetear\u00edlico, alcohol estear\u00edlico, cannabidiol, bentonita, acetato de tocoferilo, sulfato cetear\u00edlico de sodio, fenoxietanol, etilhexilglicerina.<\/span><\/p>\n","protected":false},"excerpt":{"rendered":"<p>Ayuda a limpiar la piel, al tiempo que aporta beneficios antiinflamatorios y antioxidantes gracias al CBD. Contenido en CBD: 825<\/p>\n","protected":false},"featured_media":132779,"comment_status":"open","ping_status":"closed","template":"","meta":[],"product_brand":[],"product_cat":[7914],"product_tag":[],"class_list":{"0":"post-132783","1":"product","2":"type-product","3":"status-publish","4":"has-post-thumbnail","6":"product_cat-cosmeticos","8":"first","9":"instock","10":"taxable","11":"shipping-taxable","12":"purchasable","13":"product-type-simple"},"_links":{"self":[{"href":"https:\/\/www.budream.com\/es\/wp-json\/wp\/v2\/product\/132783","targetHints":{"allow":["GET"]}}],"collection":[{"href":"https:\/\/www.budream.com\/es\/wp-json\/wp\/v2\/product"}],"about":[{"href":"https:\/\/www.budream.com\/es\/wp-json\/wp\/v2\/types\/product"}],"replies":[{"embeddable":true,"href":"https:\/\/www.budream.com\/es\/wp-json\/wp\/v2\/comments?post=132783"}],"version-history":[{"count":0,"href":"https:\/\/www.budream.com\/es\/wp-json\/wp\/v2\/product\/132783\/revisions"}],"wp:featuredmedia":[{"embeddable":true,"href":"https:\/\/www.budream.com\/es\/wp-json\/wp\/v2\/media\/132779"}],"wp:attachment":[{"href":"https:\/\/www.budream.com\/es\/wp-json\/wp\/v2\/media?parent=132783"}],"wp:term":[{"taxonomy":"product_brand","embeddable":true,"href":"https:\/\/www.budream.com\/es\/wp-json\/wp\/v2\/product_brand?post=132783"},{"taxonomy":"product_cat","embeddable":true,"href":"https:\/\/www.budream.com\/es\/wp-json\/wp\/v2\/product_cat?post=132783"},{"taxonomy":"product_tag","embeddable":true,"href":"https:\/\/www.budream.com\/es\/wp-json\/wp\/v2\/product_tag?post=132783"}],"curies":[{"name":"wp","href":"https:\/\/api.w.org\/{rel}","templated":true}]}}