{"id":132853,"date":"2025-07-31T00:38:38","date_gmt":"2025-07-30T22:38:38","guid":{"rendered":"https:\/\/www.budream.com\/shop\/flowermate-stylo-vaporizador\/"},"modified":"2026-04-20T14:20:34","modified_gmt":"2026-04-20T12:20:34","slug":"flowermate-stylo-vaporizador","status":"publish","type":"product","link":"https:\/\/www.budream.com\/es\/shop\/flowermate-stylo-vaporizador\/","title":{"rendered":"FLOWERMATE &#8211; STYLO | VAPORIZADOR"},"content":{"rendered":"<p><strong>Flowermate presenta STYLO<\/strong>, la \u00faltima evoluci\u00f3n en tecnolog\u00eda de aromaterapia port\u00e1til.<\/p>\n<p>Cuenta con dos innovadoras c\u00e1maras de calentamiento independientes y reemplazables, una potente boquilla con conexi\u00f3n magn\u00e9tica, una colorida pantalla, un <strong>exclusivo adaptador para bong de agua<\/strong>, una duradera carcasa de aluminio y un puerto de carga USB-C.<\/p>\n<p>El vaporizador <strong>STYLO<\/strong> viene con un exclusivo adaptador para cachimba de agua que ofrece una experiencia perfecta con cada cachimba.<\/p>\n<p><\/p>\n<h3><strong>VAPORIZACI\u00d3N PRECISA<\/strong><\/h3>\n<p>C\u00e1mara de calentamiento aislada y reemplazable<br \/>Control de temperatura totalmente funcional<br \/>Respuesta t\u00e1ctil<\/p>\n<h3><strong>CARCASA DE ALUMINIO RESISTENTE<\/strong><\/h3>\n<p>Bater\u00eda integrada de 3000 mAh<br \/>Duraci\u00f3n de la sesi\u00f3n personalizable<\/p>\n<h3><strong>PANTALLA OLED EN COLOR<\/strong><\/h3>\n<p>Boquilla magn\u00e9tica<br \/>Puerto de carga tipo C<\/p>\n<h2><span style=\"text-decoration: underline\"><strong><br \/>Caracter\u00edsticas Flowermate Stylo:<\/strong><\/span><\/h2>\n<ul style=\"list-style-type: disc\">\n<li>Dispositivo de hierbas<\/li>\n<li>C\u00e1psula calefactora extra\u00edble<\/li>\n<li>Pantalla OLED de colores<\/li>\n<li>C\u00e1mara de calentamiento aislada y reemplazable<\/li>\n<li>Control de temperatura totalmente funcional<\/li>\n<li>Construcci\u00f3n de aluminio resistente<\/li>\n<li>Respuesta t\u00e1ctil<\/li>\n<li>Bater\u00eda integrada de 3000 mAh<\/li>\n<li>Viene con un adaptador para pipa de agua<\/li>\n<\/ul>\n<h2><span style=\"text-decoration: underline\"><strong><br \/>Especificaciones t\u00e9cnicas Flowermate Stylo<\/strong>:<br \/><\/span><\/h2>\n<ul style=\"list-style-type: disc\">\n<li>Rango de temperatura 40&deg;C &#8211; 230&deg;C<\/li>\n<li>Sesiones por carga &#8211; 8-10 sesiones<\/li>\n<li>Duraci\u00f3n de la sesi\u00f3n &#8211; 360 segundos ajustables<\/li>\n<li>Capacidad de la bater\u00eda &#8211; 3000 mAh<\/li>\n<li>Tiempo de carga &#8211; 2-2,5 horas<\/li>\n<li>Tensi\u00f3n de salida &#8211; 7,3 V<\/li>\n<li>Dimensiones &#8211; 122,78 * 50,2 * 23,2 (mm)<\/li>\n<li>Peso neto &#8211; 155 g<\/li>\n<li>Material: aluminio<\/li>\n<li>Puerto de carga &#8211; Tipo USB-C<\/li>\n<\/ul>\n","protected":false},"excerpt":{"rendered":"<p>Flowermate presenta STYLO, la \u00faltima evoluci\u00f3n en tecnolog\u00eda de aromaterapia port\u00e1til. Cuenta con dos innovadoras c\u00e1maras de calentamiento independientes y<\/p>\n","protected":false},"featured_media":132789,"comment_status":"open","ping_status":"closed","template":"","meta":[],"product_brand":[],"product_cat":[7908],"product_tag":[],"class_list":{"0":"post-132853","1":"product","2":"type-product","3":"status-publish","4":"has-post-thumbnail","6":"product_cat-vaporizadores","8":"first","9":"instock","10":"sale","11":"taxable","12":"shipping-taxable","13":"purchasable","14":"product-type-simple"},"_links":{"self":[{"href":"https:\/\/www.budream.com\/es\/wp-json\/wp\/v2\/product\/132853","targetHints":{"allow":["GET"]}}],"collection":[{"href":"https:\/\/www.budream.com\/es\/wp-json\/wp\/v2\/product"}],"about":[{"href":"https:\/\/www.budream.com\/es\/wp-json\/wp\/v2\/types\/product"}],"replies":[{"embeddable":true,"href":"https:\/\/www.budream.com\/es\/wp-json\/wp\/v2\/comments?post=132853"}],"version-history":[{"count":0,"href":"https:\/\/www.budream.com\/es\/wp-json\/wp\/v2\/product\/132853\/revisions"}],"wp:featuredmedia":[{"embeddable":true,"href":"https:\/\/www.budream.com\/es\/wp-json\/wp\/v2\/media\/132789"}],"wp:attachment":[{"href":"https:\/\/www.budream.com\/es\/wp-json\/wp\/v2\/media?parent=132853"}],"wp:term":[{"taxonomy":"product_brand","embeddable":true,"href":"https:\/\/www.budream.com\/es\/wp-json\/wp\/v2\/product_brand?post=132853"},{"taxonomy":"product_cat","embeddable":true,"href":"https:\/\/www.budream.com\/es\/wp-json\/wp\/v2\/product_cat?post=132853"},{"taxonomy":"product_tag","embeddable":true,"href":"https:\/\/www.budream.com\/es\/wp-json\/wp\/v2\/product_tag?post=132853"}],"curies":[{"name":"wp","href":"https:\/\/api.w.org\/{rel}","templated":true}]}}