{"id":132873,"date":"2025-07-31T00:39:18","date_gmt":"2025-07-30T22:39:18","guid":{"rendered":"https:\/\/www.budream.com\/shop\/ortoled-little-monster-quantum-board-ciclo-completo-dimmerable-100w-2-7%c2%b5mol-j\/"},"modified":"2026-03-23T16:19:20","modified_gmt":"2026-03-23T14:19:20","slug":"ortoled-little-monster-quantum-board-ciclo-completo-dimmerable-100w-2-7%c2%b5mol-j","status":"publish","type":"product","link":"https:\/\/www.budream.com\/es\/shop\/ortoled-little-monster-quantum-board-ciclo-completo-dimmerable-100w-2-7%c2%b5mol-j\/","title":{"rendered":"ORTOLED &#8211; LITTLE MONSTER QUANTUM BOARD CICLO COMPLETO DIMMERABLE | 100W 2.7\u00b5mol\/J"},"content":{"rendered":"<div style=\"text-align: left\">ORTOLED ha a\u00f1adido a su cat\u00e1logo la nueva l\u00e1mpara <strong>Ortoled Little Monster Full Cycle 100W Dimmable 0-100% Honglitronic <\/strong>perfecta para zonas de cultivo restringidas y superficies cuadradas. L\u00e1mpara regulable 0-100% con unidad de control para control a trav\u00e9s de control externo 0-10V Master y Slave Daisy \/ Soporta cualquier 0-10V<strong><br \/><\/strong><\/div>\n<p>La l\u00e1mpara <strong>Ortoled Little Monster Full Cycle 100W Dimmable 0-100% Honglitronic<\/strong><strong> es <\/strong> una luminaria ligera y manejable que produce altos niveles de <strong>PPF<\/strong> y una eficacia fot\u00f3nica de 2.7&micro;mol\/J <strong>,<span style=\"color: #000000\"> cubriendo perfectamente 0,5-0,80 m2 de superficie de cultivo.<\/span><\/p>\n<p><\/strong>El espectro de luz <strong>Full Cycle Ortoled <\/strong>producido por la combinaci\u00f3n de LEDs <strong>Honglitronic SMD2835 * 320PCS<\/strong><br \/><strong>+ Honglitronic SMD3535 * 15PCS<\/strong> garantiza un rendimiento excelente y una penetraci\u00f3n \u00f3ptima de la luz sin sobrecalentar el \u00e1pice de las plantas.<\/p>\n<p>La serie <strong>Ortoled Little Monster Full Cycle 100W <\/strong><strong> se <\/strong> construye utilizando la m\u00e1s alta calidad <strong>0-100% regulable Juson LED Drivers con control de perilla.<\/strong><br \/>Los diodos<strong> Honglitronic SMD2835<\/strong> <strong>* 320PCS <\/strong><strong>+ Honglitronic SMD3535 * 15PCS<\/strong> est\u00e1n montados distribuidos uniformemente por todo el cuerpo de la l\u00e1mpara para garantizar una distribuci\u00f3n \u00f3ptima y una disipaci\u00f3n perfecta del calor producido.<\/p>\n<p>El grado de protecci\u00f3n es IP65 con resina utratransparente para proteger los diodos con el fin de mantener el flujo luminoso.<\/p>\n<p><strong>Espectro de ciclo completo<br \/><\/strong>La combinaci\u00f3n y coloraci\u00f3n de los LED instalados recoge todas las bandas que necesita la planta, garantizando un flujo \u00f3ptimo desde el crecimiento hasta la floraci\u00f3n para superficies reducidas.<\/p>\n<p style=\"padding: 10px;background: #ebebeb\"><strong>Distribuci\u00f3n LED Ortoled Full Cycle 60W Samsung<br \/><\/strong><br \/>-Honglitronic<strong>SMD2835 * 320PCS <\/strong><br \/>-Honglitronic<strong>SMD3535 * 15PCS<\/strong><\/p>\n<p>Salpicadero <strong>con refrigeraci\u00f3n est\u00e1tica y sistema Sound zero<br \/><\/strong>El nuevo salpicadero <strong>Sound zero<\/strong> dise\u00f1ado para la serie <strong>Ortoled Little Monster Full Cycle <\/strong> 100W<strong> proporciona <\/strong>una excelente disipaci\u00f3n del calor producido por los LED. Esto significa que la l\u00e1mpara no requiere un sistema de refrigeraci\u00f3n adicional. Gracias al sistema <strong>Sound<\/strong> zero, el resultado es una l\u00e1mpara de alto rendimiento y extremadamente silenciosa.<\/p>\n<h2><span style=\"text-decoration: underline\"><span class=\"insidetitle\"><strong>Especificaciones t\u00e9cnicas Ortoled Quantum Little Monster Board Full Cycle 100W:<\/strong><\/span><\/span><\/h2>\n<ul style=\"list-style-type: disc\">\n<li><strong>Eficacia:<\/strong><strong> 2,7 &micro;mol \/ J<\/strong><\/li>\n<li><span class=\"insidetitle\">Tensi\u00f3n de entrada:<\/span> AC 100-277V\/50-60HZ<\/li>\n<li><span class=\"insidetitle\">Consumo:<\/span> 100 W<\/li>\n<li><span style=\"color: #000000\"><span class=\"insidetitle\">\u00c1rea iluminable:<\/span> <strong>0,5-0,80 m2<\/strong><\/span><\/li>\n<li>Distancia a las plantas: m\u00edn.30 m\u00e1x.60 cm<\/li>\n<li><span class=\"insidetitle\">Vida \u00fatil:<\/span> 60.000 horas<\/li>\n<li><span class=\"insidetitle\">Distribuci\u00f3n de la luz:<\/span> 120<\/li>\n<li><span class=\"insidetitle\">Fuente de luz:<\/span><strong> Honglitronic SMD2835<\/strong> <strong>* 320PCS <\/strong><strong>+ Honglitronic SMD3535 * 15PCS<\/strong><\/li>\n<li><span class=\"insidetitle\">Peso:<\/span> 1,5 kg<\/li>\n<li><span class=\"insidetitle\">Dimensiones:<\/span> 250x250x61 mm<\/li>\n<li><span class=\"insidetitle\">Espectro:<\/span> Ciclo completo 4000K+660nm<\/li>\n<\/ul>\n<p><strong>Art\u00edculos incluidos en el paquete<\/strong><\/p>\n<ul style=\"list-style-type: disc\">\n<li>1x 100w Ortoled FC 100W<\/li>\n<li>1x 1.8m Cable de alimentaci\u00f3n<\/li>\n<li>2x Cable de suspensi\u00f3n ajustable<\/li>\n<li>1x Cable de conexi\u00f3n de control Daisy maestro y esclavo Soporta cualquier controlador externo 0-10V<\/li>\n<li>2x Cable de suspensi\u00f3n fijo<\/li>\n<\/ul>\n<p class=\"p1\">\n<h2><span class=\"insidetitle\"><strong><span style=\"text-decoration: underline\">Caracter\u00edsticas principales Ortoled FULL CYCLE 100W 2.7 &micro;mol\/J <\/span><\/strong><\/span><\/h2>\n<ul style=\"list-style-type: disc\">\n<li>Alta eficiencia 2,7 &micro;mol\/J<\/li>\n<li>Driver LED<i><strong> Juson&reg; con potencia ajustable 0-100<\/strong><\/i><\/li>\n<li>Tecnolog\u00eda de cubierta protectora con resina de alta transparencia<\/li>\n<li>Espectro de ciclo completo<\/li>\n<li>Funci\u00f3n de conexi\u00f3n Master y Slave Daisy Control \/ Admite cualquier controlador externo 0-10V<\/li>\n<li>Mejor difusi\u00f3n y uniformidad de la luz y sistema <strong>Sound zero<\/strong><\/li>\n<li><span style=\"color: #000000\">Dise\u00f1o compacto ideal para un \u00e1rea de cultivo de hasta <strong>0,5-0,80<\/strong><strong> m2 o mantenimiento 1 m2<\/strong><\/span><\/li>\n<li>F\u00e1cil instalaci\u00f3n Plug &amp; Play<\/li>\n<\/ul>\n<p><\/p>\n<p class=\"p1\">No utilice la luminaria LED en vertical o como luminaria invertida (el contacto directo con los<br \/>ojos y una exposici\u00f3n prolongada puede causar da\u00f1os permanentes en la vista).<br \/>No recomendamos utilizar el aparato como luz de habitaci\u00f3n. Est\u00e1 dise\u00f1ado y desarrollado<br \/>exclusivamente para la germinaci\u00f3n, el cultivo y la floraci\u00f3n de plantas. Aseg\u00farese de que la luminaria LED<br \/>fuera de la vista y del alcance de ni\u00f1os y animales para proteger sus ojos.<br \/>Recomendamos el uso de gafas especiales para proteger los ojos.<\/p>\n","protected":false},"excerpt":{"rendered":"<p>ORTOLED ha a\u00f1adido a su cat\u00e1logo la nueva l\u00e1mpara Ortoled Little Monster Full Cycle 100W Dimmable 0-100% Honglitronic perfecta para<\/p>\n","protected":false},"featured_media":132859,"comment_status":"open","ping_status":"closed","template":"","meta":[],"product_brand":[],"product_cat":[7936],"product_tag":[],"class_list":{"0":"post-132873","1":"product","2":"type-product","3":"status-publish","4":"has-post-thumbnail","6":"product_cat-lampara-led","8":"first","9":"instock","10":"sale","11":"taxable","12":"shipping-taxable","13":"purchasable","14":"product-type-simple"},"_links":{"self":[{"href":"https:\/\/www.budream.com\/es\/wp-json\/wp\/v2\/product\/132873","targetHints":{"allow":["GET"]}}],"collection":[{"href":"https:\/\/www.budream.com\/es\/wp-json\/wp\/v2\/product"}],"about":[{"href":"https:\/\/www.budream.com\/es\/wp-json\/wp\/v2\/types\/product"}],"replies":[{"embeddable":true,"href":"https:\/\/www.budream.com\/es\/wp-json\/wp\/v2\/comments?post=132873"}],"version-history":[{"count":0,"href":"https:\/\/www.budream.com\/es\/wp-json\/wp\/v2\/product\/132873\/revisions"}],"wp:featuredmedia":[{"embeddable":true,"href":"https:\/\/www.budream.com\/es\/wp-json\/wp\/v2\/media\/132859"}],"wp:attachment":[{"href":"https:\/\/www.budream.com\/es\/wp-json\/wp\/v2\/media?parent=132873"}],"wp:term":[{"taxonomy":"product_brand","embeddable":true,"href":"https:\/\/www.budream.com\/es\/wp-json\/wp\/v2\/product_brand?post=132873"},{"taxonomy":"product_cat","embeddable":true,"href":"https:\/\/www.budream.com\/es\/wp-json\/wp\/v2\/product_cat?post=132873"},{"taxonomy":"product_tag","embeddable":true,"href":"https:\/\/www.budream.com\/es\/wp-json\/wp\/v2\/product_tag?post=132873"}],"curies":[{"name":"wp","href":"https:\/\/api.w.org\/{rel}","templated":true}]}}