{"id":132918,"date":"2025-07-31T00:42:19","date_gmt":"2025-07-30T22:42:19","guid":{"rendered":"https:\/\/www.budream.com\/shop\/kannodol-suero-anti-edad-30ml\/"},"modified":"2025-12-19T12:19:55","modified_gmt":"2025-12-19T10:19:55","slug":"kannodol-suero-anti-edad-30ml","status":"publish","type":"product","link":"https:\/\/www.budream.com\/es\/shop\/kannodol-suero-anti-edad-30ml\/","title":{"rendered":"KANNODOL &#8211; SUERO ANTI-EDAD | 30ml"},"content":{"rendered":"<p class=\"_04xlpA direction-ltr align-start para-style-body\"><span class=\"S1PPyQ\">Este suero est\u00e1 formulado con cannabidiol y <\/span><span class=\"S1PPyQ\">ceramidas que refuerzan la funci\u00f3n barrera de la piel. Aumenta la resistencia de la piel sensible y reduce la irritabilidad.<\/span><\/p>\n<p><em>Extracto de semilla de c\u00e1\u00f1amo.<br \/>Sin THC<\/em><\/p>\n<h3><span style=\"text-decoration: underline\"><strong>Modo de empleo<\/strong><\/span><\/h3>\n<p>Aplicar dos o tres gotas en los dedos y extender sobre la zona que se desea hidratar y proteger.<\/p>\n<h3><span style=\"text-decoration: underline\"><strong><br \/>Propiedades<\/strong><\/span><\/h3>\n<p><span class=\"S1PPyQ\">Producto rico en ceramidas que reconstituyen la barrera lip\u00eddica para todo tipo de pieles. Estimula los fibroblastos para generar col\u00e1geno, \u00e1cido hialur\u00f3nico y elastina, mejorando el aspecto de la piel al aportar volumen y reducir la aparici\u00f3n de l\u00edneas de expresi\u00f3n.<br \/><\/span><\/p>\n<h3><span style=\"text-decoration: underline\"><strong><br \/>Ingredientes<\/strong><\/span><\/h3>\n<p>Agua, glicerina, acetato de tocoferilo, PCA c\u00faprico, alcohol cet\u00edlico, cannabidiol, elastina hidrolizada, col\u00e1geno soluble, ceramidas glucosiladas, fosfol\u00edpidos, colesterol, PCA ment\u00edlico, alcohol benc\u00edlico, undecilenato de glicerilo, caprilato de glicerilo, goma xantana, hidr\u00f3xido de sodio, \u00e1cido c\u00edtrico, perfume, citronelol, cumarina, linalol.<\/p>\n","protected":false},"excerpt":{"rendered":"<p>Este suero est\u00e1 formulado con cannabidiol y ceramidas que refuerzan la funci\u00f3n barrera de la piel. Aumenta la resistencia de<\/p>\n","protected":false},"featured_media":132914,"comment_status":"open","ping_status":"closed","template":"","meta":[],"product_brand":[],"product_cat":[7914],"product_tag":[],"class_list":{"0":"post-132918","1":"product","2":"type-product","3":"status-publish","4":"has-post-thumbnail","6":"product_cat-cosmeticos","8":"first","9":"instock","10":"taxable","11":"shipping-taxable","12":"purchasable","13":"product-type-simple"},"_links":{"self":[{"href":"https:\/\/www.budream.com\/es\/wp-json\/wp\/v2\/product\/132918","targetHints":{"allow":["GET"]}}],"collection":[{"href":"https:\/\/www.budream.com\/es\/wp-json\/wp\/v2\/product"}],"about":[{"href":"https:\/\/www.budream.com\/es\/wp-json\/wp\/v2\/types\/product"}],"replies":[{"embeddable":true,"href":"https:\/\/www.budream.com\/es\/wp-json\/wp\/v2\/comments?post=132918"}],"version-history":[{"count":0,"href":"https:\/\/www.budream.com\/es\/wp-json\/wp\/v2\/product\/132918\/revisions"}],"wp:featuredmedia":[{"embeddable":true,"href":"https:\/\/www.budream.com\/es\/wp-json\/wp\/v2\/media\/132914"}],"wp:attachment":[{"href":"https:\/\/www.budream.com\/es\/wp-json\/wp\/v2\/media?parent=132918"}],"wp:term":[{"taxonomy":"product_brand","embeddable":true,"href":"https:\/\/www.budream.com\/es\/wp-json\/wp\/v2\/product_brand?post=132918"},{"taxonomy":"product_cat","embeddable":true,"href":"https:\/\/www.budream.com\/es\/wp-json\/wp\/v2\/product_cat?post=132918"},{"taxonomy":"product_tag","embeddable":true,"href":"https:\/\/www.budream.com\/es\/wp-json\/wp\/v2\/product_tag?post=132918"}],"curies":[{"name":"wp","href":"https:\/\/api.w.org\/{rel}","templated":true}]}}