{"id":132928,"date":"2025-07-31T00:42:49","date_gmt":"2025-07-30T22:42:49","guid":{"rendered":"https:\/\/www.budream.com\/shop\/kannodol-locion-para-el-acne-10ml\/"},"modified":"2025-12-19T12:18:34","modified_gmt":"2025-12-19T10:18:34","slug":"kannodol-locion-para-el-acne-10ml","status":"publish","type":"product","link":"https:\/\/www.budream.com\/es\/shop\/kannodol-locion-para-el-acne-10ml\/","title":{"rendered":"KANNODOL &#8211; LOCI\u00d3N PARA EL ACN\u00c9 | 10ml"},"content":{"rendered":"<p class=\"_04xlpA direction-ltr align-start para-style-body\">Producto con CBD, Bakuchiol y \u00c1rbol del T\u00e9 que ayuda a mejorar las rojeces y regula la secreci\u00f3n de sebo.<\/p>\n<p>\u00datil para zonas localizadas o para hidratar y proteger la piel.<\/p>\n<p>El Bakuchiol es un activo que mejora la producci\u00f3n de col\u00e1geno y disminuye su degradaci\u00f3n, manteni\u00e9ndolo, adem\u00e1s de reducir la s\u00edntesis de melanina, evitando la despigmentaci\u00f3n.<\/p>\n<p>A diferencia del Retinol, el Bakuchiol tiene una clara actividad calmante al inhibir ciertas respuestas inflamatorias de la piel.<\/p>\n","protected":false},"excerpt":{"rendered":"<p>Producto con CBD, Bakuchiol y \u00c1rbol del T\u00e9 que ayuda a mejorar las rojeces y regula la secreci\u00f3n de sebo.<\/p>\n","protected":false},"featured_media":132924,"comment_status":"open","ping_status":"closed","template":"","meta":[],"product_brand":[],"product_cat":[7914],"product_tag":[],"class_list":{"0":"post-132928","1":"product","2":"type-product","3":"status-publish","4":"has-post-thumbnail","6":"product_cat-cosmeticos","8":"first","9":"instock","10":"taxable","11":"shipping-taxable","12":"purchasable","13":"product-type-simple"},"_links":{"self":[{"href":"https:\/\/www.budream.com\/es\/wp-json\/wp\/v2\/product\/132928","targetHints":{"allow":["GET"]}}],"collection":[{"href":"https:\/\/www.budream.com\/es\/wp-json\/wp\/v2\/product"}],"about":[{"href":"https:\/\/www.budream.com\/es\/wp-json\/wp\/v2\/types\/product"}],"replies":[{"embeddable":true,"href":"https:\/\/www.budream.com\/es\/wp-json\/wp\/v2\/comments?post=132928"}],"version-history":[{"count":0,"href":"https:\/\/www.budream.com\/es\/wp-json\/wp\/v2\/product\/132928\/revisions"}],"wp:featuredmedia":[{"embeddable":true,"href":"https:\/\/www.budream.com\/es\/wp-json\/wp\/v2\/media\/132924"}],"wp:attachment":[{"href":"https:\/\/www.budream.com\/es\/wp-json\/wp\/v2\/media?parent=132928"}],"wp:term":[{"taxonomy":"product_brand","embeddable":true,"href":"https:\/\/www.budream.com\/es\/wp-json\/wp\/v2\/product_brand?post=132928"},{"taxonomy":"product_cat","embeddable":true,"href":"https:\/\/www.budream.com\/es\/wp-json\/wp\/v2\/product_cat?post=132928"},{"taxonomy":"product_tag","embeddable":true,"href":"https:\/\/www.budream.com\/es\/wp-json\/wp\/v2\/product_tag?post=132928"}],"curies":[{"name":"wp","href":"https:\/\/api.w.org\/{rel}","templated":true}]}}