{"id":132938,"date":"2025-07-31T00:43:18","date_gmt":"2025-07-30T22:43:18","guid":{"rendered":"https:\/\/www.budream.com\/shop\/kannodol-crema-hidratante-tattoo-50ml\/"},"modified":"2025-12-19T12:18:06","modified_gmt":"2025-12-19T10:18:06","slug":"kannodol-crema-hidratante-tattoo-50ml","status":"publish","type":"product","link":"https:\/\/www.budream.com\/es\/shop\/kannodol-crema-hidratante-tattoo-50ml\/","title":{"rendered":"KANNODOL &#8211; CREMA HIDRATANTE TATTOO | 50ml"},"content":{"rendered":"<p>Ayuda a hidratar y suavizar la piel tatuada, al tiempo que aporta beneficios antiinflamatorios y antioxidantes gracias al CBD.<\/p>\n<p><em>Contenido en CBD: 825 mg.<br \/>Sin TH<\/em><\/p>\n<h3><span style=\"text-decoration: underline\"><strong>Modo de empleo<\/strong><\/span><\/h3>\n<p>Aplicar sobre la zona que se desea hidratar o proteger y masajear con movimientos circulares hasta su completa absorci\u00f3n.<\/p>\n<h3><span style=\"text-decoration: underline\"><strong><br \/>Propiedades<\/strong><\/span><\/h3>\n<p><span class=\"S1PPyQ\">Contiene extracto de aloe vera con propiedades antioxidantes; urea, mol\u00e9cula importante para la hidrataci\u00f3n del estrato c\u00f3rneo y la funci\u00f3n barrera de la piel; y aceite de jojoba para una lubricaci\u00f3n extra. Crema de r\u00e1pida absorci\u00f3n que reduce la p\u00e9rdida transepid\u00e9rmica de agua, devolviendo a la piel los valores h\u00eddricos adecuados para una hidrataci\u00f3n intensa.<br \/><\/span><\/p>\n<h3><span style=\"text-decoration: underline\"><strong><br \/>Ingredientes<\/strong><\/span><\/h3>\n<p>Agua, zumo de hoja de aloe barbadensis, beta\u00edna, acetato de cetilo, hidroxietil urea, pantenol, alcohol de lanolina acetilado, acetato de oleilo, acetato de tocoferilo, aceite de semilla de Simmondsia Chinensis, poliacrilamida, isoparafina C13-14, Laureth-7, cannabidiol, \u00e1cido asc\u00f3rbico, \u00e1cido c\u00edtrico.<\/p>\n","protected":false},"excerpt":{"rendered":"<p>Ayuda a hidratar y suavizar la piel tatuada, al tiempo que aporta beneficios antiinflamatorios y antioxidantes gracias al CBD. Contenido<\/p>\n","protected":false},"featured_media":132934,"comment_status":"open","ping_status":"closed","template":"","meta":[],"product_brand":[],"product_cat":[7914],"product_tag":[],"class_list":{"0":"post-132938","1":"product","2":"type-product","3":"status-publish","4":"has-post-thumbnail","6":"product_cat-cosmeticos","8":"first","9":"instock","10":"taxable","11":"shipping-taxable","12":"purchasable","13":"product-type-simple"},"_links":{"self":[{"href":"https:\/\/www.budream.com\/es\/wp-json\/wp\/v2\/product\/132938","targetHints":{"allow":["GET"]}}],"collection":[{"href":"https:\/\/www.budream.com\/es\/wp-json\/wp\/v2\/product"}],"about":[{"href":"https:\/\/www.budream.com\/es\/wp-json\/wp\/v2\/types\/product"}],"replies":[{"embeddable":true,"href":"https:\/\/www.budream.com\/es\/wp-json\/wp\/v2\/comments?post=132938"}],"version-history":[{"count":0,"href":"https:\/\/www.budream.com\/es\/wp-json\/wp\/v2\/product\/132938\/revisions"}],"wp:featuredmedia":[{"embeddable":true,"href":"https:\/\/www.budream.com\/es\/wp-json\/wp\/v2\/media\/132934"}],"wp:attachment":[{"href":"https:\/\/www.budream.com\/es\/wp-json\/wp\/v2\/media?parent=132938"}],"wp:term":[{"taxonomy":"product_brand","embeddable":true,"href":"https:\/\/www.budream.com\/es\/wp-json\/wp\/v2\/product_brand?post=132938"},{"taxonomy":"product_cat","embeddable":true,"href":"https:\/\/www.budream.com\/es\/wp-json\/wp\/v2\/product_cat?post=132938"},{"taxonomy":"product_tag","embeddable":true,"href":"https:\/\/www.budream.com\/es\/wp-json\/wp\/v2\/product_tag?post=132938"}],"curies":[{"name":"wp","href":"https:\/\/api.w.org\/{rel}","templated":true}]}}