{"id":132948,"date":"2025-07-31T00:43:46","date_gmt":"2025-07-30T22:43:46","guid":{"rendered":"https:\/\/www.budream.com\/shop\/kannodol-agua-micelar-200ml\/"},"modified":"2026-04-21T19:46:20","modified_gmt":"2026-04-21T17:46:20","slug":"kannodol-agua-micelar-200ml","status":"publish","type":"product","link":"https:\/\/www.budream.com\/es\/shop\/kannodol-agua-micelar-200ml\/","title":{"rendered":"KANNODOL &#8211; AGUA MICELAR | 200ml"},"content":{"rendered":"<p><span class=\"S1PPyQ\">Ayuda a eliminar las impurezas y el maquillaje de la piel con suavidad y eficacia.<\/span><\/p>\n<p><em>Extracto de semillas de c\u00e1\u00f1amo<br \/>sin THC<\/em><\/p>\n<h3><span style=\"text-decoration: underline\"><strong>Modo de empleo<\/strong><\/span><\/h3>\n<p>Aplicar una peque\u00f1a cantidad de producto para humedecer la almohadilla desmaquillante y frotar suavemente sobre la piel para eliminar el maquillaje. Sin aclarado. Para todo tipo de pieles, incluso las sensibles.<\/p>\n<h3><span style=\"text-decoration: underline\"><strong><br \/>Propiedades<\/strong><\/span><\/h3>\n<p><span class=\"S1PPyQ\">Combinaci\u00f3n de extracto de semillas de c\u00e1\u00f1amo con activos hidratantes y reafirmantes como el pepino y calmantes como la camomila.<br \/><\/span><\/p>\n<h3><span style=\"text-decoration: underline\"><strong><br \/>Ingredientes<\/strong><\/span><\/h3>\n<p>Agua, Caprylyl\/capryl glucoside, glicerina, dextrosa, extracto de semilla de cannabis sativa, alpha-glucan oligosaccharide, extracto de flor de Chamomilla Recutita, extracto de fruto de Cucumis Sativus, cetrimonium chloride, benzyl alcohol, glyceryl caprylate, glyceryl, undecylenate, perfume, citronellol, coumarin, Linalool.<\/p>\n","protected":false},"excerpt":{"rendered":"<p>Ayuda a eliminar las impurezas y el maquillaje de la piel con suavidad y eficacia. Extracto de semillas de c\u00e1\u00f1amosin<\/p>\n","protected":false},"featured_media":132944,"comment_status":"open","ping_status":"closed","template":"","meta":[],"product_brand":[],"product_cat":[7914],"product_tag":[],"class_list":{"0":"post-132948","1":"product","2":"type-product","3":"status-publish","4":"has-post-thumbnail","6":"product_cat-cosmeticos","8":"first","9":"instock","10":"taxable","11":"shipping-taxable","12":"purchasable","13":"product-type-simple"},"_links":{"self":[{"href":"https:\/\/www.budream.com\/es\/wp-json\/wp\/v2\/product\/132948","targetHints":{"allow":["GET"]}}],"collection":[{"href":"https:\/\/www.budream.com\/es\/wp-json\/wp\/v2\/product"}],"about":[{"href":"https:\/\/www.budream.com\/es\/wp-json\/wp\/v2\/types\/product"}],"replies":[{"embeddable":true,"href":"https:\/\/www.budream.com\/es\/wp-json\/wp\/v2\/comments?post=132948"}],"version-history":[{"count":0,"href":"https:\/\/www.budream.com\/es\/wp-json\/wp\/v2\/product\/132948\/revisions"}],"wp:featuredmedia":[{"embeddable":true,"href":"https:\/\/www.budream.com\/es\/wp-json\/wp\/v2\/media\/132944"}],"wp:attachment":[{"href":"https:\/\/www.budream.com\/es\/wp-json\/wp\/v2\/media?parent=132948"}],"wp:term":[{"taxonomy":"product_brand","embeddable":true,"href":"https:\/\/www.budream.com\/es\/wp-json\/wp\/v2\/product_brand?post=132948"},{"taxonomy":"product_cat","embeddable":true,"href":"https:\/\/www.budream.com\/es\/wp-json\/wp\/v2\/product_cat?post=132948"},{"taxonomy":"product_tag","embeddable":true,"href":"https:\/\/www.budream.com\/es\/wp-json\/wp\/v2\/product_tag?post=132948"}],"curies":[{"name":"wp","href":"https:\/\/api.w.org\/{rel}","templated":true}]}}