{"id":132958,"date":"2025-07-31T00:44:14","date_gmt":"2025-07-30T22:44:14","guid":{"rendered":"https:\/\/www.budream.com\/shop\/kannodol-tonico-astringente-200ml\/"},"modified":"2025-12-19T12:20:25","modified_gmt":"2025-12-19T10:20:25","slug":"kannodol-tonico-astringente-200ml","status":"publish","type":"product","link":"https:\/\/www.budream.com\/es\/shop\/kannodol-tonico-astringente-200ml\/","title":{"rendered":"KANNODOL &#8211; T\u00d3NICO ASTRINGENTE | 200ml"},"content":{"rendered":"<p><span class=\"S1PPyQ\">Ayuda a tonificar y equilibrar el pH de la piel<\/span><\/p>\n<p><em>Extracto de semillas de c\u00e1\u00f1amo<br \/>sin THC<\/em><\/p>\n<h3><span style=\"text-decoration: underline\"><strong>Modo de empleo<\/strong><\/span><\/h3>\n<p>Aplicar ma\u00f1ana y\/o noche despu\u00e9s de limpiar la piel con el exfoliante suave. Con un disco de algod\u00f3n limpio, aplicar el producto dando suaves golpecitos hasta su completa absorci\u00f3n. No aclarar.<\/p>\n<h3><span style=\"text-decoration: underline\"><strong><br \/>Propiedades<\/strong><\/span><\/h3>\n<p><span class=\"S1PPyQ\">T\u00f3nico facial astringente con extracto de semillas de c\u00e1\u00f1amo y extracto de hamamelis. Acondiciona y mejora la homogeneidad de la piel, cierra el tama\u00f1o de los poros, protege y acondiciona la piel.<br \/><\/span><\/p>\n<h3><span style=\"text-decoration: underline\"><strong><br \/>Ingredientes<\/strong><\/span><\/h3>\n<p>Agua, Alcohol desnaturalizado, \u00c1cido salic\u00edlico, Extracto de semilla de Cannabis Sativa, Glicerina, Extracto de Hammamelis Virginiana, Alcohol benc\u00edlico, Sorbato pot\u00e1sico, Benzoato s\u00f3dico.<\/p>\n","protected":false},"excerpt":{"rendered":"<p>Ayuda a tonificar y equilibrar el pH de la piel Extracto de semillas de c\u00e1\u00f1amosin THC Modo de empleo Aplicar<\/p>\n","protected":false},"featured_media":132954,"comment_status":"open","ping_status":"closed","template":"","meta":[],"product_brand":[],"product_cat":[7914],"product_tag":[],"class_list":{"0":"post-132958","1":"product","2":"type-product","3":"status-publish","4":"has-post-thumbnail","6":"product_cat-cosmeticos","8":"first","9":"instock","10":"taxable","11":"shipping-taxable","12":"purchasable","13":"product-type-simple"},"_links":{"self":[{"href":"https:\/\/www.budream.com\/es\/wp-json\/wp\/v2\/product\/132958","targetHints":{"allow":["GET"]}}],"collection":[{"href":"https:\/\/www.budream.com\/es\/wp-json\/wp\/v2\/product"}],"about":[{"href":"https:\/\/www.budream.com\/es\/wp-json\/wp\/v2\/types\/product"}],"replies":[{"embeddable":true,"href":"https:\/\/www.budream.com\/es\/wp-json\/wp\/v2\/comments?post=132958"}],"version-history":[{"count":0,"href":"https:\/\/www.budream.com\/es\/wp-json\/wp\/v2\/product\/132958\/revisions"}],"wp:featuredmedia":[{"embeddable":true,"href":"https:\/\/www.budream.com\/es\/wp-json\/wp\/v2\/media\/132954"}],"wp:attachment":[{"href":"https:\/\/www.budream.com\/es\/wp-json\/wp\/v2\/media?parent=132958"}],"wp:term":[{"taxonomy":"product_brand","embeddable":true,"href":"https:\/\/www.budream.com\/es\/wp-json\/wp\/v2\/product_brand?post=132958"},{"taxonomy":"product_cat","embeddable":true,"href":"https:\/\/www.budream.com\/es\/wp-json\/wp\/v2\/product_cat?post=132958"},{"taxonomy":"product_tag","embeddable":true,"href":"https:\/\/www.budream.com\/es\/wp-json\/wp\/v2\/product_tag?post=132958"}],"curies":[{"name":"wp","href":"https:\/\/api.w.org\/{rel}","templated":true}]}}