{"id":132968,"date":"2025-07-31T00:44:42","date_gmt":"2025-07-30T22:44:42","guid":{"rendered":"https:\/\/www.budream.com\/shop\/kannodol-locion-de-cabina-200ml\/"},"modified":"2025-12-19T12:19:01","modified_gmt":"2025-12-19T10:19:01","slug":"kannodol-locion-de-cabina-200ml","status":"publish","type":"product","link":"https:\/\/www.budream.com\/es\/shop\/kannodol-locion-de-cabina-200ml\/","title":{"rendered":"KANNODOL &#8211; LOCI\u00d3N DE CABINA | 200ml"},"content":{"rendered":"<p>Emulsi\u00f3n corporal desintoxicante e hidratante. Con Cannabidiol y vitamina C que aumentan la energ\u00eda celular, aportando firmeza y luminosidad. En su formulaci\u00f3n tambi\u00e9n encontramos galacturonanos de cilantro y flavonoides de naranja dulce que reducen los dep\u00f3sitos de grasa y mejoran la piel de naranja.<\/p>\n<p><em>Contenido en aislado de CBD: 200 mg.<br \/>libre de THC<\/em><\/p>\n<h3><span style=\"text-decoration: underline\"><strong>Modo de empleo<\/strong><\/span><\/h3>\n<p>Dispensar la crema en los dedos y extenderla sobre la zona que se desea hidratar y proteger, realizando suaves masajes circulares de abajo hacia arriba.<\/p>\n<h3><span style=\"text-decoration: underline\"><strong><br \/>Propiedades<\/strong><\/span><\/h3>\n<p><span class=\"S1PPyQ\">Combinaci\u00f3n de <span class=\"hiddenSpellError\">cannabidiol<\/span> y vitamina C vectorizada por silicio org\u00e1nico. Reestructura la superficie cut\u00e1nea y normaliza el tono. Anticelul\u00edtico, favorece la eliminaci\u00f3n de las grasas acumuladas.<br \/><\/span><\/p>\n<h3><span style=\"text-decoration: underline\"><strong><br \/>Ingredientes<\/strong><\/span><\/h3>\n<p><span class=\"hiddenSpellError\">Agua<\/span>, <span class=\"hiddenSpellError\">coco-caprilato\/caprato , estearato de glicerilo , poligliceril-3-metilglucosa <\/span><span class=\"hiddenSpellError\">diestearato<\/span>, <span class=\"hiddenSpellError\">alcohol<\/span> cet\u00edlico , <span class=\"hiddenSpellError\">pectinato de<\/span><span class=\"hiddenSpellError\">ascorbilo<\/span> metilsilanol , <span class=\"hiddenSpellError\">extracto <\/span><span class=\"hiddenSpellError\">hidrolizado<\/span> del fruto <span class=\"hiddenSpellError\">de <\/span><span class=\"hiddenSpellError\">coriandrum <\/span><span class=\"hiddenSpellError\">sativum <\/span><span class=\"hiddenSpellError\">,<\/span> extracto del<span class=\"hiddenSpellError\">fruto <\/span><span class=\"hiddenSpellError\">de <\/span><span class=\"hiddenSpellError\">Citrus <\/span><span class=\"hiddenSpellError\">Aurantium<\/span> Dulcis <span class=\"hiddenSpellError\">( <\/span><span class=\"hiddenSpellError\">naranja <\/span><span class=\"hiddenSpellError\">) <\/span>,<span class=\"hiddenSpellError\">cannabidiol<\/span>, jugo de<span class=\"hiddenSpellError\">hoja de <\/span> aloe <span class=\"hiddenSpellError\">barbadensis<\/span>, PEG-20 <span class=\"hiddenSpellError\">aceite<\/span> de ricino , <span class=\"hiddenSpellError\">glicerina<\/span>, alcohol <span class=\"hiddenSpellError\">desnaturalizado<\/span><span class=\"hiddenSpellError\">, <\/span> <span class=\"hiddenSpellError\">aceite de <\/span><span class=\"hiddenSpellError\">Zea <\/span><span class=\"hiddenSpellError\">Mays<\/span> ( <span class=\"hiddenSpellError\">ma\u00edz<\/span> ) , <span class=\"hiddenSpellError\">extracto <\/span><span class=\"hiddenSpellError\">de semilla <\/span><span class=\"hiddenSpellError\">de Aesculus <\/span><span class=\"hiddenSpellError\">Hippocastanum<\/span> ( <span class=\"hiddenSpellError\">casta\u00f1o de indias<\/span> ) , <span class=\"hiddenSpellError\">pantotenato <\/span>pantotenato de<span class=\"hiddenSpellError\">calcio<\/span>, inositol , retinol , aceite de semilla de <span class=\"hiddenSpellError\">rosa mosqueta <\/span>,<span class=\"hiddenSpellError\">acetato de<\/span> <span class=\"hiddenSpellError\">tocoferilo <\/span><span class=\"hiddenSpellError\">,<\/span> biotina <span class=\"hiddenSpellError\">,<\/span> benzoato de<span class=\"hiddenSpellError\">sodio<\/span>, <span class=\"hiddenSpellError\">sorbato de <\/span><span class=\"hiddenSpellError\">potasio <\/span> <span class=\"hiddenSpellError\">extracto de <\/span><span class=\"hiddenSpellError\">equisetum<\/span> arvense<span class=\"hiddenSpellError\">. <\/span> aceite<span class=\"hiddenSpellError\">de <\/span><span class=\"hiddenSpellError\">semilla<\/span> de cannabis sativa<span class=\"hiddenSpellError\">, <\/span> alcohol <span class=\"hiddenSpellError\">benc\u00edlico <\/span>,<span class=\"hiddenSpellError\">xilililgluc\u00f3sido<\/span>,<span class=\"hiddenSpellError\">caprilato<\/span> <span class=\"hiddenSpellError\">de glicerilo <\/span>,<span class=\"hiddenSpellError\">undecilenato de<\/span> <span class=\"hiddenSpellError\">glicerilo <\/span> <span class=\"hiddenSpellError\">xilitol<\/span>, <span class=\"hiddenSpellError\">anhidroxilitol<\/span>, <span class=\"hiddenSpellError\">goma <\/span><span class=\"hiddenSpellError\">xantana<\/span>, <span class=\"hiddenSpellError\">perfume<\/span>, <span class=\"hiddenSpellError\">citronelol<\/span>, <span class=\"hiddenSpellError\">cumarina<\/span>, <span class=\"hiddenSpellError\">linalool<\/span>, \u00e1cido <span class=\"hiddenSpellError\">c\u00edtrico<\/span>.<\/p>\n","protected":false},"excerpt":{"rendered":"<p>Emulsi\u00f3n corporal desintoxicante e hidratante. Con Cannabidiol y vitamina C que aumentan la energ\u00eda celular, aportando firmeza y luminosidad. En<\/p>\n","protected":false},"featured_media":132964,"comment_status":"open","ping_status":"closed","template":"","meta":[],"product_brand":[],"product_cat":[7914],"product_tag":[],"class_list":{"0":"post-132968","1":"product","2":"type-product","3":"status-publish","4":"has-post-thumbnail","6":"product_cat-cosmeticos","8":"first","9":"instock","10":"taxable","11":"shipping-taxable","12":"purchasable","13":"product-type-simple"},"_links":{"self":[{"href":"https:\/\/www.budream.com\/es\/wp-json\/wp\/v2\/product\/132968","targetHints":{"allow":["GET"]}}],"collection":[{"href":"https:\/\/www.budream.com\/es\/wp-json\/wp\/v2\/product"}],"about":[{"href":"https:\/\/www.budream.com\/es\/wp-json\/wp\/v2\/types\/product"}],"replies":[{"embeddable":true,"href":"https:\/\/www.budream.com\/es\/wp-json\/wp\/v2\/comments?post=132968"}],"version-history":[{"count":0,"href":"https:\/\/www.budream.com\/es\/wp-json\/wp\/v2\/product\/132968\/revisions"}],"wp:featuredmedia":[{"embeddable":true,"href":"https:\/\/www.budream.com\/es\/wp-json\/wp\/v2\/media\/132964"}],"wp:attachment":[{"href":"https:\/\/www.budream.com\/es\/wp-json\/wp\/v2\/media?parent=132968"}],"wp:term":[{"taxonomy":"product_brand","embeddable":true,"href":"https:\/\/www.budream.com\/es\/wp-json\/wp\/v2\/product_brand?post=132968"},{"taxonomy":"product_cat","embeddable":true,"href":"https:\/\/www.budream.com\/es\/wp-json\/wp\/v2\/product_cat?post=132968"},{"taxonomy":"product_tag","embeddable":true,"href":"https:\/\/www.budream.com\/es\/wp-json\/wp\/v2\/product_tag?post=132968"}],"curies":[{"name":"wp","href":"https:\/\/api.w.org\/{rel}","templated":true}]}}