{"id":133135,"date":"2025-07-31T00:50:03","date_gmt":"2025-07-30T22:50:03","guid":{"rendered":"https:\/\/www.budream.com\/shop\/ortoled-s-line-foldable-con-ballast-elettronico-dimmerabile-250-400-600-660w-29-umol-j-samsung-led\/"},"modified":"2026-01-07T17:33:18","modified_gmt":"2026-01-07T15:33:18","slug":"ortoled-s-line-foldable-con-ballast-elettronico-dimmerabile-250-400-600-660w-29-umol-j-samsung-led","status":"publish","type":"product","link":"https:\/\/www.budream.com\/es\/shop\/ortoled-s-line-foldable-con-ballast-elettronico-dimmerabile-250-400-600-660w-29-umol-j-samsung-led\/","title":{"rendered":"ORTOLED S LINE PLEGABLE CON PANTALLA ELECTR\u00d3NICA DIMMERABLE 250-400-660W 2.9 umol\/J SAMSUNG LED"},"content":{"rendered":"<p>ORTOLED incorpora a su cat\u00e1logo la nueva l\u00e1mpara <strong>ORTOLED S LINE PLEGABLE CON BALASTO ELECTR\u00d3NICO DIMMERABLE 250-400-660W 2,9 umol\/J SAMSUNG LED<\/strong> perfecta para grandes zonas de cultivo en groowrooms profesionales.<\/p>\n<p>La l\u00e1mpara <strong>ORTOLED S LINE Foldable MAX 660W <\/strong> es una luminaria ligera y manejable que produce altos niveles de <strong>PPF<\/strong> y una eficacia fot\u00f3nica de <strong>2,9 <\/strong><strong>umol\/J <\/strong><strong>recomendada para una superficie de 2,4 metros cuadrados.<\/p>\n<p>Construcci\u00f3n totalmente de aluminio, ligera y sin corrosi\u00f3n.<\/p>\n<p>La L\u00c1MPARA<\/strong> <strong>PLEGABLE ORTOLED S LINE CON BALASTO ELECTR\u00d3NICO DIMMERABLE 250-400-660W 2,9 umol\/J SAMSUNG <\/strong> LED est\u00e1 construida con LEDs <strong>Samsung SMD2835 x 2688pcs 4000K LEDs + 3w SMD3535 x 144pcs<\/strong><strong> 660nm 660nm <\/strong>y<strong> garantiza <\/strong>un excelente rendimiento lum\u00ednico y nivel de penetraci\u00f3n de la luz sin sobrecalentar el \u00e1pice de las plantas.<\/p>\n<p>El grado de protecci\u00f3n es IP65 con resina utratransparente para proteger los diodos con el fin de mantener el flujo luminoso.<\/p>\n<p><strong>Espectro Agro total<\/strong><br \/>La combinaci\u00f3n y coloraci\u00f3n de los LED instalados recoge todas las bandas que necesita la planta, garantizando un flujo \u00f3ptimo desde el crecimiento hasta la floraci\u00f3n.<\/p>\n<p><img loading=\"lazy\" decoding=\"async\" src=\"https:\/\/www.indoorline.com\/app\/media\/uploads\/wysiwyg\/Spettro%20Ortoled%20S%20Line%20FD.jpg\" alt=\"\" width=\"1064\" height=\"491\" \/><\/p>\n<p><strong><br \/>Refrigeraci\u00f3n est\u00e1tica y sistema Sound zero<br \/><\/strong>La nueva tecnolog\u00eda <strong>Sound zero<\/strong> dise\u00f1ada para la serie <strong>Ortoled S Line <\/strong>proporciona una excelente disipaci\u00f3n del calor producido por los LEDs. Esto significa que la l\u00e1mpara no necesita un sistema de refrigeraci\u00f3n adicional. Gracias al sistema <strong>Sound<\/strong> zero, el resultado es una l\u00e1mpara de alto rendimiento y extremadamente silenciosa.<\/p>\n<h2><span class=\"insidetitle\" style=\"font-size: 12pt\"><strong>ORTOLED S LINE PLEGABLE CON BALLAST DIMM ELECTR\u00d3NICO 250-400-660W 2,9 umol\/J SAMSUNG LED:<\/strong><\/span><\/h2>\n<ul>\n<li><strong>Eficacia:<\/strong><strong> 2,9 &micro;mol \/ J<\/strong><\/li>\n<li><span class=\"insidetitle\">Tensi\u00f3n de entrada:<\/span>AC Input: AC110-277V 50\/60 Hz<\/li>\n<li><span class=\"insidetitle\">Consumo de energ\u00eda:<\/span> MAX 660W dependiendo del balasto electr\u00f3nico utilizado<\/li>\n<li><span class=\"insidetitle\">\u00c1rea iluminable:<\/span> 2,4 metros cuadrados<\/li>\n<li>Distancia m\u00ednima: 30-60 cm<\/li>\n<li>6 x barras LED<\/li>\n<li>Estructura de aluminio<\/li>\n<li><span class=\"insidetitle\">Distribuci\u00f3n de la luz:<\/span> 120<\/li>\n<li><span class=\"insidetitle\">Fuente de luz: <strong>Samsung SMD2835 x 2688pcs 4000K LED + 3w SMD3535 x 144pcs 660nm<\/strong><\/span><\/li>\n<li><span class=\"insidetitle\">Regulable:<\/span> 250-400-660W<\/li>\n<li><span class=\"insidetitle\">Peso<\/span>: 9 Kg<\/li>\n<li><span class=\"insidetitle\">Dimensiones:<\/span> 1100x1100x90 mm<\/li>\n<li><span class=\"insidetitle\">Espectro:<\/span> Total Agro<\/li>\n<li>\n<div>Temperatura de trabajo: -20&deg;-40<\/div>\n<\/li>\n<li>\n<div>Control de la luz: con controlador integrado en el balasto<\/div>\n<\/li>\n<li>\n<div>Vida \u00fatil: m\u00e1s de 50 mil horas (decaimiento +\/- 3% a las 100 mil horas)<\/div>\n<\/li>\n<li>\n<div>Garant\u00eda: 3 a\u00f1os<\/div>\n<\/li>\n<\/ul>\n<p><\/p>\n<div><\/div>\n<h2><span class=\"insidetitle\"><strong>Art\u00edculos incluidos en el paquete<\/strong><\/span><\/h2>\n<ul>\n<li><i>1 x Panel led Ortoled <strong>Sound Zero<\/strong><\/i><\/li>\n<li>6 x Barras led<\/li>\n<li><i>1 x Cable de alimentaci\u00f3n<\/i><\/li>\n<li><i>1 x Balasto electr\u00f3nico de cuatro potencias<\/i><\/li>\n<li><i>1 x Cable de conexi\u00f3n Cascada\/Control K Control <\/i><\/li>\n<li><i>2 x Mosquetones para suspensi\u00f3n<\/i><\/li>\n<\/ul>\n<h2><span class=\"insidetitle\"><strong><br \/><span style=\"font-size: 12pt\">ORTOLED S LINE PLEGABLE CON BALASTO ELECTR\u00d3NICO DIMM 250-400-660W 2,9 umol\/J SAMSUNG LED<\/span><br \/><\/strong><\/span><\/h2>\n<ul>\n<li><strong>Alta eficiencia<\/strong> <strong>2,6<\/strong> &micro;mol\/J<\/li>\n<li>Tecnolog\u00eda de cubierta protectora con resina de alta transparencia<\/li>\n<li>Espectro Agro total<\/li>\n<li>Mejor difusi\u00f3n y uniformidad de la luz y sistema <strong>Sound zero<\/strong><\/li>\n<li>Dise\u00f1o compacto ideal para una superficie de cultivo <strong>de 2,4 m2<\/strong><\/li>\n<li>Totalmente regulable 250-400-660W<\/li>\n<li>F\u00e1cil instalaci\u00f3n Plug &amp; Play<\/li>\n<\/ul>\n","protected":false},"excerpt":{"rendered":"<p>ORTOLED incorpora a su cat\u00e1logo la nueva l\u00e1mpara ORTOLED S LINE PLEGABLE CON BALASTO ELECTR\u00d3NICO DIMMERABLE 250-400-660W 2,9 umol\/J SAMSUNG<\/p>\n","protected":false},"featured_media":133121,"comment_status":"open","ping_status":"closed","template":"","meta":[],"product_brand":[],"product_cat":[7923],"product_tag":[],"class_list":{"0":"post-133135","1":"product","2":"type-product","3":"status-publish","4":"has-post-thumbnail","6":"product_cat-growshop-es","8":"first","9":"outofstock","10":"sale","11":"taxable","12":"shipping-taxable","13":"purchasable","14":"product-type-simple"},"_links":{"self":[{"href":"https:\/\/www.budream.com\/es\/wp-json\/wp\/v2\/product\/133135","targetHints":{"allow":["GET"]}}],"collection":[{"href":"https:\/\/www.budream.com\/es\/wp-json\/wp\/v2\/product"}],"about":[{"href":"https:\/\/www.budream.com\/es\/wp-json\/wp\/v2\/types\/product"}],"replies":[{"embeddable":true,"href":"https:\/\/www.budream.com\/es\/wp-json\/wp\/v2\/comments?post=133135"}],"version-history":[{"count":0,"href":"https:\/\/www.budream.com\/es\/wp-json\/wp\/v2\/product\/133135\/revisions"}],"wp:featuredmedia":[{"embeddable":true,"href":"https:\/\/www.budream.com\/es\/wp-json\/wp\/v2\/media\/133121"}],"wp:attachment":[{"href":"https:\/\/www.budream.com\/es\/wp-json\/wp\/v2\/media?parent=133135"}],"wp:term":[{"taxonomy":"product_brand","embeddable":true,"href":"https:\/\/www.budream.com\/es\/wp-json\/wp\/v2\/product_brand?post=133135"},{"taxonomy":"product_cat","embeddable":true,"href":"https:\/\/www.budream.com\/es\/wp-json\/wp\/v2\/product_cat?post=133135"},{"taxonomy":"product_tag","embeddable":true,"href":"https:\/\/www.budream.com\/es\/wp-json\/wp\/v2\/product_tag?post=133135"}],"curies":[{"name":"wp","href":"https:\/\/api.w.org\/{rel}","templated":true}]}}