{"id":133140,"date":"2025-07-31T00:51:03","date_gmt":"2025-07-30T22:51:03","guid":{"rendered":"https:\/\/www.budream.com\/shop\/puffco-camara-proxy-3d-recambio\/"},"modified":"2025-12-22T23:33:55","modified_gmt":"2025-12-22T21:33:55","slug":"puffco-camara-proxy-3d-recambio","status":"publish","type":"product","link":"https:\/\/www.budream.com\/es\/shop\/puffco-camara-proxy-3d-recambio\/","title":{"rendered":"PUFFCO &#8211; CAMARA PROXY 3D (RECAMBIO)"},"content":{"rendered":"<p class=\"p1\">La c\u00e1mara Puffco es totalmente desmontable de la pipa Proxy y es compatible con una amplia gama de accesorios, como el Proxy Bub (filtro de agua adicional) y varias extensiones de brasero y c\u00e1mara.<\/p>\n<p>La C\u00c1MARA PROXY 3D de PUFFCO es un avance innovador en la tecnolog\u00eda de calentamiento para vapear.<\/p>\n<p>Dispone de trazadores de calentamiento incrustados en la cazoleta de cer\u00e1mica que permiten que el aceite se vaporice en las paredes laterales en lugar de en el fondo durante la inhalaci\u00f3n para preservar la calidad del aceite, garantizando caladas suaves y amplificando los sabores. Las ventajas de este invento son la alta eficacia, la calidad intensificada del sabor y el control constante de la temperatura.<\/p>\n<p><strong>ADVERTENCIA:<\/strong> LA C\u00c1MARA PROXY 3D NO PUEDE desmontarse, de lo contrario se romper\u00e1, l\u00edmpiela sumergi\u00e9ndola en alcohol ISO 99%.<\/p>\n","protected":false},"excerpt":{"rendered":"<p>La c\u00e1mara Puffco es totalmente desmontable de la pipa Proxy y es compatible con una amplia gama de accesorios, como<\/p>\n","protected":false},"featured_media":133102,"comment_status":"open","ping_status":"closed","template":"","meta":[],"product_brand":[],"product_cat":[7908],"product_tag":[],"class_list":{"0":"post-133140","1":"product","2":"type-product","3":"status-publish","4":"has-post-thumbnail","6":"product_cat-vaporizadores","8":"first","9":"instock","10":"sale","11":"taxable","12":"shipping-taxable","13":"purchasable","14":"product-type-simple"},"_links":{"self":[{"href":"https:\/\/www.budream.com\/es\/wp-json\/wp\/v2\/product\/133140","targetHints":{"allow":["GET"]}}],"collection":[{"href":"https:\/\/www.budream.com\/es\/wp-json\/wp\/v2\/product"}],"about":[{"href":"https:\/\/www.budream.com\/es\/wp-json\/wp\/v2\/types\/product"}],"replies":[{"embeddable":true,"href":"https:\/\/www.budream.com\/es\/wp-json\/wp\/v2\/comments?post=133140"}],"version-history":[{"count":0,"href":"https:\/\/www.budream.com\/es\/wp-json\/wp\/v2\/product\/133140\/revisions"}],"wp:featuredmedia":[{"embeddable":true,"href":"https:\/\/www.budream.com\/es\/wp-json\/wp\/v2\/media\/133102"}],"wp:attachment":[{"href":"https:\/\/www.budream.com\/es\/wp-json\/wp\/v2\/media?parent=133140"}],"wp:term":[{"taxonomy":"product_brand","embeddable":true,"href":"https:\/\/www.budream.com\/es\/wp-json\/wp\/v2\/product_brand?post=133140"},{"taxonomy":"product_cat","embeddable":true,"href":"https:\/\/www.budream.com\/es\/wp-json\/wp\/v2\/product_cat?post=133140"},{"taxonomy":"product_tag","embeddable":true,"href":"https:\/\/www.budream.com\/es\/wp-json\/wp\/v2\/product_tag?post=133140"}],"curies":[{"name":"wp","href":"https:\/\/api.w.org\/{rel}","templated":true}]}}