{"id":133170,"date":"2025-07-31T00:51:35","date_gmt":"2025-07-30T22:51:35","guid":{"rendered":"https:\/\/www.budream.com\/shop\/rum3d-grindo-grinder-100-bio-o-7cm\/"},"modified":"2026-03-24T13:51:57","modified_gmt":"2026-03-24T11:51:57","slug":"rum3d-grindo-grinder-100-bio-o-7cm","status":"publish","type":"product","link":"https:\/\/www.budream.com\/es\/shop\/rum3d-grindo-grinder-100-bio-o-7cm\/","title":{"rendered":"RUM3D &#8211; GRIND\u00d2 GRINDER 100% BIO | \u00d8 7cm"},"content":{"rendered":"<p>\u00a1La evoluci\u00f3n se imprime en 3D! Presentamos con orgullo Grindo&#8217;, el grinder 3D firmado por RUM3D, una obra de arte tecnol\u00f3gica Made in Italy que redefine estilo y sostenibilidad. Fabricado en PLA, un biopl\u00e1stico compostable derivado del ma\u00edz, esta obra maestra es la s\u00edntesis perfecta de resistencia y ligereza.<\/p>\n<p>Grindo&#8217; y Grindo&#8217; Max, \u00a1disponibles para satisfacer sus necesidades de trituraci\u00f3n con un estilo inimitable!<\/p>\n<p><iframe loading=\"lazy\" src=\"https:\/\/www.youtube.com\/embed\/tjraqmjjpTk?si=EPVU-Mesx1bT6jdQ\" width=\"560\" height=\"315\" frameborder=\"0\" allowfullscreen=\"allowfullscreen\"><\/iframe><\/p>\n<h2><span style=\"text-decoration: underline\"><strong>Caracter\u00edsticas de Grind&ograve; Rum3d:<\/strong><\/span><\/h2>\n<ul style=\"list-style-type: disc\">\n<li><strong>Di\u00e1metro <\/strong>: 7 cm<\/li>\n<li><strong>Altura: <\/strong>7,5 cm<\/li>\n<li><strong>Material:<\/strong> biopl\u00e1stico compostable<\/li>\n<\/ul>\n<p><a href=\"http:\/\/www.dutch-passion.nl\/it\/\" target=\"_blank\" rel=\"noopener noreferrer nofollow\"><br \/><\/a><\/p>\n<div><\/div>\n","protected":false},"excerpt":{"rendered":"<p>\u00a1La evoluci\u00f3n se imprime en 3D! Presentamos con orgullo Grindo&#8217;, el grinder 3D firmado por RUM3D, una obra de arte<\/p>\n","protected":false},"featured_media":133146,"comment_status":"open","ping_status":"closed","template":"","meta":[],"product_brand":[],"product_cat":[7948],"product_tag":[],"class_list":{"0":"post-133170","1":"product","2":"type-product","3":"status-publish","4":"has-post-thumbnail","6":"product_cat-headshop-es","8":"first","9":"instock","10":"taxable","11":"shipping-taxable","12":"purchasable","13":"product-type-simple"},"_links":{"self":[{"href":"https:\/\/www.budream.com\/es\/wp-json\/wp\/v2\/product\/133170","targetHints":{"allow":["GET"]}}],"collection":[{"href":"https:\/\/www.budream.com\/es\/wp-json\/wp\/v2\/product"}],"about":[{"href":"https:\/\/www.budream.com\/es\/wp-json\/wp\/v2\/types\/product"}],"replies":[{"embeddable":true,"href":"https:\/\/www.budream.com\/es\/wp-json\/wp\/v2\/comments?post=133170"}],"version-history":[{"count":0,"href":"https:\/\/www.budream.com\/es\/wp-json\/wp\/v2\/product\/133170\/revisions"}],"wp:featuredmedia":[{"embeddable":true,"href":"https:\/\/www.budream.com\/es\/wp-json\/wp\/v2\/media\/133146"}],"wp:attachment":[{"href":"https:\/\/www.budream.com\/es\/wp-json\/wp\/v2\/media?parent=133170"}],"wp:term":[{"taxonomy":"product_brand","embeddable":true,"href":"https:\/\/www.budream.com\/es\/wp-json\/wp\/v2\/product_brand?post=133170"},{"taxonomy":"product_cat","embeddable":true,"href":"https:\/\/www.budream.com\/es\/wp-json\/wp\/v2\/product_cat?post=133170"},{"taxonomy":"product_tag","embeddable":true,"href":"https:\/\/www.budream.com\/es\/wp-json\/wp\/v2\/product_tag?post=133170"}],"curies":[{"name":"wp","href":"https:\/\/api.w.org\/{rel}","templated":true}]}}