{"id":133300,"date":"2025-07-31T00:59:29","date_gmt":"2025-07-30T22:59:29","guid":{"rendered":"https:\/\/www.budream.com\/shop\/paperhash-hojas-antiadherentes-siliconadas-para-extractos-pequeno-12x12cm-100-hojas\/"},"modified":"2026-04-30T12:29:07","modified_gmt":"2026-04-30T10:29:07","slug":"paperhash-hojas-antiadherentes-siliconadas-para-extractos-pequeno-12x12cm-100-hojas","status":"publish","type":"product","link":"https:\/\/www.budream.com\/es\/shop\/paperhash-hojas-antiadherentes-siliconadas-para-extractos-pequeno-12x12cm-100-hojas\/","title":{"rendered":"PAPERHASH &#8211; HOJAS ANTIADHERENTES SILICONADAS PARA EXTRACTOS | PEQUE\u00d1O 12x12cm &#8211; 100 HOJAS"},"content":{"rendered":"<p><span style=\"color: #212529\"><span style=\"font-family: 'Segoe UI', serif\"><span style=\"font-size: medium\">PaperHash es una hoja especial de <strong>polipropileno<\/strong> transparente <strong>apto para uso alimentario<\/strong> que te permite almacenar tus hashes y concentrados sin desperdiciar ni perder terpenos.<\/p>\n<p>La versi\u00f3n siliconada se diferencia de la versi\u00f3n est\u00e1ndar por una cubierta de silicona en ambas caras de la hoja, que la hace m\u00e1s gruesa, m\u00e1s resistente a las arrugas y 100% antiadherente. Perfecto para productos m\u00e1s pegajosos.<\/span><\/span><\/span><\/p>\n<p><span style=\"color: #212529\"><span style=\"font-family: 'Segoe UI', serif\"><span style=\"font-size: medium\">PaperHash a diferencia de los papeles de horno gen\u00e9ricos no absorbe el producto y facilita su manipulaci\u00f3n al ser antiadherente .<\/span><\/span><\/span><\/p>\n<p><span style=\"font-size: medium\"><strong><span style=\"color: #212529\"><span style=\"font-family: 'Segoe UI', serif\">Tama\u00f1os disponibles:<\/span><\/span><\/strong><\/span><\/p>\n<ul style=\"list-style-type: disc\">\n<li><span style=\"color: #212529\"><span style=\"font-family: 'Segoe UI', serif\"><span style=\"font-size: medium\"><strong>SMALL<\/strong> 100 piezas tama\u00f1o 12&times;12 cm<\/span><\/span><\/span><\/li>\n<li><span style=\"color: #212529\"><span style=\"font-family: 'Segoe UI', serif\"><span style=\"font-size: medium\"><strong>MEDIUM<\/strong> 50 piezas tama\u00f1o 23&times;18 cm<\/span><\/span><\/span><\/li>\n<\/ul>\n","protected":false},"excerpt":{"rendered":"<p>PaperHash es una hoja especial de polipropileno transparente apto para uso alimentario que te permite almacenar tus hashes y concentrados<\/p>\n","protected":false},"featured_media":133291,"comment_status":"open","ping_status":"closed","template":"","meta":[],"product_brand":[],"product_cat":[7948],"product_tag":[],"class_list":{"0":"post-133300","1":"product","2":"type-product","3":"status-publish","4":"has-post-thumbnail","6":"product_cat-headshop-es","8":"first","9":"outofstock","10":"taxable","11":"shipping-taxable","12":"purchasable","13":"product-type-simple"},"aioseo_notices":[],"_links":{"self":[{"href":"https:\/\/www.budream.com\/es\/wp-json\/wp\/v2\/product\/133300","targetHints":{"allow":["GET"]}}],"collection":[{"href":"https:\/\/www.budream.com\/es\/wp-json\/wp\/v2\/product"}],"about":[{"href":"https:\/\/www.budream.com\/es\/wp-json\/wp\/v2\/types\/product"}],"replies":[{"embeddable":true,"href":"https:\/\/www.budream.com\/es\/wp-json\/wp\/v2\/comments?post=133300"}],"version-history":[{"count":1,"href":"https:\/\/www.budream.com\/es\/wp-json\/wp\/v2\/product\/133300\/revisions"}],"predecessor-version":[{"id":266359,"href":"https:\/\/www.budream.com\/es\/wp-json\/wp\/v2\/product\/133300\/revisions\/266359"}],"wp:featuredmedia":[{"embeddable":true,"href":"https:\/\/www.budream.com\/es\/wp-json\/wp\/v2\/media\/133291"}],"wp:attachment":[{"href":"https:\/\/www.budream.com\/es\/wp-json\/wp\/v2\/media?parent=133300"}],"wp:term":[{"taxonomy":"product_brand","embeddable":true,"href":"https:\/\/www.budream.com\/es\/wp-json\/wp\/v2\/product_brand?post=133300"},{"taxonomy":"product_cat","embeddable":true,"href":"https:\/\/www.budream.com\/es\/wp-json\/wp\/v2\/product_cat?post=133300"},{"taxonomy":"product_tag","embeddable":true,"href":"https:\/\/www.budream.com\/es\/wp-json\/wp\/v2\/product_tag?post=133300"}],"curies":[{"name":"wp","href":"https:\/\/api.w.org\/{rel}","templated":true}]}}