{"id":133335,"date":"2025-07-31T01:02:09","date_gmt":"2025-07-30T23:02:09","guid":{"rendered":"https:\/\/www.budream.com\/shop\/sensi-seeds-research-mandarin-punch-fem-3-semillas\/"},"modified":"2025-12-22T14:39:27","modified_gmt":"2025-12-22T12:39:27","slug":"sensi-seeds-research-mandarin-punch-fem-3-semillas","status":"publish","type":"product","link":"https:\/\/www.budream.com\/es\/shop\/sensi-seeds-research-mandarin-punch-fem-3-semillas\/","title":{"rendered":"SENSI SEEDS RESEARCH &#8211; MANDARIN PUNCH FEM | 3 SEMILLAS"},"content":{"rendered":"<div style=\"text-align: justify\">Esta cepa, desarrollada por Sensi Seeds, tiene un acervo gen\u00e9tico formidable. Sus or\u00edgenes incluyen White Widow, Maple Leaf Indica, NYC Diesel e Hindu Kush; especies muy apreciadas en todo el mundo.<\/div>\n<p><\/p>\n<h2><strong>Caracter\u00edsticas Mandarin Punch Fem:<\/strong><\/h2>\n<ul style=\"list-style-type: disc\">\n<li><strong>G\u00e9nero:<\/strong> H\u00edbrido Feminizado<\/li>\n<li><strong>Genotipo<\/strong>: 60% Indica \/ 20% Sativa \/ 20 Ruderalis<\/li>\n<li><strong>Gen\u00e9tica:<\/strong> Maple Leaf Indica x White Widow x NYC Diesel x Hindu Kush<\/li>\n<li><strong>D\u00edas de floraci\u00f3n:<\/strong> 56 &#8211; 63 d\u00edas<\/li>\n<\/ul>\n<p><\/p>\n<div style=\"text-align: justify\"><span style=\"font-size: 11pt\"><em><strong>ADVERTENCIA:<\/strong> Las semillas de c\u00e1\u00f1amo est\u00e1n excluidas de la noci\u00f3n legal de Cannabis, lo que significa que no deben considerarse una sustancia estupefaciente (L. 412 de 1974, art. 1, p\u00e1rrafo 1, lett. B; Convenci\u00f3n \u00danica sobre Estupefacientes de Nueva York de 1961 y tabla II del Decreto Ministerial 27\/7\/1992). En Italia, el cultivo del c\u00e1\u00f1amo est\u00e1 prohibido (art\u00edculos 28 y 73 del Decreto Presidencial 309\/90) a menos que se obtenga una autorizaci\u00f3n especial (art\u00edculo 17 del Decreto Presidencial 309\/90). A falta de autorizaci\u00f3n, las semillas s\u00f3lo pueden utilizarse para otros fines (zoot\u00e9cnicos, recolecci\u00f3n, etc.). Las semillas se venden con la reserva de que no ser\u00e1n utilizadas por terceros en conflicto con la ley.<\/em><\/span><\/div>\n","protected":false},"excerpt":{"rendered":"<p>Esta cepa, desarrollada por Sensi Seeds, tiene un acervo gen\u00e9tico formidable. Sus or\u00edgenes incluyen White Widow, Maple Leaf Indica, NYC<\/p>\n","protected":false},"featured_media":197445,"comment_status":"open","ping_status":"closed","template":"","meta":[],"product_brand":[],"product_cat":[7953],"product_tag":[],"class_list":{"0":"post-133335","1":"product","2":"type-product","3":"status-publish","4":"has-post-thumbnail","6":"product_cat-seedshop-es","8":"first","9":"instock","10":"sale","11":"taxable","12":"shipping-taxable","13":"purchasable","14":"product-type-simple"},"aioseo_notices":[],"_links":{"self":[{"href":"https:\/\/www.budream.com\/es\/wp-json\/wp\/v2\/product\/133335","targetHints":{"allow":["GET"]}}],"collection":[{"href":"https:\/\/www.budream.com\/es\/wp-json\/wp\/v2\/product"}],"about":[{"href":"https:\/\/www.budream.com\/es\/wp-json\/wp\/v2\/types\/product"}],"replies":[{"embeddable":true,"href":"https:\/\/www.budream.com\/es\/wp-json\/wp\/v2\/comments?post=133335"}],"version-history":[{"count":0,"href":"https:\/\/www.budream.com\/es\/wp-json\/wp\/v2\/product\/133335\/revisions"}],"wp:featuredmedia":[{"embeddable":true,"href":"https:\/\/www.budream.com\/es\/wp-json\/wp\/v2\/media\/197445"}],"wp:attachment":[{"href":"https:\/\/www.budream.com\/es\/wp-json\/wp\/v2\/media?parent=133335"}],"wp:term":[{"taxonomy":"product_brand","embeddable":true,"href":"https:\/\/www.budream.com\/es\/wp-json\/wp\/v2\/product_brand?post=133335"},{"taxonomy":"product_cat","embeddable":true,"href":"https:\/\/www.budream.com\/es\/wp-json\/wp\/v2\/product_cat?post=133335"},{"taxonomy":"product_tag","embeddable":true,"href":"https:\/\/www.budream.com\/es\/wp-json\/wp\/v2\/product_tag?post=133335"}],"curies":[{"name":"wp","href":"https:\/\/api.w.org\/{rel}","templated":true}]}}