{"id":133455,"date":"2025-07-31T01:07:06","date_gmt":"2025-07-30T23:07:06","guid":{"rendered":"https:\/\/www.budream.com\/shop\/puffco-nuevo-vaporizador-plus-pearl-vaporizador\/"},"modified":"2025-12-29T12:43:59","modified_gmt":"2025-12-29T10:43:59","slug":"puffco-nuevo-vaporizador-plus-pearl-vaporizador","status":"publish","type":"product","link":"https:\/\/www.budream.com\/es\/shop\/puffco-nuevo-vaporizador-plus-pearl-vaporizador\/","title":{"rendered":"PUFFCO &#8211; NUEVO VAPORIZADOR PLUS PEARL | VAPORIZADOR"},"content":{"rendered":"<p><strong>Puffco New Plus es donde todo empieza. <\/strong><br \/>Este galardonado bol\u00edgrafo port\u00e1til todo en uno se ha actualizado para que sea m\u00e1s f\u00e1cil que nunca disfrutar de los concentrados en cualquier lugar. <br \/>La boquilla alberga <strong>el Dart<\/strong>, una herramienta de carga extensible que encaja en la c\u00e1mara de cer\u00e1mica para ofrecerte una experiencia suave, discreta y llena de sabor. <br \/>La <strong>pila 510<\/strong> tiene un bot\u00f3n que ofrece mantenimiento de calor est\u00e1ndar, modo Sesh y tres ajustes de calor de precisi\u00f3n. No hay mejor manera de empezar a explorar el mundo de los concentrados.<\/p>\n<h2>Puffco Nuevo Plus: El Dardo<\/h2>\n<p>Contenido dentro de la boquilla Plus, el Dardo extensible se conecta directamente a la c\u00e1mara para que la carga sea sencilla y sin complicaciones. Esmaltada y remodelada con un flujo de aire mejorado para un mejor vapeo.<\/p>\n<h2>Puffco New Plus: La C\u00e1mara<\/h2>\n<p>La empu\u00f1adura de silicona integrada ayuda a mantener los dedos frescos cuando la c\u00e1mara de cer\u00e1mica se calienta.<\/p>\n<h2>Puffco New Plus: La bater\u00eda 510<\/h2>\n<p>Una pila, muchos modos. Calentamiento bajo, medio y alto. Modo \u00abmantener caliente\u00bb y modo Sesh est\u00e1ndar: doble clic para un ciclo de calentamiento de 12 segundos sin tener que mantener pulsado el bot\u00f3n.<\/p>\n<h2>Puffco New Plus incluido en la caja:<\/h2>\n<ul style=\"list-style-type: disc\">\n<li>Boquilla<\/li>\n<li>Dardo<\/li>\n<li>C\u00e1mara + Mango<\/li>\n<li>Bater\u00eda 510<\/li>\n<li>Cargador<\/li>\n<li>Bastoncillos de algod\u00f3n<\/li>\n<\/ul>\n","protected":false},"excerpt":{"rendered":"<p>Puffco New Plus es donde todo empieza. Este galardonado bol\u00edgrafo port\u00e1til todo en uno se ha actualizado para que sea<\/p>\n","protected":false},"featured_media":133436,"comment_status":"open","ping_status":"closed","template":"","meta":[],"product_brand":[],"product_cat":[7908],"product_tag":[],"class_list":{"0":"post-133455","1":"product","2":"type-product","3":"status-publish","4":"has-post-thumbnail","6":"product_cat-vaporizadores","8":"first","9":"instock","10":"sale","11":"taxable","12":"shipping-taxable","13":"purchasable","14":"product-type-simple"},"aioseo_notices":[],"_links":{"self":[{"href":"https:\/\/www.budream.com\/es\/wp-json\/wp\/v2\/product\/133455","targetHints":{"allow":["GET"]}}],"collection":[{"href":"https:\/\/www.budream.com\/es\/wp-json\/wp\/v2\/product"}],"about":[{"href":"https:\/\/www.budream.com\/es\/wp-json\/wp\/v2\/types\/product"}],"replies":[{"embeddable":true,"href":"https:\/\/www.budream.com\/es\/wp-json\/wp\/v2\/comments?post=133455"}],"version-history":[{"count":0,"href":"https:\/\/www.budream.com\/es\/wp-json\/wp\/v2\/product\/133455\/revisions"}],"wp:featuredmedia":[{"embeddable":true,"href":"https:\/\/www.budream.com\/es\/wp-json\/wp\/v2\/media\/133436"}],"wp:attachment":[{"href":"https:\/\/www.budream.com\/es\/wp-json\/wp\/v2\/media?parent=133455"}],"wp:term":[{"taxonomy":"product_brand","embeddable":true,"href":"https:\/\/www.budream.com\/es\/wp-json\/wp\/v2\/product_brand?post=133455"},{"taxonomy":"product_cat","embeddable":true,"href":"https:\/\/www.budream.com\/es\/wp-json\/wp\/v2\/product_cat?post=133455"},{"taxonomy":"product_tag","embeddable":true,"href":"https:\/\/www.budream.com\/es\/wp-json\/wp\/v2\/product_tag?post=133455"}],"curies":[{"name":"wp","href":"https:\/\/api.w.org\/{rel}","templated":true}]}}