{"id":133695,"date":"2025-07-31T01:19:32","date_gmt":"2025-07-30T23:19:32","guid":{"rendered":"https:\/\/www.budream.com\/shop\/phonix-alimentador-de-repuesto-phonix-mse75-max-600-ma\/"},"modified":"2026-03-10T14:42:00","modified_gmt":"2026-03-10T12:42:00","slug":"phonix-alimentador-de-repuesto-phonix-mse75-max-600-ma","status":"publish","type":"product","link":"https:\/\/www.budream.com\/es\/shop\/phonix-alimentador-de-repuesto-phonix-mse75-max-600-ma\/","title":{"rendered":"PH\u00d6NIX &#8211; ALIMENTADOR DE REPUESTO PH\u00d6NIX MSE75 | MAX 600 mA"},"content":{"rendered":"<p>Fuente de alimentaci\u00f3n con voltaje ajustable (de 3 a 12 V) y 6 adaptadores para conexi\u00f3n incluidos.<br \/>MAX 600 mA<br \/>Repuesto para <a href=\"https:\/\/www.indoorline.com\/phonix-estrattore-a-secco-di-pollini-mse75-capacita-75gr.html\">MSE75150 DRY HEMP EXTRACTOR MSE75<\/a> <a class=\"detail\"><\/p>\n<p>ADVERTENCIA: Esta fuente de alimentaci\u00f3n s\u00f3lo funciona con <\/a><a href=\"https:\/\/www.indoorline.com\/phonix-estrattore-a-secco-di-pollini-mse75-capacita-75gr.html\">MSE75150<\/a><strong><a class=\"detail\"> y NO funciona con los otros modelos.<\/a><\/strong><\/p>\n","protected":false},"excerpt":{"rendered":"<p>Fuente de alimentaci\u00f3n con voltaje ajustable (de 3 a 12 V) y 6 adaptadores para conexi\u00f3n incluidos.MAX 600 mARepuesto para<\/p>\n","protected":false},"featured_media":133686,"comment_status":"open","ping_status":"closed","template":"","meta":[],"product_brand":[],"product_cat":[7948],"product_tag":[],"class_list":{"0":"post-133695","1":"product","2":"type-product","3":"status-publish","4":"has-post-thumbnail","6":"product_cat-headshop-es","8":"first","9":"instock","10":"taxable","11":"shipping-taxable","12":"purchasable","13":"product-type-simple"},"aioseo_notices":[],"_links":{"self":[{"href":"https:\/\/www.budream.com\/es\/wp-json\/wp\/v2\/product\/133695","targetHints":{"allow":["GET"]}}],"collection":[{"href":"https:\/\/www.budream.com\/es\/wp-json\/wp\/v2\/product"}],"about":[{"href":"https:\/\/www.budream.com\/es\/wp-json\/wp\/v2\/types\/product"}],"replies":[{"embeddable":true,"href":"https:\/\/www.budream.com\/es\/wp-json\/wp\/v2\/comments?post=133695"}],"version-history":[{"count":0,"href":"https:\/\/www.budream.com\/es\/wp-json\/wp\/v2\/product\/133695\/revisions"}],"wp:featuredmedia":[{"embeddable":true,"href":"https:\/\/www.budream.com\/es\/wp-json\/wp\/v2\/media\/133686"}],"wp:attachment":[{"href":"https:\/\/www.budream.com\/es\/wp-json\/wp\/v2\/media?parent=133695"}],"wp:term":[{"taxonomy":"product_brand","embeddable":true,"href":"https:\/\/www.budream.com\/es\/wp-json\/wp\/v2\/product_brand?post=133695"},{"taxonomy":"product_cat","embeddable":true,"href":"https:\/\/www.budream.com\/es\/wp-json\/wp\/v2\/product_cat?post=133695"},{"taxonomy":"product_tag","embeddable":true,"href":"https:\/\/www.budream.com\/es\/wp-json\/wp\/v2\/product_tag?post=133695"}],"curies":[{"name":"wp","href":"https:\/\/api.w.org\/{rel}","templated":true}]}}