{"id":133805,"date":"2025-07-31T01:24:07","date_gmt":"2025-07-30T23:24:07","guid":{"rendered":"https:\/\/www.budream.com\/shop\/arizer-solo-3-vaporizador\/"},"modified":"2026-01-19T11:37:26","modified_gmt":"2026-01-19T09:37:26","slug":"arizer-solo-3-vaporizador","status":"publish","type":"product","link":"https:\/\/www.budream.com\/es\/shop\/arizer-solo-3-vaporizador\/","title":{"rendered":"ARIZER &#8211; SOLO 3 VAPORIZADOR"},"content":{"rendered":"<div class=\"flex max-w-full flex-col flex-grow\">\n<div class=\"min-h-[20px] text-message flex w-full flex-col items-end gap-2 break-words [.text-message+&amp;]:mt-5 overflow-x-auto whitespace-normal\" dir=\"auto\" data-message-author-role=\"assistant\" data-message-id=\"38492675-485a-45ee-a365-d280c75022db\">\n<div class=\"flex w-full flex-col gap-1 empty:hidden first:pt-[3px]\">\n<div class=\"markdown prose w-full break-words dark:prose-invert light\">\n<h3>Solo III &#8211; El port\u00e1til multifunci\u00f3n m\u00e1s potente y avanzado<\/h3>\n<p>Descubra Solo III, nuestro port\u00e1til m\u00e1s potente y tecnol\u00f3gicamente avanzado. Con innovaciones revolucionarias en el sistema de calefacci\u00f3n y un sistema operativo mejorado, el Solo III ofrece una experiencia sin precedentes. Disfruta de una gran pantalla a color, el Modo Sesi\u00f3n con nuevas temperaturas preestablecidas programables, el nuevo modo Bajo Demanda y el sistema XL Glass Pod con doble capacidad y mayor flujo de aire. La carga USB-C, el uso durante la carga y una duraci\u00f3n de la bater\u00eda de hasta 3 horas por carga hacen del Solo III el compa\u00f1ero perfecto para todas tus sesiones.<\/p>\n<h3>Un nuevo paradigma de potencia y comodidad<\/h3>\n<p>Con carga USB-C y la opci\u00f3n de uso durante la carga, la Solo III ofrece una duraci\u00f3n de bater\u00eda sorprendentemente larga, con hasta 3 horas de uso en modo sesi\u00f3n o m\u00e1s de 100 disparos bajo demanda por carga. Su intuitiva interfaz y su vibrante pantalla a color hacen que personalizar las sesiones sea pan comido.<\/p>\n<h3><span style=\"font-size: 12pt\">Rendimiento y caracter\u00edsticas avanzadas del Arizer Solo 3<\/span><\/h3>\n<p>Duplica la dosis con los nuevos tubos de aroma de cristal XL, dise\u00f1ados para un mayor flujo de aire y una mayor capacidad. Tanto si prefieres dosis m\u00e1s peque\u00f1as como sesiones m\u00e1s intensas, el Solo III te permite extraer instant\u00e1neamente m\u00e1s sabor y aroma en un vapor aterciopelado, suave y sabroso. El modo Sesi\u00f3n te permite relajarte por completo, mientras que el modo Bajo Demanda ofrece caladas r\u00e1pidas o nubes espesas, ideal para usar con tu bubbler favorito. Con el ajuste Reverse activado, la pantalla y los controles se ajustan autom\u00e1ticamente para un funcionamiento m\u00e1s c\u00f3modo.<br \/><em>Nota: Aroma Dish y Botanicals est\u00e1n disponibles por separado.<\/em><\/p>\n<\/p>\n<h2><span style=\"text-decoration: underline\">Caracter\u00edsticas principales Arizer Solo 3:<\/span><\/h2>\n<ul>\n<li><strong>Tecnolog\u00eda de Calentamiento Instant<\/strong>\u00e1neo: Calentamiento instant\u00e1neo por convecci\u00f3n cer\u00e1mica que se calienta en s\u00f3lo 5-15 segundos.<\/li>\n<li><strong>Modo Sesi\u00f3n<\/strong>: Control de temperatura en incrementos de 1 y 10 grados y 3 preajustes programables.<\/li>\n<li><strong>Modo Bajo Demanda<\/strong>: Personaliza el tiempo de succi\u00f3n y elige entre 5 niveles de calor.<\/li>\n<li><strong>Compatibilidad universal<\/strong>: Los tubos de aroma de vidrio XL y todos los tubos de aroma de vidrio Air\/Solo son compatibles con Solo III.<\/li>\n<li><strong>Gran pantalla en color<\/strong>: Cambia las temperaturas y ajusta la configuraci\u00f3n de la sesi\u00f3n con facilidad.<\/li>\n<\/ul>\n<p><\/p>\n<h2><span style=\"text-decoration: underline\">Contenido del paquete:<\/span><\/h2>\n<ul>\n<li>1 x Calentador port\u00e1til multiusos Solo III<\/li>\n<li>1 x Manual del usuario de Solo III<\/li>\n<li>1 cargador USB-C (5 V, 3 A)<\/li>\n<li>1 tubo de aroma XL de cristal (90 mm)<\/li>\n<li>1 x Tubo de aroma XL de vidrio esmerilado (14 mm)<\/li>\n<li>1 x Tubo de aroma de vidrio Air\/Solo (90 mm)<\/li>\n<li>1 x Tubo de aroma Aire\/Solo de vidrio satinado (14 mm)<\/li>\n<li>4 x Tapones de silicona Air\/Solo<\/li>\n<li>2 x Tubo de viaje de PVC con tap\u00f3n (90 mm)<\/li>\n<li>2 x Tubo de viaje de PVC con tap\u00f3n (70 mm)<\/li>\n<li>1 agitador de acero inoxidable<\/li>\n<li>4 x Redes de filtro Air\/Solo de acero inoxidable<\/li>\n<\/ul>\n<\/div>\n<\/div>\n<\/div>\n<\/div>\n","protected":false},"excerpt":{"rendered":"<p>Solo III &#8211; El port\u00e1til multifunci\u00f3n m\u00e1s potente y avanzado Descubra Solo III, nuestro port\u00e1til m\u00e1s potente y tecnol\u00f3gicamente avanzado.<\/p>\n","protected":false},"featured_media":133781,"comment_status":"open","ping_status":"closed","template":"","meta":[],"product_brand":[],"product_cat":[7908],"product_tag":[],"class_list":{"0":"post-133805","1":"product","2":"type-product","3":"status-publish","4":"has-post-thumbnail","6":"product_cat-vaporizadores","8":"first","9":"instock","10":"sale","11":"taxable","12":"shipping-taxable","13":"purchasable","14":"product-type-simple"},"_links":{"self":[{"href":"https:\/\/www.budream.com\/es\/wp-json\/wp\/v2\/product\/133805","targetHints":{"allow":["GET"]}}],"collection":[{"href":"https:\/\/www.budream.com\/es\/wp-json\/wp\/v2\/product"}],"about":[{"href":"https:\/\/www.budream.com\/es\/wp-json\/wp\/v2\/types\/product"}],"replies":[{"embeddable":true,"href":"https:\/\/www.budream.com\/es\/wp-json\/wp\/v2\/comments?post=133805"}],"version-history":[{"count":0,"href":"https:\/\/www.budream.com\/es\/wp-json\/wp\/v2\/product\/133805\/revisions"}],"wp:featuredmedia":[{"embeddable":true,"href":"https:\/\/www.budream.com\/es\/wp-json\/wp\/v2\/media\/133781"}],"wp:attachment":[{"href":"https:\/\/www.budream.com\/es\/wp-json\/wp\/v2\/media?parent=133805"}],"wp:term":[{"taxonomy":"product_brand","embeddable":true,"href":"https:\/\/www.budream.com\/es\/wp-json\/wp\/v2\/product_brand?post=133805"},{"taxonomy":"product_cat","embeddable":true,"href":"https:\/\/www.budream.com\/es\/wp-json\/wp\/v2\/product_cat?post=133805"},{"taxonomy":"product_tag","embeddable":true,"href":"https:\/\/www.budream.com\/es\/wp-json\/wp\/v2\/product_tag?post=133805"}],"curies":[{"name":"wp","href":"https:\/\/api.w.org\/{rel}","templated":true}]}}