{"id":133875,"date":"2025-07-31T01:26:41","date_gmt":"2025-07-30T23:26:41","guid":{"rendered":"https:\/\/www.budream.com\/shop\/productos-principales-mx-ice-200-lite\/"},"modified":"2026-04-01T11:03:10","modified_gmt":"2026-04-01T09:03:10","slug":"productos-principales-mx-ice-200-lite","status":"publish","type":"product","link":"https:\/\/www.budream.com\/es\/shop\/productos-principales-mx-ice-200-lite\/","title":{"rendered":"PRODUCTOS PRINCIPALES &#8211; MX ICE 200 LiTE"},"content":{"rendered":"<p><strong>Sistema de extracci\u00f3n de hielo sin disolventes.<\/strong><\/p>\n<p>El MX ICE 200 LiTE est\u00e1 especialmente dise\u00f1ado para satisfacer las necesidades de los cultivadores y de aquellos que, como usted, buscan sistemas de extracci\u00f3n f\u00e1ciles de usar, sencillos y asequibles.<\/p>\n<p>Gracias a su innovadora tecnolog\u00eda, a\u00edsla los tricomas glandulares para producir resina de alta calidad, m\u00e1s conocida como<em>\u00abbubble hash<\/em>\u00ab. Utiliza un m\u00e9todo natural, sin necesidad de disolventes qu\u00edmicos, garantizando un producto final de \u00f3ptima calidad.<\/p>\n<p>Dise\u00f1ado para ser utilizado por una sola persona, el MX ICE 200 LiTE automatiza y simplifica al m\u00e1ximo el proceso de extracci\u00f3n de hach\u00eds, de forma sencilla y eficaz.<\/p>\n<p>El extractor MX ICE 200 LiTE est\u00e1 dise\u00f1ado para ofrecer la m\u00e1xima comodidad y facilidad de uso a todo tipo de usuarios, desde principiantes hasta expertos.<\/p>\n<p>Est\u00e1 fabricado en acero inoxidable de alta calidad, el material m\u00e1s adecuado para el tratamiento de flores, gracias a su baja porosidad y facilidad de limpieza y mantenimiento. A su vez, ambos dep\u00f3sitos est\u00e1n equipados con una capa aislante que garantiza una temperatura homog\u00e9nea y regular durante todo el tratamiento.<\/p>\n<p>Adem\u00e1s, la MX ICE 200 LiTE incluye una c\u00e1mara de seguridad de acero inoxidable estrat\u00e9gicamente situada en el fondo del tanque de extracci\u00f3n. <strong>Este a\u00f1adido est\u00e1 dise\u00f1ado para preservar y proteger los preciados tricomas durante el proceso de agitaci\u00f3n, evitando su dispersi\u00f3n y garantizando la integridad de la extracci\u00f3n.<br \/><\/strong><\/p>\n<h2><span style=\"text-decoration: underline\"><strong>Caracter\u00edsticas de los productos MX Ice 200 Lite Master:<\/strong><\/span><\/h2>\n<ul style=\"list-style-type: disc\">\n<li>2 dep\u00f3sitos (extracci\u00f3n y recogida), aislados con cubiertas de neopreno.<\/li>\n<li>Panel de control mec\u00e1nico superintuitivo, con control de velocidad, cambio de direcci\u00f3n del flujo de agua y temporizador.<\/li>\n<li>Term\u00f3metro incluido, para un mayor control de la temperatura.<\/li>\n<li>Innovadora c\u00e1mara de seguridad, que preserva y protege los tricomas para unos resultados de extracci\u00f3n \u00f3ptimos.<\/li>\n<li>Mesa de apoyo y ruedas de f\u00e1cil movilidad para una mayor comodidad de trabajo.<\/li>\n<li><strong>5 modelos de bolsas de malla incluidas con su compra: 25, 73, 120, 160 y 220 &mu;m.<\/strong><\/li>\n<\/ul>\n<p><\/p>\n<p>Mantener su equipo en \u00f3ptimas condiciones nunca ha sido tan f\u00e1cil como con la MX ICE 200 LiTE.<\/p>\n<p>Su dise\u00f1o permite un desmontaje r\u00e1pido y sin complicaciones, lo que facilita su limpieza despu\u00e9s de cada uso. Con piezas de f\u00e1cil acceso y un proceso de limpieza intuitivo, mantener su extractor en perfectas condiciones es pan comido. Adem\u00e1s, su construcci\u00f3n duradera y sus materiales de alta calidad garantizan una larga vida \u00fatil con un mantenimiento m\u00ednimo.<\/p>\n<p><strong>Con el MX ICE 200 LiTE puede estar seguro de que su equipo estar\u00e1 siempre listo para ofrecer extractos de la m\u00e1xima calidad.<\/p>\n<p><\/strong><\/p>\n<h2><span style=\"text-decoration: underline\"><strong>Especificaciones t\u00e9cnicas MX Ice 200 Lite:<\/strong><\/span><\/h2>\n<ul style=\"list-style-type: disc\">\n<li>Conexi\u00f3n el\u00e9ctrica 230 V 50 Hz<\/li>\n<li>Peso 80 kg<\/li>\n<li>Dimensiones de la cuba 50 x 50 x 55 cm<\/li>\n<li>Potencia del motor 120 W<\/li>\n<li>Material de la estructura Acero inoxidable<\/li>\n<li>Material de la cuba Acero inoxidable<\/li>\n<li>Capacidad est\u00e1ndar 75 L<\/li>\n<li>Regulador de velocidad S\u00ed<\/li>\n<li>Nivel sonoro 70 Db<\/li>\n<li>Certificaciones CE, RoHS<\/li>\n<li>Garant\u00eda 2 a\u00f1os<\/li>\n<\/ul>\n<p><strong><br \/>Advertencias<\/strong><br \/>Deben utilizarse guantes y gafas de protecci\u00f3n en todo momento.<br \/>Evite el contacto directo de las manos (u otras partes del cuerpo) con el grill.<br \/>No utilice nunca objetos met\u00e1licos sobre la parrilla ni los introduzca en ella, incluidas las tijeras. No ejerza nunca presi\u00f3n sobre la parrilla.<\/p>\n<p><strong>NORMALMENTE DISPONIBLE EN 7-10 D\u00cdAS LABORABLES<\/strong><\/p>\n","protected":false},"excerpt":{"rendered":"<p>Sistema de extracci\u00f3n de hielo sin disolventes. El MX ICE 200 LiTE est\u00e1 especialmente dise\u00f1ado para satisfacer las necesidades de<\/p>\n","protected":false},"featured_media":133841,"comment_status":"open","ping_status":"closed","template":"","meta":[],"product_brand":[],"product_cat":[7948],"product_tag":[],"class_list":{"0":"post-133875","1":"product","2":"type-product","3":"status-publish","4":"has-post-thumbnail","6":"product_cat-headshop-es","8":"first","9":"instock","10":"taxable","11":"shipping-taxable","12":"purchasable","13":"product-type-simple"},"_links":{"self":[{"href":"https:\/\/www.budream.com\/es\/wp-json\/wp\/v2\/product\/133875","targetHints":{"allow":["GET"]}}],"collection":[{"href":"https:\/\/www.budream.com\/es\/wp-json\/wp\/v2\/product"}],"about":[{"href":"https:\/\/www.budream.com\/es\/wp-json\/wp\/v2\/types\/product"}],"replies":[{"embeddable":true,"href":"https:\/\/www.budream.com\/es\/wp-json\/wp\/v2\/comments?post=133875"}],"version-history":[{"count":1,"href":"https:\/\/www.budream.com\/es\/wp-json\/wp\/v2\/product\/133875\/revisions"}],"predecessor-version":[{"id":262022,"href":"https:\/\/www.budream.com\/es\/wp-json\/wp\/v2\/product\/133875\/revisions\/262022"}],"wp:featuredmedia":[{"embeddable":true,"href":"https:\/\/www.budream.com\/es\/wp-json\/wp\/v2\/media\/133841"}],"wp:attachment":[{"href":"https:\/\/www.budream.com\/es\/wp-json\/wp\/v2\/media?parent=133875"}],"wp:term":[{"taxonomy":"product_brand","embeddable":true,"href":"https:\/\/www.budream.com\/es\/wp-json\/wp\/v2\/product_brand?post=133875"},{"taxonomy":"product_cat","embeddable":true,"href":"https:\/\/www.budream.com\/es\/wp-json\/wp\/v2\/product_cat?post=133875"},{"taxonomy":"product_tag","embeddable":true,"href":"https:\/\/www.budream.com\/es\/wp-json\/wp\/v2\/product_tag?post=133875"}],"curies":[{"name":"wp","href":"https:\/\/api.w.org\/{rel}","templated":true}]}}