{"id":133895,"date":"2025-07-31T01:27:13","date_gmt":"2025-07-30T23:27:13","guid":{"rendered":"https:\/\/www.budream.com\/shop\/qnubu-balanza-digital-acero-inoxidable-equal-bowl-max-5-kg-paso-1g\/"},"modified":"2026-04-14T15:15:28","modified_gmt":"2026-04-14T13:15:28","slug":"qnubu-balanza-digital-acero-inoxidable-equal-bowl-max-5-kg-paso-1g","status":"publish","type":"product","link":"https:\/\/www.budream.com\/es\/shop\/qnubu-balanza-digital-acero-inoxidable-equal-bowl-max-5-kg-paso-1g\/","title":{"rendered":"QNUBU &#8211; BALANZA DIGITAL ACERO INOXIDABLE | EQUAL BOWL &#8211; MAX 5 KG PASO 1G"},"content":{"rendered":"<p>B\u00e1scula digital Qnubu con bol de acero inoxidable: precisi\u00f3n y comodidad en sus manos, la herramienta ideal para usted. Dise\u00f1ada con materiales de alta calidad y equipada con pr\u00e1cticas funciones, esta b\u00e1scula le ofrece la precisi\u00f3n y comodidad que necesita para obtener resultados perfectos en cada medici\u00f3n.<strong><\/p>\n<p>Precisi\u00f3n inigualable para diversas aplicaciones:<\/strong><\/p>\n<p> Con un rango de peso de 0 g a 5000 g, la b\u00e1scula digital Qnubu Equal Bowl es ideal para una amplia gama de aplicaciones. Mida con precisi\u00f3n ingredientes secos, l\u00edquidos como agua o leche y cualquier otro elemento que requiera una medici\u00f3n exacta.<\/p>\n<p> <strong>Dise\u00f1o pr\u00e1ctico y funcional:<\/strong><\/p>\n<p> Su bol de acero inoxidable extra\u00edble de 1,3 L facilita enormemente su uso y limpieza. Adem\u00e1s, la b\u00e1scula cuenta con una funci\u00f3n de apagado autom\u00e1tico tras 5 minutos de inactividad, lo que ayuda a conservar la bater\u00eda y prolongar su vida \u00fatil.<\/p>\n<p> <strong>Materiales de alta calidad:<\/strong><\/p>\n<p> Fabricada en acero inoxidable tanto en el bol como en la base, la b\u00e1scula digital Qnubu Equal Bowl es resistente y duradera, lo que garantiza un uso sin problemas a largo plazo.<\/p>\n<p> <strong>M\u00e1s que una b\u00e1scula:<\/strong><\/p>\n<p> La b\u00e1scula digital Qnubu Equal Bowl es una herramienta vers\u00e1til que le ayudar\u00e1 a mantener un entorno de trabajo ordenado. Su dise\u00f1o compacto y elegante la convierte en el complemento perfecto para cualquier cocina o taller.<\/p>\n<p> No se conforme con menos, elija la precisi\u00f3n y comodidad de la b\u00e1scula digital Qnubu Equal Bowl.<\/p>\n<h2><strong>Caracter\u00edsticas principales B\u00e1scula de acero inoxidable Qnubu:<\/strong><\/h2>\n<ul style=\"list-style-type: disc\">\n<li>Rango de peso: de 1g a 5 kg Paso 1g<\/li>\n<li>Capacidad para medir l\u00edquidos<\/li>\n<li>Bol de acero inoxidable extra\u00edble de 1,3 L<\/li>\n<li>Funci\u00f3n de desconexi\u00f3n autom\u00e1tica<\/li>\n<li>Fabricado en acero inoxidable<\/li>\n<li>Dise\u00f1o compacto y elegante<\/li>\n<\/ul>\n","protected":false},"excerpt":{"rendered":"<p>B\u00e1scula digital Qnubu con bol de acero inoxidable: precisi\u00f3n y comodidad en sus manos, la herramienta ideal para usted. Dise\u00f1ada<\/p>\n","protected":false},"featured_media":133881,"comment_status":"open","ping_status":"closed","template":"","meta":[],"product_brand":[],"product_cat":[7948],"product_tag":[],"class_list":{"0":"post-133895","1":"product","2":"type-product","3":"status-publish","4":"has-post-thumbnail","6":"product_cat-headshop-es","8":"first","9":"instock","10":"taxable","11":"shipping-taxable","12":"purchasable","13":"product-type-simple"},"_links":{"self":[{"href":"https:\/\/www.budream.com\/es\/wp-json\/wp\/v2\/product\/133895","targetHints":{"allow":["GET"]}}],"collection":[{"href":"https:\/\/www.budream.com\/es\/wp-json\/wp\/v2\/product"}],"about":[{"href":"https:\/\/www.budream.com\/es\/wp-json\/wp\/v2\/types\/product"}],"replies":[{"embeddable":true,"href":"https:\/\/www.budream.com\/es\/wp-json\/wp\/v2\/comments?post=133895"}],"version-history":[{"count":1,"href":"https:\/\/www.budream.com\/es\/wp-json\/wp\/v2\/product\/133895\/revisions"}],"predecessor-version":[{"id":262855,"href":"https:\/\/www.budream.com\/es\/wp-json\/wp\/v2\/product\/133895\/revisions\/262855"}],"wp:featuredmedia":[{"embeddable":true,"href":"https:\/\/www.budream.com\/es\/wp-json\/wp\/v2\/media\/133881"}],"wp:attachment":[{"href":"https:\/\/www.budream.com\/es\/wp-json\/wp\/v2\/media?parent=133895"}],"wp:term":[{"taxonomy":"product_brand","embeddable":true,"href":"https:\/\/www.budream.com\/es\/wp-json\/wp\/v2\/product_brand?post=133895"},{"taxonomy":"product_cat","embeddable":true,"href":"https:\/\/www.budream.com\/es\/wp-json\/wp\/v2\/product_cat?post=133895"},{"taxonomy":"product_tag","embeddable":true,"href":"https:\/\/www.budream.com\/es\/wp-json\/wp\/v2\/product_tag?post=133895"}],"curies":[{"name":"wp","href":"https:\/\/api.w.org\/{rel}","templated":true}]}}