{"id":133955,"date":"2025-07-31T01:30:17","date_gmt":"2025-07-30T23:30:17","guid":{"rendered":"https:\/\/www.budream.com\/shop\/ortoled-s-line-eco-720w-plegable-samsung-luz-de-barra-profesional-275-%c2%b5mol-j-720w\/"},"modified":"2026-04-22T12:58:08","modified_gmt":"2026-04-22T10:58:08","slug":"ortoled-s-line-eco-720w-plegable-samsung-luz-de-barra-profesional-275-%c2%b5mol-j-720w","status":"publish","type":"product","link":"https:\/\/www.budream.com\/es\/shop\/ortoled-s-line-eco-720w-plegable-samsung-luz-de-barra-profesional-275-%c2%b5mol-j-720w\/","title":{"rendered":"ORTOLED &#8211; S LINE ECO 720W PLEGABLE SAMSUNG LUZ DE BARRA PROFESIONAL (2,75 \u00b5mol\/J) | 720W"},"content":{"rendered":"<p>ORTOLED ha incorporado a su cat\u00e1logo la nueva serie de l\u00e1mparas <strong>ORTOLED S LINE ECO 720W<\/strong><strong> 2,75 umol\/J <\/strong> <strong>PLEGABLES<\/strong>, perfectas para grandes zonas de cultivo en groowrooms de uso aficionado.<strong><br \/><\/strong><br \/>La l\u00e1mpara <strong>ORTOLED S LINE ECO 720W<\/strong><strong> 2,75 <\/strong> umol\/J es una luminaria ligera y manejable que produce altos niveles de <strong>PPF (2011 umol\/s<\/strong><strong>)<\/strong> y una eficacia fot\u00f3nica de <strong>2,75<\/strong><strong> umol\/J <\/strong><strong>recomendada para una superficie de 2,4-2,6 m\u00b2.<\/p>\n<p>Construcci\u00f3n totalmente de aluminio, ligera y resistente a la corrosi\u00f3n.<\/p>\n<p>La l\u00e1mpara<\/strong> <strong>ORTOLED S LINE ECO 720W<\/strong><strong> 2,75 <\/strong><strong> est\u00e1 <\/strong> construida con <strong>LED Samsung 2376pcs SMD2835 4000K + 216pcs x 3w SMD35 660nm<\/strong> y<strong> garantiza <\/strong>un excelente rendimiento lum\u00ednico y penetraci\u00f3n de la luz sin sobrecalentar la parte apical de las plantas.<\/p>\n<p>El <strong>Ortoled S Line ECO 720W <\/strong> est\u00e1 construido utilizando 2 fuentes de alimentaci\u00f3n incorporadas con un sistema <strong>LETRON&reg; <\/strong>de alta calidad integrado con un regulador <strong>Ortoled Step Control<\/strong> que permite ajustar la luminosidad en pasos de 0-25%-50%-75% y 100% para adaptarse a la fase de crecimiento y floraci\u00f3n de la planta sin derrochar electricidad.<\/p>\n<p>El grado de protecci\u00f3n es IP65 con resina utratransparente que protege los diodos para mantener el flujo luminoso.<\/p>\n<p><span style=\"font-size: 14pt\"><strong>Espectro Agro total<\/strong><\/span><br \/>La combinaci\u00f3n y coloraci\u00f3n de los LED instalados recoge todas las bandas que necesita la planta, garantizando un flujo \u00f3ptimo desde el crecimiento hasta la floraci\u00f3n.<\/p>\n<p><img loading=\"lazy\" decoding=\"async\" src=\"https:\/\/www.indoorline.com\/app\/media\/uploads\/wysiwyg\/Spettro%20Ortoled%20S%20Line%20FD.jpg\" alt=\"\" width=\"1064\" height=\"491\" \/><\/p>\n<p><strong><span style=\"font-size: 14pt\"><br \/>Refrigeraci\u00f3n est\u00e1tica y sistema Sound zero<\/span><br \/><\/strong>La nueva tecnolog\u00eda <strong>Sound zero<\/strong> dise\u00f1ada para la serie <strong>Ortoled S Line <\/strong>proporciona una excelente disipaci\u00f3n del calor producido por los LED. Esto significa que la l\u00e1mpara no necesita un sistema de refrigeraci\u00f3n adicional. Gracias al sistema <strong>Sound<\/strong> zero, el resultado es una l\u00e1mpara de alto rendimiento y extremadamente silenciosa.<\/p>\n<h2><span style=\"text-decoration: underline\"><span class=\"insidetitle\"><strong>Especificaciones t\u00e9cnicas Ortoled S LINE ECO 720W 2,75 umol\/J:<\/strong><\/span><\/span><\/h2>\n<ul style=\"list-style-type: disc\">\n<li><strong>Eficacia:<\/strong><strong> 2,75 &micro;mol \/ J<\/strong><\/li>\n<li><strong>PPF: 2011 umol\/s<\/strong><\/li>\n<li><span class=\"insidetitle\">Tensi\u00f3n de entrada:<\/span>AC Input: AC210-255V 50\/60 Hz<\/li>\n<li><span class=\"insidetitle\">Consumo:<\/span> 720 W +\/-5%.<\/li>\n<li><span class=\"insidetitle\">\u00c1rea iluminable<\/span>: 2,4-2,6 m2<\/li>\n<li>Distancia m\u00ednima: 30-60 cm<\/li>\n<li>6 x barras LED<\/li>\n<li>Estructura de aluminio<\/li>\n<li><span class=\"insidetitle\">Distribuci\u00f3n de la luz:<\/span> 120<\/li>\n<li><span class=\"insidetitle\">Fuente de luz: <strong>Samsung 2376pcs SMD2835 4000K LED + 216pcs x 3w SMD3535 660nm<\/strong><\/span><\/li>\n<li><span class=\"insidetitle\">Regulable:<\/span> OFF-25%-50%-75%-100% con <strong>Ortoled Step Control<\/strong> dimmer <strong>+ S Line External Controller<\/strong><\/li>\n<li><span class=\"insidetitle\">Peso:<\/span> 8Kg<\/li>\n<li><span class=\"insidetitle\">Dimensiones:<\/span> 1100x1100x450 mm<\/li>\n<li><span class=\"insidetitle\">Espectro:<\/span> Total Agro<\/li>\n<li style=\"text-align: left\">\n<div>Temperatura de trabajo: -20&deg;- 40<\/div>\n<\/li>\n<li style=\"text-align: left\">\n<div>Control de luz: con <strong>S Control externo con funci\u00f3n amanecer\/atardecer<\/strong> o <strong>Step Control Ortoled<\/strong> integrado<\/div>\n<\/li>\n<li style=\"text-align: left\">\n<div>Vida \u00fatil: m\u00e1s de 50 mil horas (decaimiento +\/- 3% a las 100 mil horas)<\/div>\n<\/li>\n<li style=\"text-align: left\">\n<div>Garant\u00eda: 3 a\u00f1os<\/div>\n<\/li>\n<\/ul>\n<p><\/p>\n<div style=\"text-align: center\"><\/div>\n<h2><span style=\"text-decoration: underline\"><span class=\"insidetitle\"><strong>Art\u00edculos incluidos en el paquete<\/strong><\/span><\/span><\/h2>\n<ul style=\"list-style-type: disc\">\n<li><i>1 x Panel led Ortoled <strong>Sound Zero<\/strong><\/i><\/li>\n<li>6 x barras led<\/li>\n<li><i>1 x Cable de alimentaci\u00f3n<\/i><\/li>\n<li><i>1 x Cable de control Cascade\/Control K <\/i><\/li>\n<li><i>2 x Mosquetones para suspensi\u00f3n<\/i><\/li>\n<li><i>2 x Fuentes de alimentaci\u00f3n Letron integradas no aisladas<\/i><\/li>\n<\/ul>\n<h2><span class=\"insidetitle\"><strong><br \/><span style=\"text-decoration: underline\">Caracter\u00edsticas principales Ortoled S Line FD 2.75&micro;mol\/J 720W<\/span><br \/><\/strong><\/span><\/h2>\n<ul style=\"list-style-type: disc\">\n<li><strong>Alta eficiencia<\/strong> 2,75 &micro;mol\/J<\/li>\n<li>Alta salida PPF para <strong>2011<\/strong><strong> &micro;mol\/s<\/strong> de alta intensidad<\/li>\n<li>Drivers LED<i> <strong>2xLetron 360W <\/strong><\/i>de alta calidad montados en la carcasa<\/li>\n<li>Tecnolog\u00eda de cubierta protectora con resina de alta transparencia<\/li>\n<li>Espectro Agro total<\/li>\n<li>Mejor difusi\u00f3n y uniformidad de la luz y sistema <strong>Sound zero<\/strong><\/li>\n<li>Dise\u00f1o compacto ideal para una superficie de cultivo m\u00ednima de 2,4-2,6 m2<\/li>\n<li>Totalmente regulable<\/li>\n<li>F\u00e1cil instalaci\u00f3n plug &amp; play<\/li>\n<\/ul>\n<p><strong><br \/><\/strong><\/p>\n","protected":false},"excerpt":{"rendered":"<p>ORTOLED ha incorporado a su cat\u00e1logo la nueva serie de l\u00e1mparas ORTOLED S LINE ECO 720W 2,75 umol\/J PLEGABLES, perfectas<\/p>\n","protected":false},"featured_media":133926,"comment_status":"open","ping_status":"closed","template":"","meta":[],"product_brand":[],"product_cat":[7936],"product_tag":[],"class_list":{"0":"post-133955","1":"product","2":"type-product","3":"status-publish","4":"has-post-thumbnail","6":"product_cat-lampara-led","8":"first","9":"instock","10":"sale","11":"taxable","12":"shipping-taxable","13":"purchasable","14":"product-type-simple"},"_links":{"self":[{"href":"https:\/\/www.budream.com\/es\/wp-json\/wp\/v2\/product\/133955","targetHints":{"allow":["GET"]}}],"collection":[{"href":"https:\/\/www.budream.com\/es\/wp-json\/wp\/v2\/product"}],"about":[{"href":"https:\/\/www.budream.com\/es\/wp-json\/wp\/v2\/types\/product"}],"replies":[{"embeddable":true,"href":"https:\/\/www.budream.com\/es\/wp-json\/wp\/v2\/comments?post=133955"}],"version-history":[{"count":1,"href":"https:\/\/www.budream.com\/es\/wp-json\/wp\/v2\/product\/133955\/revisions"}],"predecessor-version":[{"id":264362,"href":"https:\/\/www.budream.com\/es\/wp-json\/wp\/v2\/product\/133955\/revisions\/264362"}],"wp:featuredmedia":[{"embeddable":true,"href":"https:\/\/www.budream.com\/es\/wp-json\/wp\/v2\/media\/133926"}],"wp:attachment":[{"href":"https:\/\/www.budream.com\/es\/wp-json\/wp\/v2\/media?parent=133955"}],"wp:term":[{"taxonomy":"product_brand","embeddable":true,"href":"https:\/\/www.budream.com\/es\/wp-json\/wp\/v2\/product_brand?post=133955"},{"taxonomy":"product_cat","embeddable":true,"href":"https:\/\/www.budream.com\/es\/wp-json\/wp\/v2\/product_cat?post=133955"},{"taxonomy":"product_tag","embeddable":true,"href":"https:\/\/www.budream.com\/es\/wp-json\/wp\/v2\/product_tag?post=133955"}],"curies":[{"name":"wp","href":"https:\/\/api.w.org\/{rel}","templated":true}]}}