{"id":133975,"date":"2025-07-31T01:30:49","date_gmt":"2025-07-30T23:30:49","guid":{"rendered":"https:\/\/www.budream.com\/shop\/arizer-solo-2-max-vaporizador\/"},"modified":"2026-02-02T17:42:40","modified_gmt":"2026-02-02T15:42:40","slug":"arizer-solo-2-max-vaporizador","status":"publish","type":"product","link":"https:\/\/www.budream.com\/es\/shop\/arizer-solo-2-max-vaporizador\/","title":{"rendered":"ARIZER &#8211; SOLO 2 MAX | VAPORIZADOR"},"content":{"rendered":"<p><strong>El Solo 2 Max<\/strong> representa una nueva era de vaporizadores port\u00e1tiles, con una bater\u00eda de hasta 3 horas de duraci\u00f3n y la posibilidad de utilizarlo mientras se recarga. Su dise\u00f1o con una v\u00eda de aire aislada y tubo de vapor de vidrio promete una experiencia de sabor superior, activando de forma \u00f3ptima los perfiles naturales de terpenos.<\/p>\n<p>Las opciones de personalizaci\u00f3n mediante ajustes de sesi\u00f3n personalizados, junto con el sistema operativo f\u00e1cil de usar y la pantalla OLED, ofrecen un control total con una regulaci\u00f3n precisa de la temperatura. El Solo II almacena tus ajustes favoritos para la pr\u00f3xima vez.<\/p>\n<p>Gracias al uso de vidrio de borosilicato puro para el paso del aire y el vapor, los aromas y terpenos se acent\u00faan de forma soberbia, mientras que la avanzada tecnolog\u00eda de calentamiento de cer\u00e1mica de Arizer garantiza una extracci\u00f3n eficiente. El Solo II es la elecci\u00f3n perfecta para viajar, gracias a su bater\u00eda de larga duraci\u00f3n y su pr\u00e1ctico estuche de transporte.<\/p>\n<p>Arizer, pionero en la industria de los vaporizadores desde 2005, se ha establecido como un referente de calidad y rendimiento a trav\u00e9s de la investigaci\u00f3n constante y el dise\u00f1o innovador. Productos de alta calidad, precios asequibles y un excelente servicio de atenci\u00f3n al cliente completan la gama. El Solo 2 Max es una invitaci\u00f3n a todos los entendidos para que tomen el control de su experiencia de vapeo y disfruten de un sabor puro e intenso.<\/p>\n<h2>Contenido de la caja:<\/h2>\n<ul style=\"list-style-type: disc\">\n<li>1 x Solo II MAX<\/li>\n<li>1 x cargador USB-C (5V, 3A)<\/li>\n<li>1 boquilla de vidrio Air \/ Solo (110 mm)<\/li>\n<li>1 x tubo de aroma de vidrio esmerilado Air \/ Solo (14 mm)<\/li>\n<li>2 x tap\u00f3n Air \/ Solo<\/li>\n<li>1 x tubo de viaje de PVC con tap\u00f3n (110 mm)<\/li>\n<li>1 x tubo de PVC con tap\u00f3n (70 mm)<\/li>\n<li>1 x herramienta de agitaci\u00f3n de acero inoxidable<\/li>\n<li>4 x Tamiz de acero Air \/ Solo<\/li>\n<li>1 x Manual de instrucciones para Solo II MAX<\/li>\n<\/ul>\n","protected":false},"excerpt":{"rendered":"<p>El Solo 2 Max representa una nueva era de vaporizadores port\u00e1tiles, con una bater\u00eda de hasta 3 horas de duraci\u00f3n<\/p>\n","protected":false},"featured_media":133961,"comment_status":"open","ping_status":"closed","template":"","meta":[],"product_brand":[],"product_cat":[7908],"product_tag":[],"class_list":{"0":"post-133975","1":"product","2":"type-product","3":"status-publish","4":"has-post-thumbnail","6":"product_cat-vaporizadores","8":"first","9":"instock","10":"sale","11":"taxable","12":"shipping-taxable","13":"purchasable","14":"product-type-simple"},"_links":{"self":[{"href":"https:\/\/www.budream.com\/es\/wp-json\/wp\/v2\/product\/133975","targetHints":{"allow":["GET"]}}],"collection":[{"href":"https:\/\/www.budream.com\/es\/wp-json\/wp\/v2\/product"}],"about":[{"href":"https:\/\/www.budream.com\/es\/wp-json\/wp\/v2\/types\/product"}],"replies":[{"embeddable":true,"href":"https:\/\/www.budream.com\/es\/wp-json\/wp\/v2\/comments?post=133975"}],"version-history":[{"count":0,"href":"https:\/\/www.budream.com\/es\/wp-json\/wp\/v2\/product\/133975\/revisions"}],"wp:featuredmedia":[{"embeddable":true,"href":"https:\/\/www.budream.com\/es\/wp-json\/wp\/v2\/media\/133961"}],"wp:attachment":[{"href":"https:\/\/www.budream.com\/es\/wp-json\/wp\/v2\/media?parent=133975"}],"wp:term":[{"taxonomy":"product_brand","embeddable":true,"href":"https:\/\/www.budream.com\/es\/wp-json\/wp\/v2\/product_brand?post=133975"},{"taxonomy":"product_cat","embeddable":true,"href":"https:\/\/www.budream.com\/es\/wp-json\/wp\/v2\/product_cat?post=133975"},{"taxonomy":"product_tag","embeddable":true,"href":"https:\/\/www.budream.com\/es\/wp-json\/wp\/v2\/product_tag?post=133975"}],"curies":[{"name":"wp","href":"https:\/\/api.w.org\/{rel}","templated":true}]}}