{"id":134010,"date":"2025-07-31T01:32:13","date_gmt":"2025-07-30T23:32:13","guid":{"rendered":"https:\/\/www.budream.com\/shop\/davinci-guante-iq3-repuesto\/"},"modified":"2026-01-27T17:26:22","modified_gmt":"2026-01-27T15:26:22","slug":"davinci-guante-iq3-repuesto","status":"publish","type":"product","link":"https:\/\/www.budream.com\/es\/shop\/davinci-guante-iq3-repuesto\/","title":{"rendered":"DAVINCI &#8211; GUANTE IQ3 (REPUESTO)"},"content":{"rendered":"<p>Guante protector de silicona para el vaporizador DaVinci IQ3<\/p>\n<p>Mant\u00e9n tus manos frescas durante largas sesiones y minimiza los da\u00f1os causados por derrames con este guante especialmente dise\u00f1ado. \u00a1Pru\u00e9balo en tu DaVinci IQ3 hoy mismo!<\/p>\n","protected":false},"excerpt":{"rendered":"<p>Guante protector de silicona para el vaporizador DaVinci IQ3 Mant\u00e9n tus manos frescas durante largas sesiones y minimiza los da\u00f1os<\/p>\n","protected":false},"featured_media":134001,"comment_status":"open","ping_status":"closed","template":"","meta":[],"product_brand":[],"product_cat":[7908],"product_tag":[],"class_list":{"0":"post-134010","1":"product","2":"type-product","3":"status-publish","4":"has-post-thumbnail","6":"product_cat-vaporizadores","8":"first","9":"instock","10":"sale","11":"taxable","12":"shipping-taxable","13":"purchasable","14":"product-type-simple"},"aioseo_notices":[],"_links":{"self":[{"href":"https:\/\/www.budream.com\/es\/wp-json\/wp\/v2\/product\/134010","targetHints":{"allow":["GET"]}}],"collection":[{"href":"https:\/\/www.budream.com\/es\/wp-json\/wp\/v2\/product"}],"about":[{"href":"https:\/\/www.budream.com\/es\/wp-json\/wp\/v2\/types\/product"}],"replies":[{"embeddable":true,"href":"https:\/\/www.budream.com\/es\/wp-json\/wp\/v2\/comments?post=134010"}],"version-history":[{"count":0,"href":"https:\/\/www.budream.com\/es\/wp-json\/wp\/v2\/product\/134010\/revisions"}],"wp:featuredmedia":[{"embeddable":true,"href":"https:\/\/www.budream.com\/es\/wp-json\/wp\/v2\/media\/134001"}],"wp:attachment":[{"href":"https:\/\/www.budream.com\/es\/wp-json\/wp\/v2\/media?parent=134010"}],"wp:term":[{"taxonomy":"product_brand","embeddable":true,"href":"https:\/\/www.budream.com\/es\/wp-json\/wp\/v2\/product_brand?post=134010"},{"taxonomy":"product_cat","embeddable":true,"href":"https:\/\/www.budream.com\/es\/wp-json\/wp\/v2\/product_cat?post=134010"},{"taxonomy":"product_tag","embeddable":true,"href":"https:\/\/www.budream.com\/es\/wp-json\/wp\/v2\/product_tag?post=134010"}],"curies":[{"name":"wp","href":"https:\/\/api.w.org\/{rel}","templated":true}]}}