{"id":134055,"date":"2025-07-31T01:33:40","date_gmt":"2025-07-30T23:33:40","guid":{"rendered":"https:\/\/www.budream.com\/shop\/davinci-iq3-cool-core-recambio\/"},"modified":"2025-12-23T21:16:31","modified_gmt":"2025-12-23T19:16:31","slug":"davinci-iq3-cool-core-recambio","status":"publish","type":"product","link":"https:\/\/www.budream.com\/es\/shop\/davinci-iq3-cool-core-recambio\/","title":{"rendered":"DAVINCI &#8211; IQ3 COOL CORE (RECAMBIO)"},"content":{"rendered":"<p>Pieza de repuesto Zirconia Cool Core&trade; para el vaporizador DaVinci IQ3.<\/p>\n<p>Esta tecnolog\u00eda patentada enfr\u00eda el vapor en un 50% en comparaci\u00f3n con los modelos anteriores, proporcionando una sensaci\u00f3n fresca y refrescante en cada calada. Para una experiencia a\u00fan m\u00e1s extraordinaria, pre-enfr\u00eda el Zirconia Cool Core&trade; en el congelador para disfrutar de un vapor que se siente casi de otro mundo.<\/p>\n","protected":false},"excerpt":{"rendered":"<p>Pieza de repuesto Zirconia Cool Core&trade; para el vaporizador DaVinci IQ3. Esta tecnolog\u00eda patentada enfr\u00eda el vapor en un 50%<\/p>\n","protected":false},"featured_media":134051,"comment_status":"open","ping_status":"closed","template":"","meta":[],"product_brand":[],"product_cat":[7908],"product_tag":[],"class_list":{"0":"post-134055","1":"product","2":"type-product","3":"status-publish","4":"has-post-thumbnail","6":"product_cat-vaporizadores","8":"first","9":"instock","10":"sale","11":"taxable","12":"shipping-taxable","13":"purchasable","14":"product-type-simple"},"aioseo_notices":[],"_links":{"self":[{"href":"https:\/\/www.budream.com\/es\/wp-json\/wp\/v2\/product\/134055","targetHints":{"allow":["GET"]}}],"collection":[{"href":"https:\/\/www.budream.com\/es\/wp-json\/wp\/v2\/product"}],"about":[{"href":"https:\/\/www.budream.com\/es\/wp-json\/wp\/v2\/types\/product"}],"replies":[{"embeddable":true,"href":"https:\/\/www.budream.com\/es\/wp-json\/wp\/v2\/comments?post=134055"}],"version-history":[{"count":0,"href":"https:\/\/www.budream.com\/es\/wp-json\/wp\/v2\/product\/134055\/revisions"}],"wp:featuredmedia":[{"embeddable":true,"href":"https:\/\/www.budream.com\/es\/wp-json\/wp\/v2\/media\/134051"}],"wp:attachment":[{"href":"https:\/\/www.budream.com\/es\/wp-json\/wp\/v2\/media?parent=134055"}],"wp:term":[{"taxonomy":"product_brand","embeddable":true,"href":"https:\/\/www.budream.com\/es\/wp-json\/wp\/v2\/product_brand?post=134055"},{"taxonomy":"product_cat","embeddable":true,"href":"https:\/\/www.budream.com\/es\/wp-json\/wp\/v2\/product_cat?post=134055"},{"taxonomy":"product_tag","embeddable":true,"href":"https:\/\/www.budream.com\/es\/wp-json\/wp\/v2\/product_tag?post=134055"}],"curies":[{"name":"wp","href":"https:\/\/api.w.org\/{rel}","templated":true}]}}