{"id":134070,"date":"2025-07-31T01:34:09","date_gmt":"2025-07-30T23:34:09","guid":{"rendered":"https:\/\/www.budream.com\/shop\/davinci-camara-de-aromas-iq3-recambio\/"},"modified":"2025-12-23T21:17:46","modified_gmt":"2025-12-23T19:17:46","slug":"davinci-camara-de-aromas-iq3-recambio","status":"publish","type":"product","link":"https:\/\/www.budream.com\/es\/shop\/davinci-camara-de-aromas-iq3-recambio\/","title":{"rendered":"DAVINCI &#8211; C\u00c1MARA DE AROMAS IQ3 (RECAMBIO)"},"content":{"rendered":"<p>Pieza de repuesto de la c\u00e1mara de aromas de zirconia para el vaporizador DaVinci IQ3.<\/p>\n<p>La c\u00e1mara de aromas est\u00e1 hecha de cer\u00e1mica de zirconia, un material extremadamente duradero que garantiza la m\u00e1xima pureza del vapor y preserva el sabor.<\/p>\n<p>*No incluye Cool Core&trade;.<\/p>\n","protected":false},"excerpt":{"rendered":"<p>Pieza de repuesto de la c\u00e1mara de aromas de zirconia para el vaporizador DaVinci IQ3. La c\u00e1mara de aromas est\u00e1<\/p>\n","protected":false},"featured_media":134061,"comment_status":"open","ping_status":"closed","template":"","meta":[],"product_brand":[],"product_cat":[7908],"product_tag":[],"class_list":{"0":"post-134070","1":"product","2":"type-product","3":"status-publish","4":"has-post-thumbnail","6":"product_cat-vaporizadores","8":"first","9":"instock","10":"sale","11":"taxable","12":"shipping-taxable","13":"purchasable","14":"product-type-simple"},"aioseo_notices":[],"_links":{"self":[{"href":"https:\/\/www.budream.com\/es\/wp-json\/wp\/v2\/product\/134070","targetHints":{"allow":["GET"]}}],"collection":[{"href":"https:\/\/www.budream.com\/es\/wp-json\/wp\/v2\/product"}],"about":[{"href":"https:\/\/www.budream.com\/es\/wp-json\/wp\/v2\/types\/product"}],"replies":[{"embeddable":true,"href":"https:\/\/www.budream.com\/es\/wp-json\/wp\/v2\/comments?post=134070"}],"version-history":[{"count":0,"href":"https:\/\/www.budream.com\/es\/wp-json\/wp\/v2\/product\/134070\/revisions"}],"wp:featuredmedia":[{"embeddable":true,"href":"https:\/\/www.budream.com\/es\/wp-json\/wp\/v2\/media\/134061"}],"wp:attachment":[{"href":"https:\/\/www.budream.com\/es\/wp-json\/wp\/v2\/media?parent=134070"}],"wp:term":[{"taxonomy":"product_brand","embeddable":true,"href":"https:\/\/www.budream.com\/es\/wp-json\/wp\/v2\/product_brand?post=134070"},{"taxonomy":"product_cat","embeddable":true,"href":"https:\/\/www.budream.com\/es\/wp-json\/wp\/v2\/product_cat?post=134070"},{"taxonomy":"product_tag","embeddable":true,"href":"https:\/\/www.budream.com\/es\/wp-json\/wp\/v2\/product_tag?post=134070"}],"curies":[{"name":"wp","href":"https:\/\/api.w.org\/{rel}","templated":true}]}}