{"id":134110,"date":"2025-07-31T01:35:54","date_gmt":"2025-07-30T23:35:54","guid":{"rendered":"https:\/\/www.budream.com\/shop\/qnubu-extractor-vibrante-autosift-dryysift\/"},"modified":"2026-04-14T15:15:57","modified_gmt":"2026-04-14T13:15:57","slug":"qnubu-extractor-vibrante-autosift-dryysift","status":"publish","type":"product","link":"https:\/\/www.budream.com\/es\/shop\/qnubu-extractor-vibrante-autosift-dryysift\/","title":{"rendered":"QNUBU &#8211; EXTRACTOR VIBRANTE AUTOSIFT DRYYSIFT"},"content":{"rendered":"<p>El <strong>Autosift<\/strong> de Qnubu es un tamiz el\u00e9ctrico vibratorio que puede utilizarse en una amplia gama de aplicaciones, como las industrias alimentaria, qu\u00edmica y farmac\u00e9utica.<\/p>\n<p>Con su funcionamiento el\u00e9ctrico y sus tamices <strong>de 70 y 90 micras<\/strong>, es la soluci\u00f3n ideal para tamizar grandes cantidades de material de forma r\u00e1pida y eficaz.<\/p>\n<p>El tamiz vibratorio el\u00e9ctrico Qnubu automatiza el proceso de tamizado, ahorrando tiempo y esfuerzo. Adem\u00e1s, garantiza un tamizado uniforme y preciso, lo que mejora la calidad del producto.<\/p>\n<h2><span style=\"text-decoration: underline\"><strong>Instrucciones de uso:<\/strong><\/span><\/h2>\n<ul style=\"list-style-type: disc\">\n<li>Colocar la alfombrilla antideslizante.<\/li>\n<li>Seleccione el tamiz.<\/li>\n<li>Llenar un tercio del tamiz con el material a tamizar.<\/li>\n<li>Cubra el tamiz con su tapa e instale los anclajes.<\/li>\n<li>Coloque un recipiente en la salida del tamiz.<\/li>\n<li>Pulse el bot\u00f3n de puesta en marcha.<\/li>\n<\/ul>\n<h2><span style=\"text-decoration: underline\"><strong>Caracter\u00edsticas Autosift Qnubu:<\/strong><\/span><\/h2>\n<ul style=\"list-style-type: disc\">\n<li>Juego de tamices de 70 micras y 90 micras<\/li>\n<li>Di\u00e1metro de tamiz de 31 cm<\/li>\n<li>Tensi\u00f3n de funcionamiento AC220V\/ 50 Hz\/60 Hz<\/li>\n<li>Frecuencia de tamizado 1150 veces\/min<\/li>\n<li>Potencia 50 W<\/li>\n<\/ul>\n<h2><span style=\"text-decoration: underline\"><strong>Incluye:<\/strong><\/span><\/h2>\n<ul style=\"list-style-type: disc\">\n<li>Alfombrilla antideslizante<\/li>\n<li>Cepillo<\/li>\n<\/ul>\n","protected":false},"excerpt":{"rendered":"<p>El Autosift de Qnubu es un tamiz el\u00e9ctrico vibratorio que puede utilizarse en una amplia gama de aplicaciones, como las<\/p>\n","protected":false},"featured_media":134101,"comment_status":"open","ping_status":"closed","template":"","meta":[],"product_brand":[],"product_cat":[7948],"product_tag":[],"class_list":{"0":"post-134110","1":"product","2":"type-product","3":"status-publish","4":"has-post-thumbnail","6":"product_cat-headshop-es","8":"first","9":"instock","10":"taxable","11":"shipping-taxable","12":"purchasable","13":"product-type-simple"},"aioseo_notices":[],"_links":{"self":[{"href":"https:\/\/www.budream.com\/es\/wp-json\/wp\/v2\/product\/134110","targetHints":{"allow":["GET"]}}],"collection":[{"href":"https:\/\/www.budream.com\/es\/wp-json\/wp\/v2\/product"}],"about":[{"href":"https:\/\/www.budream.com\/es\/wp-json\/wp\/v2\/types\/product"}],"replies":[{"embeddable":true,"href":"https:\/\/www.budream.com\/es\/wp-json\/wp\/v2\/comments?post=134110"}],"version-history":[{"count":1,"href":"https:\/\/www.budream.com\/es\/wp-json\/wp\/v2\/product\/134110\/revisions"}],"predecessor-version":[{"id":262860,"href":"https:\/\/www.budream.com\/es\/wp-json\/wp\/v2\/product\/134110\/revisions\/262860"}],"wp:featuredmedia":[{"embeddable":true,"href":"https:\/\/www.budream.com\/es\/wp-json\/wp\/v2\/media\/134101"}],"wp:attachment":[{"href":"https:\/\/www.budream.com\/es\/wp-json\/wp\/v2\/media?parent=134110"}],"wp:term":[{"taxonomy":"product_brand","embeddable":true,"href":"https:\/\/www.budream.com\/es\/wp-json\/wp\/v2\/product_brand?post=134110"},{"taxonomy":"product_cat","embeddable":true,"href":"https:\/\/www.budream.com\/es\/wp-json\/wp\/v2\/product_cat?post=134110"},{"taxonomy":"product_tag","embeddable":true,"href":"https:\/\/www.budream.com\/es\/wp-json\/wp\/v2\/product_tag?post=134110"}],"curies":[{"name":"wp","href":"https:\/\/api.w.org\/{rel}","templated":true}]}}