{"id":134135,"date":"2025-07-31T01:36:23","date_gmt":"2025-07-30T23:36:23","guid":{"rendered":"https:\/\/www.budream.com\/shop\/ortoled-controlador-0-10-pwm\/"},"modified":"2026-03-23T12:28:14","modified_gmt":"2026-03-23T10:28:14","slug":"ortoled-controlador-0-10-pwm","status":"publish","type":"product","link":"https:\/\/www.budream.com\/es\/shop\/ortoled-controlador-0-10-pwm\/","title":{"rendered":"ORTOLED &#8211; CONTROLADOR 0-10 &amp; PWM"},"content":{"rendered":"<p class=\"p1\">El controlador ORTOLED 0-10V &amp; PWM est\u00e1 dise\u00f1ado para el control preciso de sistemas de iluminaci\u00f3n LED, ofreciendo una salida de se\u00f1al 0-10V con una potencia m\u00e1xima de 50mA y un control PWM avanzado. Alimentado a 5V con un consumo de 2A, el dispositivo puede gestionar hasta 30 l\u00e1mparas LED, por lo que es ideal para aplicaciones de iluminaci\u00f3n tanto comerciales como residenciales.<br \/>Excelente soluci\u00f3n para el control de 1 canal.<\/p>\n<p class=\"p1\">El dise\u00f1o compacto, con unas dimensiones de 145x80x28 mm y un peso de 310 g, incluye puertos RJ14 para la se\u00f1al 0-10V, RJ19 para el control PWM y una entrada dedicada para el sensor de temperatura y humedad, para ofrecer un control completo y fiable en un rango de temperatura de funcionamiento de 0&deg;C a 40&deg;C.<\/p>\n<h2><span style=\"text-decoration: underline\"><strong>Caracter\u00edsticas Controlador Ortoled 0-10 &amp; PWM:<\/strong><\/span><\/h2>\n<ul style=\"list-style-type: disc\">\n<li>Potencia m\u00e1xima 50mA<\/li>\n<li>Consumo de 2A<\/li>\n<li>Maneja hasta 30 l\u00e1mparas LED<\/li>\n<li>Dimensiones: 145x80x28 mm<\/li>\n<li>Peso: 310g<\/li>\n<li>Temperatura de funcionamiento entre 0&deg;C y 40&deg;C<\/li>\n<\/ul>\n","protected":false},"excerpt":{"rendered":"<p>El controlador ORTOLED 0-10V &amp; PWM est\u00e1 dise\u00f1ado para el control preciso de sistemas de iluminaci\u00f3n LED, ofreciendo una salida<\/p>\n","protected":false},"featured_media":134116,"comment_status":"open","ping_status":"closed","template":"","meta":[],"product_brand":[],"product_cat":[7936],"product_tag":[],"class_list":{"0":"post-134135","1":"product","2":"type-product","3":"status-publish","4":"has-post-thumbnail","6":"product_cat-lampara-led","8":"first","9":"instock","10":"sale","11":"taxable","12":"shipping-taxable","13":"purchasable","14":"product-type-simple"},"aioseo_notices":[],"_links":{"self":[{"href":"https:\/\/www.budream.com\/es\/wp-json\/wp\/v2\/product\/134135","targetHints":{"allow":["GET"]}}],"collection":[{"href":"https:\/\/www.budream.com\/es\/wp-json\/wp\/v2\/product"}],"about":[{"href":"https:\/\/www.budream.com\/es\/wp-json\/wp\/v2\/types\/product"}],"replies":[{"embeddable":true,"href":"https:\/\/www.budream.com\/es\/wp-json\/wp\/v2\/comments?post=134135"}],"version-history":[{"count":0,"href":"https:\/\/www.budream.com\/es\/wp-json\/wp\/v2\/product\/134135\/revisions"}],"wp:featuredmedia":[{"embeddable":true,"href":"https:\/\/www.budream.com\/es\/wp-json\/wp\/v2\/media\/134116"}],"wp:attachment":[{"href":"https:\/\/www.budream.com\/es\/wp-json\/wp\/v2\/media?parent=134135"}],"wp:term":[{"taxonomy":"product_brand","embeddable":true,"href":"https:\/\/www.budream.com\/es\/wp-json\/wp\/v2\/product_brand?post=134135"},{"taxonomy":"product_cat","embeddable":true,"href":"https:\/\/www.budream.com\/es\/wp-json\/wp\/v2\/product_cat?post=134135"},{"taxonomy":"product_tag","embeddable":true,"href":"https:\/\/www.budream.com\/es\/wp-json\/wp\/v2\/product_tag?post=134135"}],"curies":[{"name":"wp","href":"https:\/\/api.w.org\/{rel}","templated":true}]}}