{"id":134295,"date":"2025-07-31T01:48:03","date_gmt":"2025-07-30T23:48:03","guid":{"rendered":"https:\/\/www.budream.com\/shop\/qnubu-prensa-hidraulica-ladrillo-frio-para-hash-molde-6x12cm-presion-4t\/"},"modified":"2026-04-14T15:16:22","modified_gmt":"2026-04-14T13:16:22","slug":"qnubu-prensa-hidraulica-ladrillo-frio-para-hash-molde-6x12cm-presion-4t","status":"publish","type":"product","link":"https:\/\/www.budream.com\/es\/shop\/qnubu-prensa-hidraulica-ladrillo-frio-para-hash-molde-6x12cm-presion-4t\/","title":{"rendered":"QNUBU &#8211; PRENSA HIDR\u00c1ULICA LADRILLO FR\u00cdO PARA HASH | Molde 6x12cm PRESI\u00d3N 4T"},"content":{"rendered":"<p>\u00a1Por fin, un producto compacto, duradero y barato para prensar tu polen y hach\u00eds en c\u00f3modos moldes del grosor que prefieras!<\/p>\n<p>La nueva prensa de hach\u00eds de Qnubu tiene un pist\u00f3n hidr\u00e1ulico que puede alcanzar una presi\u00f3n de 200 BAR ( 4T ) y un man\u00f3metro que le permite ajustar con gran precisi\u00f3n la presi\u00f3n para cada uso.<br \/>Esto estandarizar\u00e1 el peso y la calidad del producto final y agilizar\u00e1 la manipulaci\u00f3n, especialmente a gran escala.<\/p>\n<h2><span style=\"text-decoration: underline\">Caracter\u00edsticas Qnubu HASH PRESS:<\/span><\/h2>\n<ul style=\"list-style-type: disc\">\n<li>Presi\u00f3n m\u00e1xima: 200 BAR en man\u00f3metro<\/li>\n<li>Tama\u00f1o del molde: 6&#215;12 cm<\/li>\n<li>Man\u00f3metro integrado<\/li>\n<li>No necesita electricidad<\/li>\n<\/ul>\n<p>ADVERTENCIA: No fuerce la prensa m\u00e1s all\u00e1 de los valores de 200 BAR o 3000psi indicados en el man\u00f3metro.<br \/>La garant\u00eda no cubre los da\u00f1os causados por forzar la prensa.<\/p>\n","protected":false},"excerpt":{"rendered":"<p>\u00a1Por fin, un producto compacto, duradero y barato para prensar tu polen y hach\u00eds en c\u00f3modos moldes del grosor que<\/p>\n","protected":false},"featured_media":134276,"comment_status":"open","ping_status":"closed","template":"","meta":[],"product_brand":[],"product_cat":[7948],"product_tag":[],"class_list":{"0":"post-134295","1":"product","2":"type-product","3":"status-publish","4":"has-post-thumbnail","6":"product_cat-headshop-es","8":"first","9":"instock","10":"taxable","11":"shipping-taxable","12":"purchasable","13":"product-type-simple"},"aioseo_notices":[],"_links":{"self":[{"href":"https:\/\/www.budream.com\/es\/wp-json\/wp\/v2\/product\/134295","targetHints":{"allow":["GET"]}}],"collection":[{"href":"https:\/\/www.budream.com\/es\/wp-json\/wp\/v2\/product"}],"about":[{"href":"https:\/\/www.budream.com\/es\/wp-json\/wp\/v2\/types\/product"}],"replies":[{"embeddable":true,"href":"https:\/\/www.budream.com\/es\/wp-json\/wp\/v2\/comments?post=134295"}],"version-history":[{"count":1,"href":"https:\/\/www.budream.com\/es\/wp-json\/wp\/v2\/product\/134295\/revisions"}],"predecessor-version":[{"id":262171,"href":"https:\/\/www.budream.com\/es\/wp-json\/wp\/v2\/product\/134295\/revisions\/262171"}],"wp:featuredmedia":[{"embeddable":true,"href":"https:\/\/www.budream.com\/es\/wp-json\/wp\/v2\/media\/134276"}],"wp:attachment":[{"href":"https:\/\/www.budream.com\/es\/wp-json\/wp\/v2\/media?parent=134295"}],"wp:term":[{"taxonomy":"product_brand","embeddable":true,"href":"https:\/\/www.budream.com\/es\/wp-json\/wp\/v2\/product_brand?post=134295"},{"taxonomy":"product_cat","embeddable":true,"href":"https:\/\/www.budream.com\/es\/wp-json\/wp\/v2\/product_cat?post=134295"},{"taxonomy":"product_tag","embeddable":true,"href":"https:\/\/www.budream.com\/es\/wp-json\/wp\/v2\/product_tag?post=134295"}],"curies":[{"name":"wp","href":"https:\/\/api.w.org\/{rel}","templated":true}]}}