{"id":134435,"date":"2025-07-31T01:56:15","date_gmt":"2025-07-30T23:56:15","guid":{"rendered":"https:\/\/www.budream.com\/shop\/purize-filtros-de-carbon-activo-tamano-grande-blanco-3-uds-purize-recambio-pipa\/"},"modified":"2026-03-26T15:16:36","modified_gmt":"2026-03-26T13:16:36","slug":"purize-filtros-de-carbon-activo-tamano-grande-blanco-3-uds-purize-recambio-pipa","status":"publish","type":"product","link":"https:\/\/www.budream.com\/es\/shop\/purize-filtros-de-carbon-activo-tamano-grande-blanco-3-uds-purize-recambio-pipa\/","title":{"rendered":"PURIZE &#8211; FILTROS DE CARBON ACTIVO | TAMA\u00d1O GRANDE &#8211; BLANCO 3 UDS | PURIZE RECAMBIO PIPA"},"content":{"rendered":"<p>Purize Filters son filtros de recambio para tuber\u00edas.<\/p>\n<p>El carb\u00f3n activado a base de coco reduce significativamente la absorci\u00f3n de <strong>sustancias nocivas.<\/strong><br \/>\u00a1Nuestros filtros de carb\u00f3n activado son adecuados para TODOS los tipos de consumo!<\/p>\n<p>Los filtros PURIZE&reg; est\u00e1n fabricados con materias primas respetuosas con el medio ambiente, son sostenibles y \u00abMade in Germany\u00bb.<br \/>Dado que ambas tapas son de <strong>cer\u00e1mica<\/strong>, no hay direcci\u00f3n de inserci\u00f3n o atornillado.<\/p>\n<p>Si el tama\u00f1o regular no es suficiente para ti y quieres compartir un aut\u00e9ntico &#8216;donut&#8217; con tu tripulaci\u00f3n, el BIG SIZE, con un di\u00e1metro de &oslash; <strong> 14 mm<\/strong>, \u00a1es el filtro perfecto para ti!<\/p>\n<p>Los filtros BIG SIZE vienen en un pr\u00e1ctico <strong>pack de 3<\/strong> con un <strong>PopUp de papel<\/strong>, especialmente dise\u00f1ado para adaptarse al tama\u00f1o del filtro. De esta forma, su puro estar\u00e1 perfectamente protegido incluso despu\u00e9s de liarlo.<\/p>\n<h2><span style=\"text-decoration: underline\">Beneficios del filtro de carb\u00f3n activado Purize<\/span><\/h2>\n<ul style=\"list-style-type: disc\">\n<li>Reducci\u00f3n de contaminantes;<\/li>\n<li>Producto natural y sostenible;<\/li>\n<li>100% biodegradable;<\/li>\n<\/ul>\n<h2><span style=\"text-decoration: underline\">Caracter\u00edsticas de los filtros de carb\u00f3n activado Purize<\/span>:<\/h2>\n<ul style=\"list-style-type: disc\">\n<li>Dimensiones del filtro: &oslash; 14 mm x 40 mm;<\/li>\n<li>Composici\u00f3n: carb\u00f3n activado a base de coco;<\/li>\n<li>Color: blanco;<\/li>\n<li>Cantidad: 3 piezas;<\/li>\n<li>Tipo de envase: popUp de papel;<\/li>\n<\/ul>\n","protected":false},"excerpt":{"rendered":"<p>Purize Filters son filtros de recambio para tuber\u00edas. El carb\u00f3n activado a base de coco reduce significativamente la absorci\u00f3n de<\/p>\n","protected":false},"featured_media":134426,"comment_status":"open","ping_status":"closed","template":"","meta":[],"product_brand":[],"product_cat":[7948],"product_tag":[],"class_list":{"0":"post-134435","1":"product","2":"type-product","3":"status-publish","4":"has-post-thumbnail","6":"product_cat-headshop-es","8":"first","9":"instock","10":"taxable","11":"shipping-taxable","12":"purchasable","13":"product-type-simple"},"aioseo_notices":[],"_links":{"self":[{"href":"https:\/\/www.budream.com\/es\/wp-json\/wp\/v2\/product\/134435","targetHints":{"allow":["GET"]}}],"collection":[{"href":"https:\/\/www.budream.com\/es\/wp-json\/wp\/v2\/product"}],"about":[{"href":"https:\/\/www.budream.com\/es\/wp-json\/wp\/v2\/types\/product"}],"replies":[{"embeddable":true,"href":"https:\/\/www.budream.com\/es\/wp-json\/wp\/v2\/comments?post=134435"}],"version-history":[{"count":0,"href":"https:\/\/www.budream.com\/es\/wp-json\/wp\/v2\/product\/134435\/revisions"}],"wp:featuredmedia":[{"embeddable":true,"href":"https:\/\/www.budream.com\/es\/wp-json\/wp\/v2\/media\/134426"}],"wp:attachment":[{"href":"https:\/\/www.budream.com\/es\/wp-json\/wp\/v2\/media?parent=134435"}],"wp:term":[{"taxonomy":"product_brand","embeddable":true,"href":"https:\/\/www.budream.com\/es\/wp-json\/wp\/v2\/product_brand?post=134435"},{"taxonomy":"product_cat","embeddable":true,"href":"https:\/\/www.budream.com\/es\/wp-json\/wp\/v2\/product_cat?post=134435"},{"taxonomy":"product_tag","embeddable":true,"href":"https:\/\/www.budream.com\/es\/wp-json\/wp\/v2\/product_tag?post=134435"}],"curies":[{"name":"wp","href":"https:\/\/api.w.org\/{rel}","templated":true}]}}