{"id":134505,"date":"2025-07-31T01:59:08","date_gmt":"2025-07-30T23:59:08","guid":{"rendered":"https:\/\/www.budream.com\/shop\/enecta-crema-after-sport-con-arnica-y-cannabidiol-700mg-cbd-100ml\/"},"modified":"2026-03-23T16:25:37","modified_gmt":"2026-03-23T14:25:37","slug":"enecta-crema-after-sport-con-arnica-y-cannabidiol-700mg-cbd-100ml","status":"publish","type":"product","link":"https:\/\/www.budream.com\/es\/shop\/enecta-crema-after-sport-con-arnica-y-cannabidiol-700mg-cbd-100ml\/","title":{"rendered":"ENECTA &#8211; CREMA AFTER SPORT CON ARNICA Y CANNABIDIOL | 700mg CBD | 100ml"},"content":{"rendered":"<p>CBD After Sport es una crema innovadora y completa para favorecer la recuperaci\u00f3n muscular <strong>despu\u00e9s de la actividad f\u00edsica<\/strong>.<\/p>\n<p>Nuestra crema post-entrenamiento contiene extractos naturales de plantas que siempre se han utilizado para apoyar al cuerpo en casos de <strong>dolor e inflamaci\u00f3n<\/strong>. Los extractos de CBD, \u00e1rnica, garra del diablo y mentol se utilizan juntos en una f\u00f3rmula sin\u00e9rgica que garantiza el m\u00e1ximo efecto.<br \/>Podr\u00edamos decir que CBD After Sport es una pomada de \u00e1rnica superpotente.<\/p>\n<p>La crema combina las propiedades de los mejores principios activos utilizados para el dolor y las molestias musculares.<br \/>La primera sensaci\u00f3n tras el masaje con CBD After Sport es de alivio. El mentol enfr\u00eda inmediatamente la zona dolorida y luego la calienta. Al mismo tiempo, el CBD relaja los m\u00fasculos y ayuda al cuerpo en caso de dolor.<\/p>\n<p>El \u00e1rnica montana y la garra del diablo ejercen su potente acci\u00f3n antiinflamatoria, que tambi\u00e9n tiene un efecto a largo plazo al ayudar a reducir m\u00e1s profundamente el dolor muscular y articular. En caso de hematomas, el \u00e1rnica ayuda a reducirlos m\u00e1s r\u00e1pidamente.<\/p>\n<p>CBD After Sport ayuda a promover la recuperaci\u00f3n muscular despu\u00e9s de la actividad f\u00edsica, calmando todos los dolores y molestias que hacen que el post-entrenamiento sea un momento desagradable.<\/p>\n<h2><span style=\"text-decoration: underline\">\u00bfPara qu\u00e9 sirve la crema de CBD, \u00e1rnica, garra del diablo y mentol?<\/span><\/h2>\n<ul style=\"list-style-type: disc\">\n<li>Favorece la recuperaci\u00f3n muscular tras el esfuerzo f\u00edsico<\/li>\n<li>Ayuda a aliviar el dolor articular y muscular despu\u00e9s de la actividad f\u00edsica<\/li>\n<li>Ayuda a reducir la equimosis (hematomas, edemas)<\/li>\n<li>Proporciona un alivio inmediato gracias a la acci\u00f3n refrescante del mentol<\/li>\n<\/ul>\n","protected":false},"excerpt":{"rendered":"<p>CBD After Sport es una crema innovadora y completa para favorecer la recuperaci\u00f3n muscular despu\u00e9s de la actividad f\u00edsica. Nuestra<\/p>\n","protected":false},"featured_media":134496,"comment_status":"open","ping_status":"closed","template":"","meta":[],"product_brand":[],"product_cat":[7914],"product_tag":[],"class_list":{"0":"post-134505","1":"product","2":"type-product","3":"status-publish","4":"has-post-thumbnail","6":"product_cat-cosmeticos","8":"first","9":"instock","10":"taxable","11":"shipping-taxable","12":"purchasable","13":"product-type-simple"},"_links":{"self":[{"href":"https:\/\/www.budream.com\/es\/wp-json\/wp\/v2\/product\/134505","targetHints":{"allow":["GET"]}}],"collection":[{"href":"https:\/\/www.budream.com\/es\/wp-json\/wp\/v2\/product"}],"about":[{"href":"https:\/\/www.budream.com\/es\/wp-json\/wp\/v2\/types\/product"}],"replies":[{"embeddable":true,"href":"https:\/\/www.budream.com\/es\/wp-json\/wp\/v2\/comments?post=134505"}],"version-history":[{"count":0,"href":"https:\/\/www.budream.com\/es\/wp-json\/wp\/v2\/product\/134505\/revisions"}],"wp:featuredmedia":[{"embeddable":true,"href":"https:\/\/www.budream.com\/es\/wp-json\/wp\/v2\/media\/134496"}],"wp:attachment":[{"href":"https:\/\/www.budream.com\/es\/wp-json\/wp\/v2\/media?parent=134505"}],"wp:term":[{"taxonomy":"product_brand","embeddable":true,"href":"https:\/\/www.budream.com\/es\/wp-json\/wp\/v2\/product_brand?post=134505"},{"taxonomy":"product_cat","embeddable":true,"href":"https:\/\/www.budream.com\/es\/wp-json\/wp\/v2\/product_cat?post=134505"},{"taxonomy":"product_tag","embeddable":true,"href":"https:\/\/www.budream.com\/es\/wp-json\/wp\/v2\/product_tag?post=134505"}],"curies":[{"name":"wp","href":"https:\/\/api.w.org\/{rel}","templated":true}]}}