{"id":134575,"date":"2025-07-31T02:03:18","date_gmt":"2025-07-31T00:03:18","guid":{"rendered":"https:\/\/www.budream.com\/shop\/semi-di-canapa-varieta-loja-ce-5g\/"},"modified":"2026-03-24T13:45:37","modified_gmt":"2026-03-24T11:45:37","slug":"semi-di-canapa-varieta-loja-ce-5g","status":"publish","type":"product","link":"https:\/\/www.budream.com\/es\/shop\/semi-di-canapa-varieta-loja-ce-5g\/","title":{"rendered":"SEMILLAS DE C\u00c1\u00d1AMO VARIEDAD LOJA CE | 5g"},"content":{"rendered":"<p>\u00abLoja\u00bb es una variedad de c\u00e1\u00f1amo dioico autofloreciente, corta y de maduraci\u00f3n temprana desarrollada en Letonia para la producci\u00f3n de semillas de c\u00e1\u00f1amo. Variedad incluida en el cat\u00e1logo europeo de variedades vegetales desde 2021.<\/p>\n<p>A continuaci\u00f3n se enumeran sus principales caracter\u00edsticas:<\/p>\n<p>Variedad de maduraci\u00f3n temprana. Tiempo de maduraci\u00f3n 110-115 d\u00edas despu\u00e9s de la siembra. Datos basados en Letonia 57&deg; N.<br \/>\u25cf Las plantas de c\u00e1\u00f1amo son cortas, dependiendo del a\u00f1o y de las condiciones del suelo, su longitud var\u00eda de 140 a 200 cm.<br \/>\u25cf El contenido de THC de las plantas est\u00e1 ausente o es muy bajo (en ensayos de campo vari\u00f3 entre 0,011 y 0,017%).<br \/>\u25cf Rendimiento de semillas 1,0-2,0 t\/ha (dependiendo de las condiciones de cultivo).<br \/>Los datos para la descripci\u00f3n se basan en los resultados de ensayos de VCU (LV) y en datos de investigaci\u00f3n cient\u00edfica del INSTITUTO DE RECURSOS AGR\u00cdCOLAS Y ECONOM\u00cdA.<br \/>Los datos se utilizaron para describir la variedad.<\/p>\n<p>Calidad de la semilla<br \/>\u25cf Color de la semilla: marr\u00f3n, jaspeado d\u00e9bil.<br \/>\u25cf Peso de 1000 semillas: medio: var\u00eda entre 13 y 15 g.<br \/>\u25cf Tama\u00f1o de las semillas: apto para el desgranado.<br \/>\u25cf Contenido de aceite en las semillas: 33-36%.<br \/>\u25cf Contenido de prote\u00ednas en las semillas: 24-25%.<\/p>\n","protected":false},"excerpt":{"rendered":"<p>\u00abLoja\u00bb es una variedad de c\u00e1\u00f1amo dioico autofloreciente, corta y de maduraci\u00f3n temprana desarrollada en Letonia para la producci\u00f3n de<\/p>\n","protected":false},"featured_media":134566,"comment_status":"open","ping_status":"closed","template":"","meta":[],"product_brand":[],"product_cat":[7953],"product_tag":[],"class_list":{"0":"post-134575","1":"product","2":"type-product","3":"status-publish","4":"has-post-thumbnail","6":"product_cat-seedshop-es","8":"first","9":"instock","10":"sale","11":"taxable","12":"shipping-taxable","13":"purchasable","14":"product-type-simple"},"_links":{"self":[{"href":"https:\/\/www.budream.com\/es\/wp-json\/wp\/v2\/product\/134575","targetHints":{"allow":["GET"]}}],"collection":[{"href":"https:\/\/www.budream.com\/es\/wp-json\/wp\/v2\/product"}],"about":[{"href":"https:\/\/www.budream.com\/es\/wp-json\/wp\/v2\/types\/product"}],"replies":[{"embeddable":true,"href":"https:\/\/www.budream.com\/es\/wp-json\/wp\/v2\/comments?post=134575"}],"version-history":[{"count":0,"href":"https:\/\/www.budream.com\/es\/wp-json\/wp\/v2\/product\/134575\/revisions"}],"wp:featuredmedia":[{"embeddable":true,"href":"https:\/\/www.budream.com\/es\/wp-json\/wp\/v2\/media\/134566"}],"wp:attachment":[{"href":"https:\/\/www.budream.com\/es\/wp-json\/wp\/v2\/media?parent=134575"}],"wp:term":[{"taxonomy":"product_brand","embeddable":true,"href":"https:\/\/www.budream.com\/es\/wp-json\/wp\/v2\/product_brand?post=134575"},{"taxonomy":"product_cat","embeddable":true,"href":"https:\/\/www.budream.com\/es\/wp-json\/wp\/v2\/product_cat?post=134575"},{"taxonomy":"product_tag","embeddable":true,"href":"https:\/\/www.budream.com\/es\/wp-json\/wp\/v2\/product_tag?post=134575"}],"curies":[{"name":"wp","href":"https:\/\/api.w.org\/{rel}","templated":true}]}}