{"id":134745,"date":"2025-07-31T02:06:31","date_gmt":"2025-07-31T00:06:31","guid":{"rendered":"https:\/\/www.budream.com\/shop\/flowermate-wix-vaporizador-para-extractos\/"},"modified":"2026-04-20T14:20:59","modified_gmt":"2026-04-20T12:20:59","slug":"flowermate-wix-vaporizador-para-extractos","status":"publish","type":"product","link":"https:\/\/www.budream.com\/es\/shop\/flowermate-wix-vaporizador-para-extractos\/","title":{"rendered":"FLOWERMATE &#8211; WIX | VAPORIZADOR PARA EXTRACTOS"},"content":{"rendered":"<p>Flowermate WIX es un vaporizador-bol\u00edgrafo para uso con concentrados\/cera\/rosina y hach\u00eds.<\/p>\n<p>Es un vaporizador-bol\u00edgrafo elegante y compacto con un elemento calefactor de cer\u00e1mica pura y <strong>tres temperaturas preestablecidas<\/strong>: alta, media y baja. <\/p>\n<p>Todo el dispositivo est\u00e1 fabricado con materiales de alta calidad e incluye una boquilla de cer\u00e1mica negra y una c\u00e1mara de calentamiento de borosilicato. <\/p>\n<p>WIX admite carga <strong>Type-C<\/strong>, una bater\u00eda de 350 mAh y un tiempo de precalentamiento de 10 segundos, lo que te permite disfrutar de dabs r\u00e1pidos en cualquier momento y lugar.<br \/>El modo de precalentamiento alimenta el bol\u00edgrafo para concentrados WIX y garantiza que el dispositivo est\u00e9 encendido y funcionando antes de que puedas usarlo.<\/p>\n<p>La bater\u00eda tambi\u00e9n es <strong>compatible con todos los cartuchos 510<\/strong> del mercado.<\/p>\n<h2><span style=\"text-decoration: underline\">Caracter\u00edsticas del vaporizador Flowermate Wix:<\/span><\/h2>\n<ul style=\"list-style-type: disc\">\n<li>Boquilla de zirconia<\/li>\n<li>Elemento calefactor de cer\u00e1mica pura<\/li>\n<li>Atomizador reemplazable<\/li>\n<li>3 temperaturas preestablecidas<\/li>\n<li>Precalentamiento en 10 segundos<\/li>\n<li>Rosca compatible 510<\/li>\n<li>Carga tipo C<\/li>\n<\/ul>\n<p><\/p>\n<h2><span style=\"text-decoration: underline\">Detalles del vaporizador Flowermate Wix:<br \/><\/span><\/h2>\n<ul style=\"list-style-type: disc\">\n<li>Dimensiones: 14,3 mm x 13,8 mm x 122,5 mm<\/li>\n<li>Capacidad: 350 mAh<\/li>\n<li>Voltaje: Primero azul: 3,3 V; Segundo verde: 3,6 V; Tercero rojo: 3,8 V<\/li>\n<li>Encendido\/Apagado: En modo de espera, pulse el bot\u00f3n para apagarlo 5 veces en 2 segundos.<\/li>\n<\/ul>\n","protected":false},"excerpt":{"rendered":"<p>Flowermate WIX es un vaporizador-bol\u00edgrafo para uso con concentrados\/cera\/rosina y hach\u00eds. Es un vaporizador-bol\u00edgrafo elegante y compacto con un elemento<\/p>\n","protected":false},"featured_media":134726,"comment_status":"open","ping_status":"closed","template":"","meta":[],"product_brand":[],"product_cat":[7908],"product_tag":[],"class_list":{"0":"post-134745","1":"product","2":"type-product","3":"status-publish","4":"has-post-thumbnail","6":"product_cat-vaporizadores","8":"first","9":"instock","10":"sale","11":"taxable","12":"shipping-taxable","13":"purchasable","14":"product-type-simple"},"_links":{"self":[{"href":"https:\/\/www.budream.com\/es\/wp-json\/wp\/v2\/product\/134745","targetHints":{"allow":["GET"]}}],"collection":[{"href":"https:\/\/www.budream.com\/es\/wp-json\/wp\/v2\/product"}],"about":[{"href":"https:\/\/www.budream.com\/es\/wp-json\/wp\/v2\/types\/product"}],"replies":[{"embeddable":true,"href":"https:\/\/www.budream.com\/es\/wp-json\/wp\/v2\/comments?post=134745"}],"version-history":[{"count":1,"href":"https:\/\/www.budream.com\/es\/wp-json\/wp\/v2\/product\/134745\/revisions"}],"predecessor-version":[{"id":262473,"href":"https:\/\/www.budream.com\/es\/wp-json\/wp\/v2\/product\/134745\/revisions\/262473"}],"wp:featuredmedia":[{"embeddable":true,"href":"https:\/\/www.budream.com\/es\/wp-json\/wp\/v2\/media\/134726"}],"wp:attachment":[{"href":"https:\/\/www.budream.com\/es\/wp-json\/wp\/v2\/media?parent=134745"}],"wp:term":[{"taxonomy":"product_brand","embeddable":true,"href":"https:\/\/www.budream.com\/es\/wp-json\/wp\/v2\/product_brand?post=134745"},{"taxonomy":"product_cat","embeddable":true,"href":"https:\/\/www.budream.com\/es\/wp-json\/wp\/v2\/product_cat?post=134745"},{"taxonomy":"product_tag","embeddable":true,"href":"https:\/\/www.budream.com\/es\/wp-json\/wp\/v2\/product_tag?post=134745"}],"curies":[{"name":"wp","href":"https:\/\/api.w.org\/{rel}","templated":true}]}}