{"id":134820,"date":"2025-07-31T02:11:12","date_gmt":"2025-07-31T00:11:12","guid":{"rendered":"https:\/\/www.budream.com\/shop\/hemnia-certanas-naturales-de-bienestar-recovery-30pcs\/"},"modified":"2025-12-19T19:47:49","modified_gmt":"2025-12-19T17:47:49","slug":"hemnia-certanas-naturales-de-bienestar-recovery-30pcs","status":"publish","type":"product","link":"https:\/\/www.budream.com\/es\/shop\/hemnia-certanas-naturales-de-bienestar-recovery-30pcs\/","title":{"rendered":"HEMNIA &#8211; CERTA\u00d1AS NATURALES DE BIENESTAR | RECOVERY | 30pcs."},"content":{"rendered":"<p>Cuando el cuerpo necesita un momento de alivio, los Parches Alivio Hemnia ofrecen una ayuda natural y constante. Gracias a su composici\u00f3n a base de extractos vegetales, favorecen una sensaci\u00f3n de ligereza y bienestar durante todo el d\u00eda, sin necesidad de soluciones invasivas.<\/p>\n<h2><span style=\"text-decoration: underline\"><strong>Propiedades y funciones de los Parches Alivio Hemnia:<\/strong><\/span><\/h2>\n<ul style=\"list-style-type: disc\">\n<li>Favorecen la relajaci\u00f3n muscular y f\u00edsica en general;<\/li>\n<li>Ideales para despu\u00e9s de una resaca;<\/li>\n<li>Ideal para momentos de estr\u00e9s f\u00edsico o fatiga;<\/li>\n<li>Liberaci\u00f3n gradual para un efecto constante en el tiempo;<\/li>\n<li>F\u00e1ciles de llevar, discretas y c\u00f3modas;<\/li>\n<li>Registrados como cosm\u00e9ticos: seguros y probados;<\/li>\n<\/ul>\n<p><\/p>\n<h2><span style=\"text-decoration: underline\"><strong>Detalles Parches Hemnia Relief:<\/strong><\/span><\/h2>\n<ul style=\"list-style-type: disc\">\n<li>Cantidad: 30 parches;<\/li>\n<li>Tama\u00f1o de la tirita: 3,2 x 3,2 cm;<\/li>\n<li>Ingredientes principales: CBD, \u00e1rnica, garra del diablo, mentol;<\/li>\n<li>Almacenamiento: Almacenar en un lugar fresco, seco y alejado de la luz;<\/li>\n<\/ul>\n","protected":false},"excerpt":{"rendered":"<p>Cuando el cuerpo necesita un momento de alivio, los Parches Alivio Hemnia ofrecen una ayuda natural y constante. Gracias a<\/p>\n","protected":false},"featured_media":134816,"comment_status":"open","ping_status":"closed","template":"","meta":[],"product_brand":[],"product_cat":[7914],"product_tag":[],"class_list":{"0":"post-134820","1":"product","2":"type-product","3":"status-publish","4":"has-post-thumbnail","6":"product_cat-cosmeticos","8":"first","9":"instock","10":"taxable","11":"shipping-taxable","12":"purchasable","13":"product-type-simple"},"_links":{"self":[{"href":"https:\/\/www.budream.com\/es\/wp-json\/wp\/v2\/product\/134820","targetHints":{"allow":["GET"]}}],"collection":[{"href":"https:\/\/www.budream.com\/es\/wp-json\/wp\/v2\/product"}],"about":[{"href":"https:\/\/www.budream.com\/es\/wp-json\/wp\/v2\/types\/product"}],"replies":[{"embeddable":true,"href":"https:\/\/www.budream.com\/es\/wp-json\/wp\/v2\/comments?post=134820"}],"version-history":[{"count":0,"href":"https:\/\/www.budream.com\/es\/wp-json\/wp\/v2\/product\/134820\/revisions"}],"wp:featuredmedia":[{"embeddable":true,"href":"https:\/\/www.budream.com\/es\/wp-json\/wp\/v2\/media\/134816"}],"wp:attachment":[{"href":"https:\/\/www.budream.com\/es\/wp-json\/wp\/v2\/media?parent=134820"}],"wp:term":[{"taxonomy":"product_brand","embeddable":true,"href":"https:\/\/www.budream.com\/es\/wp-json\/wp\/v2\/product_brand?post=134820"},{"taxonomy":"product_cat","embeddable":true,"href":"https:\/\/www.budream.com\/es\/wp-json\/wp\/v2\/product_cat?post=134820"},{"taxonomy":"product_tag","embeddable":true,"href":"https:\/\/www.budream.com\/es\/wp-json\/wp\/v2\/product_tag?post=134820"}],"curies":[{"name":"wp","href":"https:\/\/api.w.org\/{rel}","templated":true}]}}