{"id":134900,"date":"2025-07-31T02:14:07","date_gmt":"2025-07-31T00:14:07","guid":{"rendered":"https:\/\/www.budream.com\/shop\/papel-para-papel-hoja-de-silicona-vegetal-pequeno-12x12cm-100-hojas\/"},"modified":"2026-03-09T17:59:07","modified_gmt":"2026-03-09T15:59:07","slug":"papel-para-papel-hoja-de-silicona-vegetal-pequeno-12x12cm-100-hojas","status":"publish","type":"product","link":"https:\/\/www.budream.com\/es\/shop\/papel-para-papel-hoja-de-silicona-vegetal-pequeno-12x12cm-100-hojas\/","title":{"rendered":"PAPEL PARA PAPEL &#8211; HOJA DE SILICONA VEGETAL | PEQUE\u00d1O 12x12cm &#8211; 100 HOJAS"},"content":{"rendered":"<p style=\"font-family: Verdana, sans-serif;color: #000000\">En respuesta a la creciente demanda de un producto medioambientalmente sostenible, PAPERHASH&copy; &#8211; SILICONISED VEGETABLE es un producto completamente vegetal, recubierto por ambas caras con una capa de silicona, lo que lo hace perfecto para almacenar, curar y procesar hach\u00eds y resinas.<\/p>\n<p style=\"font-family: Verdana, sans-serif;color: #000000\">Su composici\u00f3n tambi\u00e9n lo hace ideal para procesos de extracci\u00f3n, garantizando una funcionalidad sin precedentes.<\/p>\n<p style=\"font-family: Verdana, sans-serif;color: #000000\">PaperHash, a diferencia de los papeles de horno gen\u00e9ricos, no absorbe el producto y facilita su manipulaci\u00f3n al ser antiadherente.<\/p>\n<p style=\"font-family: Verdana, sans-serif;color: #000000\"><strong>Tama\u00f1os disponibles:<\/strong><\/p>\n<ul style=\"list-style-type: disc;font-family: Verdana, sans-serif;color: #000000\">\n<li><strong>PEQUE\u00d1O<\/strong>: 100 piezas, tama\u00f1o 12&times;12 cm<\/li>\n<li><strong>MEDIUM<\/strong>: 50 piezas, tama\u00f1o 23&times;18 cm<\/li>\n<\/ul>\n","protected":false},"excerpt":{"rendered":"<p>En respuesta a la creciente demanda de un producto medioambientalmente sostenible, PAPERHASH&copy; &#8211; SILICONISED VEGETABLE es un producto completamente vegetal,<\/p>\n","protected":false},"featured_media":134896,"comment_status":"open","ping_status":"closed","template":"","meta":[],"product_brand":[],"product_cat":[7923],"product_tag":[],"class_list":{"0":"post-134900","1":"product","2":"type-product","3":"status-publish","4":"has-post-thumbnail","6":"product_cat-growshop-es","8":"first","9":"instock","10":"taxable","11":"shipping-taxable","12":"purchasable","13":"product-type-simple"},"_links":{"self":[{"href":"https:\/\/www.budream.com\/es\/wp-json\/wp\/v2\/product\/134900","targetHints":{"allow":["GET"]}}],"collection":[{"href":"https:\/\/www.budream.com\/es\/wp-json\/wp\/v2\/product"}],"about":[{"href":"https:\/\/www.budream.com\/es\/wp-json\/wp\/v2\/types\/product"}],"replies":[{"embeddable":true,"href":"https:\/\/www.budream.com\/es\/wp-json\/wp\/v2\/comments?post=134900"}],"version-history":[{"count":0,"href":"https:\/\/www.budream.com\/es\/wp-json\/wp\/v2\/product\/134900\/revisions"}],"wp:featuredmedia":[{"embeddable":true,"href":"https:\/\/www.budream.com\/es\/wp-json\/wp\/v2\/media\/134896"}],"wp:attachment":[{"href":"https:\/\/www.budream.com\/es\/wp-json\/wp\/v2\/media?parent=134900"}],"wp:term":[{"taxonomy":"product_brand","embeddable":true,"href":"https:\/\/www.budream.com\/es\/wp-json\/wp\/v2\/product_brand?post=134900"},{"taxonomy":"product_cat","embeddable":true,"href":"https:\/\/www.budream.com\/es\/wp-json\/wp\/v2\/product_cat?post=134900"},{"taxonomy":"product_tag","embeddable":true,"href":"https:\/\/www.budream.com\/es\/wp-json\/wp\/v2\/product_tag?post=134900"}],"curies":[{"name":"wp","href":"https:\/\/api.w.org\/{rel}","templated":true}]}}