{"id":135150,"date":"2025-07-31T02:23:30","date_gmt":"2025-07-31T00:23:30","guid":{"rendered":"https:\/\/www.budream.com\/shop\/bandera-cuarzo-con-capuchon-y-perlas-terp-14mm-macho\/"},"modified":"2026-05-13T18:00:54","modified_gmt":"2026-05-13T16:00:54","slug":"bandera-cuarzo-con-capuchon-y-perlas-terp-14mm-macho","status":"publish","type":"product","link":"https:\/\/www.budream.com\/es\/shop\/bandera-cuarzo-con-capuchon-y-perlas-terp-14mm-macho\/","title":{"rendered":"BANDERA CUARZO CON CAPUCH\u00d3N Y PERLAS TERP | 14mm MACHO"},"content":{"rendered":"<p><span class=\"s1\"><span class=\"s1\">Los bangers de cuarzo son los mejores bangers para expresar todos los sabores de tus concentrados.<\/p>\n<p>El banger se complementa con un Carb Cap especial y dos dab beads.<\/p>\n<p>El Carb Cap especial cuenta con ocho canales de flujo de aire en \u00e1ngulo que convierten el aire entrante en un aut\u00e9ntico cicl\u00f3n cuando empieza a girar. Esto, a su vez, garantiza una vaporizaci\u00f3n eficiente del extracto, mientras que los dos orificios de aire del tap\u00f3n Carb Cap se pueden utilizar para ajustar el flujo de aire, el desarrollo del vapor y la temperatura seg\u00fan se desee.<\/p>\n<p>Las perlas de terpeno pueden girar muy bien en este banger, calentando a\u00fan m\u00e1s la vaporizaci\u00f3n. De esta manera, se obtiene el vapor m\u00e1s sabroso y rico incluso de peque\u00f1os dabs.<\/p>\n<p><\/span><\/span><\/p>\n<h2><span style=\"text-decoration: underline\">Banger de cuarzo con tapa carb:<\/span><\/h2>\n<ul style=\"list-style-type: disc\">\n<li><span class=\"s1\">Brasero tipo BANGER;<\/span><\/li>\n<li><span class=\"s1\">100% cuarzo de alta resistencia;<\/span><\/li>\n<li>tap\u00f3n de carb. de cuarzo;<\/li>\n<li>2 perlas terp incluidas;<\/li>\n<li><span class=\"s1\"> conexi\u00f3n macho de 14 mm; <br \/><\/span><\/li>\n<\/ul>\n","protected":false},"excerpt":{"rendered":"<p>Los bangers de cuarzo son los mejores bangers para expresar todos los sabores de tus concentrados. El banger se complementa<\/p>\n","protected":false},"featured_media":135141,"comment_status":"open","ping_status":"closed","template":"","meta":[],"product_brand":[],"product_cat":[7953],"product_tag":[],"class_list":{"0":"post-135150","1":"product","2":"type-product","3":"status-publish","4":"has-post-thumbnail","6":"product_cat-seedshop-es","8":"first","9":"instock","10":"sale","11":"taxable","12":"shipping-taxable","13":"purchasable","14":"product-type-simple"},"aioseo_notices":[],"_links":{"self":[{"href":"https:\/\/www.budream.com\/es\/wp-json\/wp\/v2\/product\/135150","targetHints":{"allow":["GET"]}}],"collection":[{"href":"https:\/\/www.budream.com\/es\/wp-json\/wp\/v2\/product"}],"about":[{"href":"https:\/\/www.budream.com\/es\/wp-json\/wp\/v2\/types\/product"}],"replies":[{"embeddable":true,"href":"https:\/\/www.budream.com\/es\/wp-json\/wp\/v2\/comments?post=135150"}],"version-history":[{"count":1,"href":"https:\/\/www.budream.com\/es\/wp-json\/wp\/v2\/product\/135150\/revisions"}],"predecessor-version":[{"id":271158,"href":"https:\/\/www.budream.com\/es\/wp-json\/wp\/v2\/product\/135150\/revisions\/271158"}],"wp:featuredmedia":[{"embeddable":true,"href":"https:\/\/www.budream.com\/es\/wp-json\/wp\/v2\/media\/135141"}],"wp:attachment":[{"href":"https:\/\/www.budream.com\/es\/wp-json\/wp\/v2\/media?parent=135150"}],"wp:term":[{"taxonomy":"product_brand","embeddable":true,"href":"https:\/\/www.budream.com\/es\/wp-json\/wp\/v2\/product_brand?post=135150"},{"taxonomy":"product_cat","embeddable":true,"href":"https:\/\/www.budream.com\/es\/wp-json\/wp\/v2\/product_cat?post=135150"},{"taxonomy":"product_tag","embeddable":true,"href":"https:\/\/www.budream.com\/es\/wp-json\/wp\/v2\/product_tag?post=135150"}],"curies":[{"name":"wp","href":"https:\/\/api.w.org\/{rel}","templated":true}]}}