{"id":135235,"date":"2025-07-31T02:26:43","date_gmt":"2025-07-31T00:26:43","guid":{"rendered":"https:\/\/www.budream.com\/shop\/humidificador-profesional-trau-fogger-tf-01-3-5l-h\/"},"modified":"2025-10-14T22:00:50","modified_gmt":"2025-10-14T20:00:50","slug":"humidificador-profesional-trau-fogger-tf-01-3-5l-h","status":"publish","type":"product","link":"https:\/\/www.budream.com\/es\/shop\/humidificador-profesional-trau-fogger-tf-01-3-5l-h\/","title":{"rendered":"HUMIDIFICADOR PROFESIONAL TRAU FOGGER TF-01 3-5L\/H"},"content":{"rendered":"<p>Humidificador centr\u00edfugo con un caudal m\u00e1ximo de 5 l\/h.<\/p>\n<p>Humidificador robusto y de f\u00e1cil mantenimiento, y sencillo de instalar; s\u00f3lo necesitan una toma de corriente y una toma de agua. Funcionan con todo tipo de agua y tienen un consumo m\u00ednimo.<br \/>La temperatura del agua no debe superar los 40\u00b0C.<\/p>\n<p>&#8211; Tensi\u00f3n: 100-240V~50-60Hz <br \/>&#8211; Potencia: 100W <br \/>&#8211; Se suministra con accesorios para la conexi\u00f3n a la red de agua.<br \/>&#8211; Dep\u00f3sito de agua: 5,3 L<br \/> &#8211; Caudal m\u00e1ximo: 5 L\/h <br \/> &#8211; Silencioso: db<br \/>&#8211; Ideal para viviendas de hasta 30-35m\u00b2<br \/> &#8211; Ideal para invernaderos <br \/>&#8211; Dimensiones: 32x32x41H cm<br \/>&#8211; Peso: 4,5 kg<\/p>\n<div id=\"isChromeWebToolbarDiv\"> <\/div>\n","protected":false},"excerpt":{"rendered":"<p>Humidificador centr\u00edfugo con un caudal m\u00e1ximo de 5 l\/h. Humidificador robusto y de f\u00e1cil mantenimiento, y sencillo de instalar; s\u00f3lo<\/p>\n","protected":false},"featured_media":135231,"comment_status":"open","ping_status":"closed","template":"","meta":[],"product_brand":[],"product_cat":[7923],"product_tag":[],"class_list":{"0":"post-135235","1":"product","2":"type-product","3":"status-publish","4":"has-post-thumbnail","6":"product_cat-growshop-es","8":"first","9":"instock","10":"taxable","11":"shipping-taxable","12":"purchasable","13":"product-type-simple"},"_links":{"self":[{"href":"https:\/\/www.budream.com\/es\/wp-json\/wp\/v2\/product\/135235","targetHints":{"allow":["GET"]}}],"collection":[{"href":"https:\/\/www.budream.com\/es\/wp-json\/wp\/v2\/product"}],"about":[{"href":"https:\/\/www.budream.com\/es\/wp-json\/wp\/v2\/types\/product"}],"replies":[{"embeddable":true,"href":"https:\/\/www.budream.com\/es\/wp-json\/wp\/v2\/comments?post=135235"}],"version-history":[{"count":0,"href":"https:\/\/www.budream.com\/es\/wp-json\/wp\/v2\/product\/135235\/revisions"}],"wp:featuredmedia":[{"embeddable":true,"href":"https:\/\/www.budream.com\/es\/wp-json\/wp\/v2\/media\/135231"}],"wp:attachment":[{"href":"https:\/\/www.budream.com\/es\/wp-json\/wp\/v2\/media?parent=135235"}],"wp:term":[{"taxonomy":"product_brand","embeddable":true,"href":"https:\/\/www.budream.com\/es\/wp-json\/wp\/v2\/product_brand?post=135235"},{"taxonomy":"product_cat","embeddable":true,"href":"https:\/\/www.budream.com\/es\/wp-json\/wp\/v2\/product_cat?post=135235"},{"taxonomy":"product_tag","embeddable":true,"href":"https:\/\/www.budream.com\/es\/wp-json\/wp\/v2\/product_tag?post=135235"}],"curies":[{"name":"wp","href":"https:\/\/api.w.org\/{rel}","templated":true}]}}