{"id":135280,"date":"2025-07-31T02:27:15","date_gmt":"2025-07-31T00:27:15","guid":{"rendered":"https:\/\/www.budream.com\/shop\/vapman-click-madera-pura-de-cerezo-vaporizador\/"},"modified":"2026-01-19T11:55:24","modified_gmt":"2026-01-19T09:55:24","slug":"vapman-click-madera-pura-de-cerezo-vaporizador","status":"publish","type":"product","link":"https:\/\/www.budream.com\/es\/shop\/vapman-click-madera-pura-de-cerezo-vaporizador\/","title":{"rendered":"VAPMAN CLICK &#8211; MADERA PURA DE CEREZO | VAPORIZADOR"},"content":{"rendered":"<div style=\"font-family: Verdana, sans-serif;color: #000000\">\n<p>El<strong>Vapman Click Pure Cherry<\/strong> Wood es la evoluci\u00f3n perfecta del famoso vaporizador artesanal suizo, dise\u00f1ado para ofrecer una experiencia a\u00fan m\u00e1s intuitiva y de alto rendimiento. Fabricado a mano con madera de cerezo europeo sin tratar, destaca por su belleza natural, compacidad y calidad sin concesiones.<\/p>\n<p>El Vapman Click conserva el coraz\u00f3n de la filosof\u00eda Vapman: vapear de forma manual y totalmente controlable, pero introduce el <strong>nuevo sistema<\/strong> <strong>\u00abclick\u00bb<\/strong>, que indica claramente cu\u00e1ndo se ha alcanzado la temperatura ideal. Esta innovaci\u00f3n hace que sea a\u00fan m\u00e1s f\u00e1cil, m\u00e1s preciso y m\u00e1s satisfactorio de usar, tanto para principiantes como para usuarios experimentados.<\/p>\n<h2 style=\"text-decoration: underline\"><strong>Caracter\u00edsticas y funcionalidad del Vapman Click:<\/strong><\/h2>\n<p>El <strong>Vapman<\/strong> Click se distingue por una combinaci\u00f3n ganadora de precisi\u00f3n, practicidad y artesan\u00eda. En el coraz\u00f3n de la innovaci\u00f3n se encuentra el sistema <strong>de clic t\u00e9rmico integrado<\/strong>, que se\u00f1ala con precisi\u00f3n cu\u00e1ndo se ha alcanzado la temperatura ideal para vapear (aprox. 180 &deg;C) y cu\u00e1ndo se enfr\u00eda: esto elimina cualquier duda sobre la intensidad de la llama, haciendo que la experiencia sea accesible incluso para los principiantes.<\/p>\n<p>La <strong>c\u00e1mara de calentamiento ampliada<\/strong>, con una capacidad de hasta 0,2 gramos, permite elegir libremente entre microdosificaciones y sesiones m\u00e1s consistentes, manteniendo una eficiencia excelente. El <strong>control de calor totalmente manual<\/strong> permite al usuario moldear la sesi\u00f3n seg\u00fan sus preferencias: m\u00e1s dulce y arom\u00e1tica o m\u00e1s intensa y densa.<\/p>\n<p>El cuerpo de <strong>madera de cerezo<\/strong> proporciona un aspecto natural y elegante, pero tambi\u00e9n una sensaci\u00f3n c\u00e1lida y aut\u00e9ntica, con un acabado artesanal libre de elementos sint\u00e9ticos. Adem\u00e1s, gracias a la<strong>ausencia de componentes electr\u00f3nicos<\/strong>, Vapman Click puede utilizarse en cualquier lugar, sin necesidad de pilas ni enchufes. Una aut\u00e9ntica vuelta a la esencia del vapeo, pero con toda la calidad y seguridad de un producto dise\u00f1ado y fabricado cuidando todos los detalles.<\/p>\n<h2 style=\"text-decoration: underline\"><strong>Vapman Click VS Vapman 2.0: comparaci\u00f3n<\/strong><\/h2>\n<p>En comparaci\u00f3n con el modelo anterior Vapman 2.0, el nuevo Vapman Click introduce cambios significativos que mejoran la experiencia del usuario. La mejora m\u00e1s evidente es la incorporaci\u00f3n del <strong>mecanismo \u00abclic\u00bb,<\/strong> que avisa de forma audible cuando se ha alcanzado la temperatura \u00f3ptima, una aut\u00e9ntica revoluci\u00f3n para aquellos que buscan precisi\u00f3n sin tener que aprenderse de memoria las t\u00e9cnicas de calentamiento.<\/p>\n<p>La <strong>c\u00e1mara de llenado<\/strong> tambi\u00e9n se ha optimizado, con mayor capacidad y mejor distribuci\u00f3n del calor. La <strong>construcci\u00f3n interna es m\u00e1s robusta<\/strong>, gracias a la actualizaci\u00f3n de los materiales y a la mejora de las soldaduras, mientras que la gesti\u00f3n del flujo de aire se ha perfeccionado para ofrecer una calada m\u00e1s suave y arom\u00e1tica. Est\u00e9ticamente, el Vapman Click conserva el dise\u00f1o elegante y minimalista que lo hizo famoso, pero con una calidad percibida a\u00fan mayor gracias a una artesan\u00eda impecable.<\/p>\n<p><strong>Descubra la belleza y funcionalidad del Vapman Click Pure Cherry Wood<\/strong>: un vaporizador manual que combina tradici\u00f3n, innovaci\u00f3n y total libertad de uso. Si te gusta la esencia del vapeo sin concesiones y quieres la m\u00e1s alta calidad artesanal, este es tu dispositivo.<\/p>\n<h2 style=\"text-decoration: underline\"><strong>Detalles t\u00e9cnicos Vapman Click:<\/strong><\/h2>\n<ul style=\"list-style-type: disc\">\n<li>Materiales: madera de cerezo europeo sin tratar, lat\u00f3n, acero inoxidable y mica natural;<\/li>\n<li>Calentamiento: llama manual, con indicador de temperatura \u00abclick<\/li>\n<li>Capacidad del horno: hasta 0,2g de hierba seca (tambi\u00e9n ideal para microdosificar);<\/li>\n<li>Control de temperatura: totalmente manual, sin electr\u00f3nica;<\/li>\n<li>Portabilidad: extremadamente compacto, ligero y duradero;<\/li>\n<li>Producci\u00f3n: hecho a mano en Suiza con materiales naturales y procesamiento sostenible;<\/li>\n<\/ul>\n<\/div>\n","protected":false},"excerpt":{"rendered":"<p>ElVapman Click Pure Cherry Wood es la evoluci\u00f3n perfecta del famoso vaporizador artesanal suizo, dise\u00f1ado para ofrecer una experiencia a\u00fan<\/p>\n","protected":false},"featured_media":135241,"comment_status":"open","ping_status":"closed","template":"","meta":[],"product_brand":[],"product_cat":[7908],"product_tag":[],"class_list":{"0":"post-135280","1":"product","2":"type-product","3":"status-publish","4":"has-post-thumbnail","6":"product_cat-vaporizadores","8":"first","9":"instock","10":"sale","11":"taxable","12":"shipping-taxable","13":"purchasable","14":"product-type-simple"},"aioseo_notices":[],"_links":{"self":[{"href":"https:\/\/www.budream.com\/es\/wp-json\/wp\/v2\/product\/135280","targetHints":{"allow":["GET"]}}],"collection":[{"href":"https:\/\/www.budream.com\/es\/wp-json\/wp\/v2\/product"}],"about":[{"href":"https:\/\/www.budream.com\/es\/wp-json\/wp\/v2\/types\/product"}],"replies":[{"embeddable":true,"href":"https:\/\/www.budream.com\/es\/wp-json\/wp\/v2\/comments?post=135280"}],"version-history":[{"count":0,"href":"https:\/\/www.budream.com\/es\/wp-json\/wp\/v2\/product\/135280\/revisions"}],"wp:featuredmedia":[{"embeddable":true,"href":"https:\/\/www.budream.com\/es\/wp-json\/wp\/v2\/media\/135241"}],"wp:attachment":[{"href":"https:\/\/www.budream.com\/es\/wp-json\/wp\/v2\/media?parent=135280"}],"wp:term":[{"taxonomy":"product_brand","embeddable":true,"href":"https:\/\/www.budream.com\/es\/wp-json\/wp\/v2\/product_brand?post=135280"},{"taxonomy":"product_cat","embeddable":true,"href":"https:\/\/www.budream.com\/es\/wp-json\/wp\/v2\/product_cat?post=135280"},{"taxonomy":"product_tag","embeddable":true,"href":"https:\/\/www.budream.com\/es\/wp-json\/wp\/v2\/product_tag?post=135280"}],"curies":[{"name":"wp","href":"https:\/\/api.w.org\/{rel}","templated":true}]}}