{"id":135325,"date":"2025-07-31T02:27:46","date_gmt":"2025-07-31T00:27:46","guid":{"rendered":"https:\/\/www.budream.com\/shop\/vapman-click-vaporizador-clasico-de-madera-de-nogal\/"},"modified":"2026-03-06T15:14:13","modified_gmt":"2026-03-06T13:14:13","slug":"vapman-click-vaporizador-clasico-de-madera-de-nogal","status":"publish","type":"product","link":"https:\/\/www.budream.com\/es\/shop\/vapman-click-vaporizador-clasico-de-madera-de-nogal\/","title":{"rendered":"VAPMAN CLICK &#8211; VAPORIZADOR CLASICO DE MADERA DE NOGAL"},"content":{"rendered":"<div style=\"font-family: Verdana, sans-serif;color: #000000\">\n<p>El<strong>Vapman Click<\/strong> es la nueva encarnaci\u00f3n del famoso vaporizador manual suizo, dise\u00f1ado para quienes buscan una experiencia de vapeo refinada, natural y completamente controlada. Este modelo, fabricado a mano con <strong>madera de nogal europeo<\/strong> sin tratar, combina elegancia, funcionalidad y una calidad de construcci\u00f3n sin concesiones.<\/p>\n<p>El sistema <strong>Click<\/strong> integrado facilita a\u00fan m\u00e1s su uso: el vaporizador emite una clara se\u00f1al ac\u00fastica cuando alcanza la temperatura \u00f3ptima, eliminando cualquier incertidumbre al calentar con llama. Es la elecci\u00f3n ideal para aquellos que desean una experiencia natural pero precisa, lejos de los dispositivos electr\u00f3nicos, pero con el m\u00e1ximo rendimiento.<\/p>\n<h2 style=\"text-decoration: underline\"><strong>Caracter\u00edsticas y funcionalidad del Vapman Click Classic Walnut Wood:<\/strong><\/h2>\n<p>El <strong>Vapman<\/strong> Click representa el encuentro perfecto entre artesan\u00eda e innovaci\u00f3n funcional. El sistema \u00abclick\u00bb, integrado en la estructura met\u00e1lica del cono, se\u00f1ala exactamente cu\u00e1ndo se ha alcanzado la temperatura adecuada (aprox. 180 &deg;C), garantizando un vapeo eficiente sin riesgo de sobrecalentamiento.<\/p>\n<p>La <strong>madera de nogal<\/strong> confiere al dispositivo un aspecto c\u00e1lido e intenso, con vetas \u00fanicas que hacen de cada unidad una pieza distintiva. La <strong>c\u00e1mara ampliada<\/strong> permite tanto microdosificaciones como sesiones completas (hasta 0,2 g), mientras que la <strong>calada es suave, arom\u00e1tica y completa<\/strong>, gracias al flujo de aire mejorado. El control de calor totalmente manual ofrece una interacci\u00f3n directa con el material, para un ritual lento y consciente.<\/p>\n<p>Cero electr\u00f3nica, cero pilas, s\u00f3lo tu llama y la calidad de un art\u00edculo construido para durar, incluso al aire libre o en la carretera.<\/p>\n<h2 style=\"text-decoration: underline\"><strong>Vapman Click VS Vapman 2.0:<\/strong><\/h2>\n<p>El nuevo Vapman Click representa una evoluci\u00f3n significativa del Vapman 2.0. El principal cambio es la incorporaci\u00f3n del <strong>sistema click,<\/strong> que hace que el proceso de calentamiento sea mucho m\u00e1s sencillo e intuitivo. Ya no necesitas confiar en la experiencia o en el color del cono: ahora sabes exactamente cu\u00e1ndo empezar tu calada.<\/p>\n<p>Se <strong>ha mejorado la construcci\u00f3n interna<\/strong>, con materiales m\u00e1s resistentes y un mejor aislamiento t\u00e9rmico. La <strong>c\u00e1mara de carga es m\u00e1s grande<\/strong> y el flujo de aire se ha optimizado para conseguir sesiones m\u00e1s suaves y equilibradas. En cuanto a la est\u00e9tica, el nuevo dise\u00f1o conserva la misma elegancia artesanal, pero con un nivel de acabado a\u00fan mayor. Vapman Click mejora en todos los aspectos, sin traicionar la esencia original del dise\u00f1o.<\/p>\n<p><strong>Elija Vapman Click Classic Walnut<\/strong> Wood para redescubrir el placer del vapeo manual en un formato elegante, natural y de alto rendimiento. Perfecto para aquellos que buscan calidad, libertad y control total, con un toque de aut\u00e9ntica artesan\u00eda.<\/p>\n<h2 style=\"text-decoration: underline\"><strong>Detalles t\u00e9cnicos Vapman Click Classic Walnut Wood:<\/strong><\/h2>\n<ul style=\"list-style-type: disc\">\n<li>Materiales: madera de nogal europeo sin tratar, lat\u00f3n, acero inoxidable y mica natural;<\/li>\n<li>Calentamiento: manual con llama, sistema de visualizaci\u00f3n de la temperatura con \u00abclic\u00bb integrado;<\/li>\n<li>Capacidad del horno: hasta 0,2g de hierba seca (tambi\u00e9n perfecto para microdosificar);<\/li>\n<li>Control de temperatura: manual y preciso, sin electr\u00f3nica;<\/li>\n<li>Portabilidad: ligero, compacto, ideal para usar fuera de casa;<\/li>\n<li>Producci\u00f3n: hecho a mano en Suiza, con preocupaci\u00f3n por el medio ambiente y los materiales naturales;<\/li>\n<\/ul>\n<\/div>\n","protected":false},"excerpt":{"rendered":"<p>ElVapman Click es la nueva encarnaci\u00f3n del famoso vaporizador manual suizo, dise\u00f1ado para quienes buscan una experiencia de vapeo refinada,<\/p>\n","protected":false},"featured_media":135286,"comment_status":"open","ping_status":"closed","template":"","meta":[],"product_brand":[],"product_cat":[7908],"product_tag":[],"class_list":{"0":"post-135325","1":"product","2":"type-product","3":"status-publish","4":"has-post-thumbnail","6":"product_cat-vaporizadores","8":"first","9":"instock","10":"sale","11":"taxable","12":"shipping-taxable","13":"purchasable","14":"product-type-simple"},"aioseo_notices":[],"_links":{"self":[{"href":"https:\/\/www.budream.com\/es\/wp-json\/wp\/v2\/product\/135325","targetHints":{"allow":["GET"]}}],"collection":[{"href":"https:\/\/www.budream.com\/es\/wp-json\/wp\/v2\/product"}],"about":[{"href":"https:\/\/www.budream.com\/es\/wp-json\/wp\/v2\/types\/product"}],"replies":[{"embeddable":true,"href":"https:\/\/www.budream.com\/es\/wp-json\/wp\/v2\/comments?post=135325"}],"version-history":[{"count":0,"href":"https:\/\/www.budream.com\/es\/wp-json\/wp\/v2\/product\/135325\/revisions"}],"wp:featuredmedia":[{"embeddable":true,"href":"https:\/\/www.budream.com\/es\/wp-json\/wp\/v2\/media\/135286"}],"wp:attachment":[{"href":"https:\/\/www.budream.com\/es\/wp-json\/wp\/v2\/media?parent=135325"}],"wp:term":[{"taxonomy":"product_brand","embeddable":true,"href":"https:\/\/www.budream.com\/es\/wp-json\/wp\/v2\/product_brand?post=135325"},{"taxonomy":"product_cat","embeddable":true,"href":"https:\/\/www.budream.com\/es\/wp-json\/wp\/v2\/product_cat?post=135325"},{"taxonomy":"product_tag","embeddable":true,"href":"https:\/\/www.budream.com\/es\/wp-json\/wp\/v2\/product_tag?post=135325"}],"curies":[{"name":"wp","href":"https:\/\/api.w.org\/{rel}","templated":true}]}}