{"id":135355,"date":"2025-07-31T02:28:16","date_gmt":"2025-07-31T00:28:16","guid":{"rendered":"https:\/\/www.budream.com\/shop\/vapman-lotus-vaporizador-de-madera-de-olivo\/"},"modified":"2026-01-19T11:56:27","modified_gmt":"2026-01-19T09:56:27","slug":"vapman-lotus-vaporizador-de-madera-de-olivo","status":"publish","type":"product","link":"https:\/\/www.budream.com\/es\/shop\/vapman-lotus-vaporizador-de-madera-de-olivo\/","title":{"rendered":"VAPMAN LOTUS &#8211; VAPORIZADOR DE MADERA DE OLIVO"},"content":{"rendered":"<div style=\"font-family: Verdana, sans-serif;color: #212529\">\n<p><strong>Vapman Lotus Vaporizer Kit Olive <\/strong> es un vaporizador port\u00e1til de dise\u00f1o, fabricado artesanalmente con madera de olivo europeo y acero inoxidable. Basado en la t\u00e9cnica de <em>convecci\u00f3n pura<\/em>, proporciona un flujo de aire fr\u00edo y un calentamiento uniforme para una experiencia arom\u00e1tica e intensa al estilo pipa, pero sin combusti\u00f3n.<\/p>\n<h2 style=\"text-decoration: underline\"><strong>Caracter\u00edsticas principales del Vapman Lotus:<\/strong><\/h2>\n<p>En el coraz\u00f3n del Lotus est\u00e1 el triple paso de aire fr\u00edo a trav\u00e9s de la tapa de madera y las placas de acero, y luego hacia el material reci\u00e9n calentado, proporcionando sabores puros y densas nubes de vapor. Con un encendido de llama a chorro, el vapor se crea en s\u00f3lo 3 segundos, sin pilas ni componentes electr\u00f3nicos, perfecto para aquellos que buscan una experiencia port\u00e1til y sostenible.<\/p>\n<p>La c\u00e1mara de 0,3 g es ideal para sesiones individuales o m\u00e1s largas, mientras que el adaptador y el barril de vidrio de 14 mm tambi\u00e9n permiten su uso con bongs o pipas de agua. El bot\u00f3n magn\u00e9tico integrado tambi\u00e9n sirve como agitador para un calentamiento uniforme entre sesiones.<\/p>\n<h2 style=\"text-decoration: underline\"><strong>Por qu\u00e9 te encantar\u00e1 el Vapman Lotus:<\/strong><\/h2>\n<p>El Kit Vaporizador Lotus te conquista desde el primer uso gracias a su eficiencia de convecci\u00f3n pura, que permite obtener un vapor espeso y arom\u00e1tico sin llegar nunca a la combusti\u00f3n. El calentamiento es inmediato: basta con unos segundos para liberar un vapor intenso y agradable, sin tener que esperar el tiempo de precalentamiento ni preocuparse por la bater\u00eda. La ausencia total de componentes electr\u00f3nicos lo hace fiable y siempre listo para usar, un compa\u00f1ero ideal para quienes buscan independencia y practicidad. El dise\u00f1o artesanal en madera de olivo confiere al dispositivo una est\u00e9tica c\u00e1lida y natural: cada pieza es \u00fanica, como una obra de arte. La compatibilidad con adaptadores de 14 mm tambi\u00e9n permite utilizarlo con pipas de agua, ampliando la experiencia de vapeo. Por \u00faltimo, el control manual de la llama proporciona una interacci\u00f3n aut\u00e9ntica y consciente con el dispositivo, para una sesi\u00f3n verdaderamente personal.<\/p>\n<p>Incorpore el Kit Vaporizador Lotus &#8211; Madera de Olivo a su kit: d\u00e9jese sorprender por el poder de la convecci\u00f3n pura, en un objeto que combina artesan\u00eda tradicional y rendimiento moderno.<\/p>\n<h2 style=\"text-decoration: underline\"><strong>Contenido del kit y detalles t\u00e9cnicos:<\/strong><\/h2>\n<ul style=\"list-style-type: disc\">\n<li>Incluye: tapa de madera de olivo, c\u00e1mara de acero de 14 mm, barril de vidrio, adaptador, embudo para concentrados;<\/li>\n<li>Capacidad de vapor: hasta 0,3 g de hierbas o concentrados;<\/li>\n<li>Materiales: madera de olivo, acero inoxidable, vidrio de borosilicato;<\/li>\n<li>Peso y dimensiones: aprox. 180 g, 160&times;120&times;55 mm;<\/li>\n<li>M\u00e9todo de calentamiento: llama de chorro, sin electr\u00f3nica;<\/li>\n<li>F\u00e1cil mantenimiento: limpieza con algod\u00f3n-fioc o cepillo, piezas de repuesto disponibles;<\/li>\n<\/ul>\n<\/div>\n","protected":false},"excerpt":{"rendered":"<p>Vapman Lotus Vaporizer Kit Olive es un vaporizador port\u00e1til de dise\u00f1o, fabricado artesanalmente con madera de olivo europeo y acero<\/p>\n","protected":false},"featured_media":135331,"comment_status":"open","ping_status":"closed","template":"","meta":[],"product_brand":[],"product_cat":[7908],"product_tag":[],"class_list":{"0":"post-135355","1":"product","2":"type-product","3":"status-publish","4":"has-post-thumbnail","6":"product_cat-vaporizadores","8":"first","9":"instock","10":"sale","11":"taxable","12":"shipping-taxable","13":"purchasable","14":"product-type-simple"},"aioseo_notices":[],"_links":{"self":[{"href":"https:\/\/www.budream.com\/es\/wp-json\/wp\/v2\/product\/135355","targetHints":{"allow":["GET"]}}],"collection":[{"href":"https:\/\/www.budream.com\/es\/wp-json\/wp\/v2\/product"}],"about":[{"href":"https:\/\/www.budream.com\/es\/wp-json\/wp\/v2\/types\/product"}],"replies":[{"embeddable":true,"href":"https:\/\/www.budream.com\/es\/wp-json\/wp\/v2\/comments?post=135355"}],"version-history":[{"count":0,"href":"https:\/\/www.budream.com\/es\/wp-json\/wp\/v2\/product\/135355\/revisions"}],"wp:featuredmedia":[{"embeddable":true,"href":"https:\/\/www.budream.com\/es\/wp-json\/wp\/v2\/media\/135331"}],"wp:attachment":[{"href":"https:\/\/www.budream.com\/es\/wp-json\/wp\/v2\/media?parent=135355"}],"wp:term":[{"taxonomy":"product_brand","embeddable":true,"href":"https:\/\/www.budream.com\/es\/wp-json\/wp\/v2\/product_brand?post=135355"},{"taxonomy":"product_cat","embeddable":true,"href":"https:\/\/www.budream.com\/es\/wp-json\/wp\/v2\/product_cat?post=135355"},{"taxonomy":"product_tag","embeddable":true,"href":"https:\/\/www.budream.com\/es\/wp-json\/wp\/v2\/product_tag?post=135355"}],"curies":[{"name":"wp","href":"https:\/\/api.w.org\/{rel}","templated":true}]}}