{"id":135410,"date":"2025-07-31T02:30:30","date_gmt":"2025-07-31T00:30:30","guid":{"rendered":"https:\/\/www.budream.com\/shop\/weedlez-filtros-de-carbono-activo-big-flow-o-7mm-250pcs\/"},"modified":"2026-03-26T18:13:13","modified_gmt":"2026-03-26T16:13:13","slug":"weedlez-filtros-de-carbono-activo-big-flow-o-7mm-250pcs","status":"publish","type":"product","link":"https:\/\/www.budream.com\/es\/shop\/weedlez-filtros-de-carbono-activo-big-flow-o-7mm-250pcs\/","title":{"rendered":"WEEDLEZ &#8211; FILTROS DE CARBONO ACTIVO | BIG FLOW \u00d8 7mm &#8211; 250pcs."},"content":{"rendered":"<p>Los nuevos filtros de carb\u00f3n activo premium <strong>Weedlez<\/strong> FILTER \u00a1ahora disponibles en un tama\u00f1o m\u00e1s grande que nunca! Con nuestra \u00faltima incorporaci\u00f3n a la l\u00ednea, queremos ofrecerle una experiencia a\u00fan m\u00e1s satisfactoria adaptada a sus necesidades de cultivo. <br \/>El nuevo y generoso tama\u00f1o no s\u00f3lo aumenta la capacidad, sino tambi\u00e9n la eficacia y versatilidad de nuestro producto, convirti\u00e9ndolo en la opci\u00f3n ideal para quienes buscan un rendimiento superior y una comodidad sin concesiones.<\/p>\n<p><strong>\u00a1NUEVO TAMA\u00d1O DE 7 MM DE DI\u00c1METRO !<\/strong><\/p>\n<h2><span style=\"text-decoration: underline\"><strong>Las ventajas del filtro de carb\u00f3n activo Weedlez FILTER premium de 7 mm de di\u00e1metro:<\/strong><\/span><\/h2>\n<ul style=\"list-style-type: disc\">\n<li>Rodar es m\u00e1s f\u00e1cil<\/li>\n<li>Mejor agarre<\/li>\n<li>No se sobrecalienta<\/li>\n<li>No le afectan las fluctuaciones de temperatura externas<\/li>\n<li>Dise\u00f1ado para el placer de compartir<\/li>\n<\/ul>\n","protected":false},"excerpt":{"rendered":"<p>Los nuevos filtros de carb\u00f3n activo premium Weedlez FILTER \u00a1ahora disponibles en un tama\u00f1o m\u00e1s grande que nunca! Con nuestra<\/p>\n","protected":false},"featured_media":135406,"comment_status":"open","ping_status":"closed","template":"","meta":[],"product_brand":[],"product_cat":[7948],"product_tag":[],"class_list":{"0":"post-135410","1":"product","2":"type-product","3":"status-publish","4":"has-post-thumbnail","6":"product_cat-headshop-es","8":"first","9":"instock","10":"taxable","11":"shipping-taxable","12":"purchasable","13":"product-type-simple"},"aioseo_notices":[],"_links":{"self":[{"href":"https:\/\/www.budream.com\/es\/wp-json\/wp\/v2\/product\/135410","targetHints":{"allow":["GET"]}}],"collection":[{"href":"https:\/\/www.budream.com\/es\/wp-json\/wp\/v2\/product"}],"about":[{"href":"https:\/\/www.budream.com\/es\/wp-json\/wp\/v2\/types\/product"}],"replies":[{"embeddable":true,"href":"https:\/\/www.budream.com\/es\/wp-json\/wp\/v2\/comments?post=135410"}],"wp:featuredmedia":[{"embeddable":true,"href":"https:\/\/www.budream.com\/es\/wp-json\/wp\/v2\/media\/135406"}],"wp:attachment":[{"href":"https:\/\/www.budream.com\/es\/wp-json\/wp\/v2\/media?parent=135410"}],"wp:term":[{"taxonomy":"product_brand","embeddable":true,"href":"https:\/\/www.budream.com\/es\/wp-json\/wp\/v2\/product_brand?post=135410"},{"taxonomy":"product_cat","embeddable":true,"href":"https:\/\/www.budream.com\/es\/wp-json\/wp\/v2\/product_cat?post=135410"},{"taxonomy":"product_tag","embeddable":true,"href":"https:\/\/www.budream.com\/es\/wp-json\/wp\/v2\/product_tag?post=135410"}],"curies":[{"name":"wp","href":"https:\/\/api.w.org\/{rel}","templated":true}]}}