{"id":135430,"date":"2025-07-31T02:31:01","date_gmt":"2025-07-31T00:31:01","guid":{"rendered":"https:\/\/www.budream.com\/shop\/storzbickel-estuche-de-viaje-para-venty\/"},"modified":"2026-04-24T15:17:45","modified_gmt":"2026-04-24T13:17:45","slug":"storzbickel-estuche-de-viaje-para-venty","status":"publish","type":"product","link":"https:\/\/www.budream.com\/es\/shop\/storzbickel-estuche-de-viaje-para-venty\/","title":{"rendered":"STORZ&amp;BICKEL &#8211; ESTUCHE DE VIAJE PARA VENTY"},"content":{"rendered":"<p>Estuche de viaje r\u00edgido a prueba de olores para tu Venty. Lleva tu Crafty siempre contigo de forma segura. Gracias al estuche r\u00edgido, tu dispositivo estar\u00e1 \u00f3ptimamente protegido. <\/p>\n<p><strong>VAPORIZADOR NO INCLUIDO<\/strong><\/p>\n<h2><span style=\"text-decoration: underline\">Storz &amp; Bickel &#8211; el estuche de viaje incluye:<\/span><\/h2>\n<ul style=\"list-style-type: disc\">\n<li>Estuche de viaje r\u00edgido para Venty;<\/li>\n<\/ul>\n","protected":false},"excerpt":{"rendered":"<p>Estuche de viaje r\u00edgido a prueba de olores para tu Venty. Lleva tu Crafty siempre contigo de forma segura. Gracias<\/p>\n","protected":false},"featured_media":135416,"comment_status":"open","ping_status":"closed","template":"","meta":[],"product_brand":[],"product_cat":[7908],"product_tag":[],"class_list":{"0":"post-135430","1":"product","2":"type-product","3":"status-publish","4":"has-post-thumbnail","6":"product_cat-vaporizadores","8":"first","9":"instock","10":"sale","11":"taxable","12":"shipping-taxable","13":"purchasable","14":"product-type-simple"},"aioseo_notices":[],"_links":{"self":[{"href":"https:\/\/www.budream.com\/es\/wp-json\/wp\/v2\/product\/135430","targetHints":{"allow":["GET"]}}],"collection":[{"href":"https:\/\/www.budream.com\/es\/wp-json\/wp\/v2\/product"}],"about":[{"href":"https:\/\/www.budream.com\/es\/wp-json\/wp\/v2\/types\/product"}],"replies":[{"embeddable":true,"href":"https:\/\/www.budream.com\/es\/wp-json\/wp\/v2\/comments?post=135430"}],"version-history":[{"count":1,"href":"https:\/\/www.budream.com\/es\/wp-json\/wp\/v2\/product\/135430\/revisions"}],"predecessor-version":[{"id":264723,"href":"https:\/\/www.budream.com\/es\/wp-json\/wp\/v2\/product\/135430\/revisions\/264723"}],"wp:featuredmedia":[{"embeddable":true,"href":"https:\/\/www.budream.com\/es\/wp-json\/wp\/v2\/media\/135416"}],"wp:attachment":[{"href":"https:\/\/www.budream.com\/es\/wp-json\/wp\/v2\/media?parent=135430"}],"wp:term":[{"taxonomy":"product_brand","embeddable":true,"href":"https:\/\/www.budream.com\/es\/wp-json\/wp\/v2\/product_brand?post=135430"},{"taxonomy":"product_cat","embeddable":true,"href":"https:\/\/www.budream.com\/es\/wp-json\/wp\/v2\/product_cat?post=135430"},{"taxonomy":"product_tag","embeddable":true,"href":"https:\/\/www.budream.com\/es\/wp-json\/wp\/v2\/product_tag?post=135430"}],"curies":[{"name":"wp","href":"https:\/\/api.w.org\/{rel}","templated":true}]}}