{"id":135445,"date":"2025-07-31T02:31:30","date_gmt":"2025-07-31T00:31:30","guid":{"rendered":"https:\/\/www.budream.com\/shop\/ueber-trampa-biologica-de-feromonas-para-popillia-japonica-o-escarabajo-japones\/"},"modified":"2025-10-14T22:04:55","modified_gmt":"2025-10-14T20:04:55","slug":"ueber-trampa-biologica-de-feromonas-para-popillia-japonica-o-escarabajo-japones","status":"publish","type":"product","link":"https:\/\/www.budream.com\/es\/shop\/ueber-trampa-biologica-de-feromonas-para-popillia-japonica-o-escarabajo-japones\/","title":{"rendered":"UEBER &#8211; TRAMPA BIOL\u00d3GICA DE FEROMONAS PARA POPILLIA JAPONICA O ESCARABAJO JAPON\u00c9S"},"content":{"rendered":"<p>El Popillia <strong>japonica<\/strong> Newman (Popillia o escarabajo japon\u00e9s) es un escarabajo extremadamente pol\u00edfago que causa enormes p\u00e9rdidas econ\u00f3micas y requiere elevados costes de contenci\u00f3n.<\/p>\n<p>Los adultos miden unos 10 mm de longitud y tienen el <strong>cuerpo verde met\u00e1lico<\/strong> con \u00e9litros de color cobre. Las larvas son blanquecinas, curvadas en forma de \u00abC\u00bb, y viven en el suelo aliment\u00e1ndose de las ra\u00edces.<\/p>\n<p>Las larvas atacan las ra\u00edces de las plantas herb\u00e1ceas y del c\u00e9sped, causando <strong>da\u00f1os a los cultivos agr\u00edcolas<\/strong> y al c\u00e9sped.<\/p>\n<p>Los adultos, por su parte, se alimentan de flores, hojas y frutos de m\u00e1s de 300 especies de plantas, dejando unas caracter\u00edsticas<strong> erosiones \u00abreticuladas<\/strong> \u00bb en las l\u00e1minas de las hojas. <\/p>\n<h2 data-start=\"1884\" data-end=\"1906\"><span style=\"text-decoration: underline\"><strong data-start=\"1888\" data-end=\"1906\">Colocaci\u00f3n de trampas para Popillia japonica<\/strong><\/span><\/h2>\n<p data-start=\"1907\" data-end=\"2158\">Para ser m\u00e1s eficaz, la trampa debe colocarse<strong> a no menos de 3 metros a sotavento<\/strong> de las plantas que se desea proteger para interceptar a los escarabajos que se dirigen hacia ella. No coloque la trampa sobre la planta o cerca de ella, ya que atraer\u00e1 m\u00e1s escarabajos hacia el follaje. La altura \u00f3ptima de colocaci\u00f3n es de 1 metro aproximadamente.<\/p>\n<h2 data-start=\"2165\" data-end=\"2185\"><span style=\"text-decoration: underline\"><strong data-start=\"2169\" data-end=\"2185\">Mantenimiento de la <\/strong><strong data-start=\"1888\" data-end=\"1906\">trampa para Popillia japonica<\/strong><\/span><\/h2>\n<p data-start=\"2186\" data-end=\"2560\">Durante el periodo de actividad del insecto<strong>(de junio a septiembre<\/strong>) es aconsejable revisar las trampas con regularidad y vaciar el recipiente antes de que est\u00e9 completamente lleno. La bolsa de recogida puede sustituirse o vaciarse con cuidado. Para aumentar la eficacia, limpie peri\u00f3dicamente la trampa de cualquier residuo y sustituya el cebo cada 4-6 semanas.<\/p>\n<h3 data-start=\"2567\" data-end=\"2583\"> <\/h3>\n","protected":false},"excerpt":{"rendered":"<p>El Popillia japonica Newman (Popillia o escarabajo japon\u00e9s) es un escarabajo extremadamente pol\u00edfago que causa enormes p\u00e9rdidas econ\u00f3micas y requiere<\/p>\n","protected":false},"featured_media":135436,"comment_status":"open","ping_status":"closed","template":"","meta":[],"product_brand":[],"product_cat":[7930],"product_tag":[],"class_list":{"0":"post-135445","1":"product","2":"type-product","3":"status-publish","4":"has-post-thumbnail","6":"product_cat-antiparasitarios-y-defensa","8":"first","9":"instock","10":"taxable","11":"shipping-taxable","12":"purchasable","13":"product-type-simple"},"aioseo_notices":[],"_links":{"self":[{"href":"https:\/\/www.budream.com\/es\/wp-json\/wp\/v2\/product\/135445","targetHints":{"allow":["GET"]}}],"collection":[{"href":"https:\/\/www.budream.com\/es\/wp-json\/wp\/v2\/product"}],"about":[{"href":"https:\/\/www.budream.com\/es\/wp-json\/wp\/v2\/types\/product"}],"replies":[{"embeddable":true,"href":"https:\/\/www.budream.com\/es\/wp-json\/wp\/v2\/comments?post=135445"}],"version-history":[{"count":0,"href":"https:\/\/www.budream.com\/es\/wp-json\/wp\/v2\/product\/135445\/revisions"}],"wp:featuredmedia":[{"embeddable":true,"href":"https:\/\/www.budream.com\/es\/wp-json\/wp\/v2\/media\/135436"}],"wp:attachment":[{"href":"https:\/\/www.budream.com\/es\/wp-json\/wp\/v2\/media?parent=135445"}],"wp:term":[{"taxonomy":"product_brand","embeddable":true,"href":"https:\/\/www.budream.com\/es\/wp-json\/wp\/v2\/product_brand?post=135445"},{"taxonomy":"product_cat","embeddable":true,"href":"https:\/\/www.budream.com\/es\/wp-json\/wp\/v2\/product_cat?post=135445"},{"taxonomy":"product_tag","embeddable":true,"href":"https:\/\/www.budream.com\/es\/wp-json\/wp\/v2\/product_tag?post=135445"}],"curies":[{"name":"wp","href":"https:\/\/api.w.org\/{rel}","templated":true}]}}